{"id":21875,"date":"2026-02-20T17:30:26","date_gmt":"2026-02-20T16:30:26","guid":{"rendered":"https:\/\/resarquitectura.blogs.upv.es\/?page_id=21875"},"modified":"2026-02-20T17:30:27","modified_gmt":"2026-02-20T16:30:27","slug":"proyecto-de-restauracion-de-la-torreta-del-castillo-de-jerica-2-2-3-5-2-11","status":"publish","type":"page","link":"https:\/\/resarquitectura.blogs.upv.es\/?page_id=21875","title":{"rendered":"Proyecto de reparaci\u00f3n de urgencia en el convento de San Jos\u00e9 de las carmelitas descalzas de Caravaca (Murcia)"},"content":{"rendered":"<p><\/p>\n<p style=\"text-align: justify\"><strong>A\u00f1o:&nbsp;<\/strong>2022<\/p>\n<p style=\"text-align: justify\"><strong>Emplazamiento:<\/strong> Caravaca de la Cruz (Murcia)<\/p>\n<p style=\"text-align: justify\"><strong>Promotor:<\/strong> Consejer\u00eda de Presidencia, Turismo y Deportes, a trav\u00e9s del Instituto de Turismo de la Regi\u00f3n de Murcia.<\/p>\n<p style=\"text-align: justify\"><strong>Arquitectos:<\/strong>&nbsp;Camilla Mileto y Fernando Vegas<\/p>\n<p style=\"text-align: justify\"><strong>Colaboradores: <\/strong>Francisco Sandoval G\u00f3mez, Alicia Hueto Escobar, Beatriz Mart\u00edn Peinado, Adolfo Alonso Dur\u00e1, Santiago Tormo Esteve, Eduardo Lama-Ossorio Blanch, Stefania Farina, Francesca Trizio, Salvador Tom\u00e1s M\u00e1rquez<\/p>\nngg_shortcode_0_placeholder\n<p><a href=\"http:\/\/resarquitectura.blogs.upv.es\/?page_id=92\">Volver<\/a><\/p>","protected":false},"excerpt":{"rendered":"<p class=\"excerpt\">A\u00f1o:&nbsp;2022 Emplazamiento: Caravaca de la Cruz (Murcia) Promotor: Consejer\u00eda de Presidencia, Turismo y Deportes, a trav\u00e9s del Instituto de Turismo de la Regi\u00f3n de Murcia. Arquitectos:&nbsp;Camilla Mileto y Fernando Vegas Colaboradores: Francisco Sandoval G\u00f3mez, Alicia Hueto Escobar, Beatriz Mart\u00edn Peinado, Adolfo Alonso Dur\u00e1, Santiago Tormo Esteve, Eduardo Lama-Ossorio Blanch, Stefania Farina, Francesca Trizio, Salvador Tom\u00e1s M\u00e1rquez Volver<\/p>\n<p class=\"more-link-p\"><a class=\"btn btn-default\" href=\"https:\/\/resarquitectura.blogs.upv.es\/?page_id=21875\">Read more<\/a><\/p>\n","protected":false},"author":26148,"featured_media":0,"parent":0,"menu_order":0,"comment_status":"closed","ping_status":"closed","template":"","meta":{"ngg_post_thumbnail":0,"footnotes":""},"class_list":["post-21875","page","type-page","status-publish","hentry"],"aioseo_notices":[],"_links":{"self":[{"href":"https:\/\/resarquitectura.blogs.upv.es\/index.php?rest_route=\/wp\/v2\/pages\/21875","targetHints":{"allow":["GET"]}}],"collection":[{"href":"https:\/\/resarquitectura.blogs.upv.es\/index.php?rest_route=\/wp\/v2\/pages"}],"about":[{"href":"https:\/\/resarquitectura.blogs.upv.es\/index.php?rest_route=\/wp\/v2\/types\/page"}],"author":[{"embeddable":true,"href":"https:\/\/resarquitectura.blogs.upv.es\/index.php?rest_route=\/wp\/v2\/users\/26148"}],"replies":[{"embeddable":true,"href":"https:\/\/resarquitectura.blogs.upv.es\/index.php?rest_route=%2Fwp%2Fv2%2Fcomments&post=21875"}],"version-history":[{"count":1,"href":"https:\/\/resarquitectura.blogs.upv.es\/index.php?rest_route=\/wp\/v2\/pages\/21875\/revisions"}],"predecessor-version":[{"id":21876,"href":"https:\/\/resarquitectura.blogs.upv.es\/index.php?rest_route=\/wp\/v2\/pages\/21875\/revisions\/21876"}],"wp:attachment":[{"href":"https:\/\/resarquitectura.blogs.upv.es\/index.php?rest_route=%2Fwp%2Fv2%2Fmedia&parent=21875"}],"curies":[{"name":"wp","href":"https:\/\/api.w.org\/{rel}","templated":true}]}}