{"id":258,"date":"2016-02-11T11:59:24","date_gmt":"2016-02-11T10:59:24","guid":{"rendered":"http:\/\/resarquitectura.blogs.upv.es\/?page_id=258"},"modified":"2019-07-01T16:51:27","modified_gmt":"2019-07-01T15:51:27","slug":"la-restauracion-de-la-tapia-en-la-peninsula-iberica","status":"publish","type":"page","link":"https:\/\/resarquitectura.blogs.upv.es\/?page_id=258","title":{"rendered":"La restauraci\u00f3n de la tapia en la Pen\u00ednsula Ib\u00e9rica"},"content":{"rendered":"<p><img loading=\"lazy\" decoding=\"async\" class=\"size-full wp-image-261 alignleft\" src=\"http:\/\/resarquitectura.blogs.upv.es\/wp-content\/uploads\/2016\/02\/La-restauraci\u00f3n-de-la-tapia-en-la-Pen\u00ednsula-Ib\u00e9rica-low.jpg\" alt=\"Sin t\u00edtulo-1\" width=\"366\" height=\"472\" srcset=\"https:\/\/resarquitectura.blogs.upv.es\/wp-content\/uploads\/2016\/02\/La-restauraci\u00f3n-de-la-tapia-en-la-Pen\u00ednsula-Ib\u00e9rica-low.jpg 366w, https:\/\/resarquitectura.blogs.upv.es\/wp-content\/uploads\/2016\/02\/La-restauraci\u00f3n-de-la-tapia-en-la-Pen\u00ednsula-Ib\u00e9rica-low-233x300.jpg 233w\" sizes=\"auto, (max-width: 366px) 100vw, 366px\" \/><\/p>\n<p style=\"text-align: justify\"><strong>T\u00edtulo completo:&nbsp;<\/strong>La restauraci\u00f3n de la tapia en la Pen\u00ednsula Ib\u00e9rica. Criterios, t\u00e9cnicas, resultados y perspectivas<\/p>\n<p style=\"text-align: justify\"><strong>Autores:<\/strong>&nbsp;AA. VV.<\/p>\n<p style=\"text-align: justify\"><strong>Editores:&nbsp;<\/strong>Camilla Mileto y Fernando Vegas<\/p>\n<p style=\"text-align: justify\"><strong>A\u00f1o<\/strong><strong>:&nbsp;<\/strong>2014<\/p>\n<p style=\"text-align: justify\"><strong>Edita: <\/strong>Argumentum |<strong>&nbsp;<\/strong>TC Cuadernos<\/p>\n<p style=\"text-align: justify\"><strong>ISBN:&nbsp;<\/strong>978-972-8479-83-1<\/p>\n<p><a href=\"http:\/\/resarquitectura.blogs.upv.es\/wp-content\/uploads\/2019\/07\/La-restauraci\u00f3n-de-la-tapia-en-la-Pen\u00ednsula-Ib\u00e9rica.pdf\">Descargar&nbsp;<\/a><\/p>\n<p><a href=\"http:\/\/www.tccuadernos.com\/patrimonio-rehabilitacion\/330-restauracion-tapia-peninsula.html?search_query=la+restauracion+de+la+arquitectura+de+tapia&amp;results=2\" target=\"_blank\" rel=\"noopener noreferrer\">Editorial y compra<\/a><\/p>\n<p><a href=\"http:\/\/resarquitectura.blogs.upv.es\/?page_id=120\">Volver<\/a><\/p>","protected":false},"excerpt":{"rendered":"<p class=\"excerpt\">T\u00edtulo completo:&nbsp;La restauraci\u00f3n de la tapia en la Pen\u00ednsula Ib\u00e9rica. Criterios, t\u00e9cnicas, resultados y perspectivas Autores:&nbsp;AA. VV. Editores:&nbsp;Camilla Mileto y Fernando Vegas A\u00f1o:&nbsp;2014 Edita: Argumentum |&nbsp;TC Cuadernos ISBN:&nbsp;978-972-8479-83-1 Descargar&nbsp; Editorial y compra Volver<\/p>\n<p class=\"more-link-p\"><a class=\"btn btn-default\" href=\"https:\/\/resarquitectura.blogs.upv.es\/?page_id=258\">Read more<\/a><\/p>\n","protected":false},"author":5990,"featured_media":0,"parent":0,"menu_order":0,"comment_status":"closed","ping_status":"closed","template":"","meta":{"ngg_post_thumbnail":0,"footnotes":""},"class_list":["post-258","page","type-page","status-publish","hentry"],"aioseo_notices":[],"_links":{"self":[{"href":"https:\/\/resarquitectura.blogs.upv.es\/index.php?rest_route=\/wp\/v2\/pages\/258","targetHints":{"allow":["GET"]}}],"collection":[{"href":"https:\/\/resarquitectura.blogs.upv.es\/index.php?rest_route=\/wp\/v2\/pages"}],"about":[{"href":"https:\/\/resarquitectura.blogs.upv.es\/index.php?rest_route=\/wp\/v2\/types\/page"}],"author":[{"embeddable":true,"href":"https:\/\/resarquitectura.blogs.upv.es\/index.php?rest_route=\/wp\/v2\/users\/5990"}],"replies":[{"embeddable":true,"href":"https:\/\/resarquitectura.blogs.upv.es\/index.php?rest_route=%2Fwp%2Fv2%2Fcomments&post=258"}],"version-history":[{"count":0,"href":"https:\/\/resarquitectura.blogs.upv.es\/index.php?rest_route=\/wp\/v2\/pages\/258\/revisions"}],"wp:attachment":[{"href":"https:\/\/resarquitectura.blogs.upv.es\/index.php?rest_route=%2Fwp%2Fv2%2Fmedia&parent=258"}],"curies":[{"name":"wp","href":"https:\/\/api.w.org\/{rel}","templated":true}]}}