{"id":280,"date":"2016-02-11T12:12:08","date_gmt":"2016-02-11T11:12:08","guid":{"rendered":"http:\/\/resarquitectura.blogs.upv.es\/?page_id=280"},"modified":"2025-04-12T12:40:29","modified_gmt":"2025-04-12T11:40:29","slug":"seminarios","status":"publish","type":"page","link":"https:\/\/resarquitectura.blogs.upv.es\/?page_id=280","title":{"rendered":"Seminarios organizados"},"content":{"rendered":"<p><\/p>\n<p><img loading=\"lazy\" decoding=\"async\" class=\"wp-image-21476 size-thumbnail alignleft\" src=\"http:\/\/resarquitectura.blogs.upv.es\/wp-content\/uploads\/2025\/04\/465776675_17931339143950601_4520581737194438090_n-150x150.jpg\" alt=\"\" width=\"150\" height=\"150\" srcset=\"https:\/\/resarquitectura.blogs.upv.es\/wp-content\/uploads\/2025\/04\/465776675_17931339143950601_4520581737194438090_n-150x150.jpg 150w, https:\/\/resarquitectura.blogs.upv.es\/wp-content\/uploads\/2025\/04\/465776675_17931339143950601_4520581737194438090_n-300x300.jpg 300w\" sizes=\"auto, (max-width: 150px) 100vw, 150px\" \/><\/p>\n<p><strong>Valores y riesgos de los asentamientos hist\u00f3ricos: del patrimonio de la humanidad al patrimonio rural<\/strong><\/p>\n<p>19-21 octubre de 2023<\/p>\n<p>&nbsp;<\/p>\n<p>&nbsp;<\/p>\n<p>&nbsp;<\/p>\n<p><img loading=\"lazy\" decoding=\"async\" class=\"wp-image-20424 size-thumbnail alignleft\" src=\"http:\/\/resarquitectura.blogs.upv.es\/wp-content\/uploads\/2022\/12\/U0924236-150x150.jpg\" alt=\"\" width=\"150\" height=\"150\" srcset=\"https:\/\/resarquitectura.blogs.upv.es\/wp-content\/uploads\/2022\/12\/U0924236-150x150.jpg 150w, https:\/\/resarquitectura.blogs.upv.es\/wp-content\/uploads\/2022\/12\/U0924236-300x300.jpg 300w\" sizes=\"auto, (max-width: 150px) 100vw, 150px\" \/><\/p>\n<p><strong>La arquitectura vern\u00e1cula: patrimonio material e inmaterial<\/strong><\/p>\n<p>20-22 octubre de 2022<\/p>\n<p>&nbsp;<\/p>\n<p>&nbsp;<\/p>\n<p>&nbsp;<\/p>\n<p>&nbsp;<\/p>\n<p><a href=\"http:\/\/resarquitectura.blogs.upv.es\/wp-content\/uploads\/2021\/12\/valores-seminario-scaled.jpg\"><img loading=\"lazy\" decoding=\"async\" class=\"alignleft wp-image-19683 size-thumbnail\" src=\"http:\/\/resarquitectura.blogs.upv.es\/wp-content\/uploads\/2021\/12\/valores-seminario-150x150.jpg\" alt=\"\" width=\"150\" height=\"150\" srcset=\"https:\/\/resarquitectura.blogs.upv.es\/wp-content\/uploads\/2021\/12\/valores-seminario-150x150.jpg 150w, https:\/\/resarquitectura.blogs.upv.es\/wp-content\/uploads\/2021\/12\/valores-seminario-300x300.jpg 300w\" sizes=\"auto, (max-width: 150px) 100vw, 150px\" \/><\/a><\/p>\n<p><strong>Valores, riesgos y restauraci\u00f3n de la arquitectura tradicional. De la arquitectura dom\u00e9stica urbana a la rural<\/strong><\/p>\n<p>21-23 octubre de 2021<\/p>\n<p>&nbsp;<\/p>\n<p>&nbsp;<\/p>\n<p>&nbsp;<\/p>\n<p><a href=\"http:\/\/resarquitectura.blogs.upv.es\/wp-content\/uploads\/2021\/12\/patrimonio-presente-scaled-e1639567653281.jpg\"><img loading=\"lazy\" decoding=\"async\" class=\"alignleft wp-image-19681 size-thumbnail\" src=\"http:\/\/resarquitectura.blogs.upv.es\/wp-content\/uploads\/2021\/12\/patrimonio-presente-scaled-e1639567653281-150x150.jpg\" alt=\"\" width=\"150\" height=\"150\" srcset=\"https:\/\/resarquitectura.blogs.upv.es\/wp-content\/uploads\/2021\/12\/patrimonio-presente-scaled-e1639567653281-150x150.jpg 150w, https:\/\/resarquitectura.blogs.upv.es\/wp-content\/uploads\/2021\/12\/patrimonio-presente-scaled-e1639567653281-300x300.jpg 300w\" sizes=\"auto, (max-width: 150px) 100vw, 150px\" \/><\/a><\/p>\n<p><strong>Patrimonio Arquitect\u00f3nico: presente, pasado y futuro<\/strong><\/p>\n<p>19-21 noviembre de 2020<\/p>\n<p>&nbsp;<\/p>\n<p>&nbsp;<\/p>\n<p>&nbsp;<\/p>\n<p>&nbsp;<\/p>\n<p><a href=\"http:\/\/resarquitectura.blogs.upv.es\/wp-content\/uploads\/2020\/07\/Estudios-previos-a-la-restauracion-en-el-siglo-XXI-1-scaled.jpg\"><img loading=\"lazy\" decoding=\"async\" class=\"wp-image-15232 size-thumbnail alignleft\" src=\"http:\/\/resarquitectura.blogs.upv.es\/wp-content\/uploads\/2020\/07\/Estudios-previos-a-la-restauracion-en-el-siglo-XXI-scaled-e1594226182971-150x150.jpg\" alt=\"\" width=\"150\" height=\"150\" srcset=\"https:\/\/resarquitectura.blogs.upv.es\/wp-content\/uploads\/2020\/07\/Estudios-previos-a-la-restauracion-en-el-siglo-XXI-scaled-e1594226182971-150x150.jpg 150w, https:\/\/resarquitectura.blogs.upv.es\/wp-content\/uploads\/2020\/07\/Estudios-previos-a-la-restauracion-en-el-siglo-XXI-scaled-e1594226182971-300x300.jpg 300w, https:\/\/resarquitectura.blogs.upv.es\/wp-content\/uploads\/2020\/07\/Estudios-previos-a-la-restauracion-en-el-siglo-XXI-scaled-e1594226182971-1024x1024.jpg 1024w, https:\/\/resarquitectura.blogs.upv.es\/wp-content\/uploads\/2020\/07\/Estudios-previos-a-la-restauracion-en-el-siglo-XXI-scaled-e1594226182971-768x768.jpg 768w, https:\/\/resarquitectura.blogs.upv.es\/wp-content\/uploads\/2020\/07\/Estudios-previos-a-la-restauracion-en-el-siglo-XXI-scaled-e1594226182971-1536x1536.jpg 1536w, https:\/\/resarquitectura.blogs.upv.es\/wp-content\/uploads\/2020\/07\/Estudios-previos-a-la-restauracion-en-el-siglo-XXI-scaled-e1594226182971.jpg 1811w\" sizes=\"auto, (max-width: 150px) 100vw, 150px\" \/><\/a><\/p>\n<p><strong>Estudios previos a la restauraci\u00f3n en el siglo XXI: del patrimonio antiguo al contempor\u00e1neo<\/strong><\/p>\n<p>24-26 octubre de 2019<\/p>\n<p>&nbsp;<\/p>\n<p>&nbsp;<\/p>\n<p>&nbsp;<\/p>\n<p><a href=\"http:\/\/resarquitectura.blogs.upv.es\/wp-content\/uploads\/2020\/07\/Los-planes-directores-como-herramienta-de-gesti\u00f3n-1.jpg\"><img loading=\"lazy\" decoding=\"async\" class=\"alignleft wp-image-14983 size-thumbnail\" src=\"http:\/\/resarquitectura.blogs.upv.es\/wp-content\/uploads\/2020\/07\/Los-planes-directores-como-herramienta-de-gesti\u00f3n-e1594133670941-150x150.jpg\" alt=\"\" width=\"150\" height=\"150\" srcset=\"https:\/\/resarquitectura.blogs.upv.es\/wp-content\/uploads\/2020\/07\/Los-planes-directores-como-herramienta-de-gesti\u00f3n-e1594133670941-150x150.jpg 150w, https:\/\/resarquitectura.blogs.upv.es\/wp-content\/uploads\/2020\/07\/Los-planes-directores-como-herramienta-de-gesti\u00f3n-e1594133670941-300x300.jpg 300w, https:\/\/resarquitectura.blogs.upv.es\/wp-content\/uploads\/2020\/07\/Los-planes-directores-como-herramienta-de-gesti\u00f3n-e1594133670941-1024x1024.jpg 1024w, https:\/\/resarquitectura.blogs.upv.es\/wp-content\/uploads\/2020\/07\/Los-planes-directores-como-herramienta-de-gesti\u00f3n-e1594133670941-768x768.jpg 768w, https:\/\/resarquitectura.blogs.upv.es\/wp-content\/uploads\/2020\/07\/Los-planes-directores-como-herramienta-de-gesti\u00f3n-e1594133670941.jpg 1112w\" sizes=\"auto, (max-width: 150px) 100vw, 150px\" \/><\/a><\/p>\n<p><strong>Los planes directores como herramientas de gesti\u00f3n y conservaci\u00f3n del patrimonio arquitect\u00f3nico<\/strong><\/p>\n<p>15-16 mayo de 2019<\/p>\n<p>&nbsp;<\/p>\n<p>&nbsp;<\/p>\n<p>&nbsp;<\/p>\n<p><a href=\"http:\/\/resarquitectura.blogs.upv.es\/wp-content\/uploads\/2019\/09\/POSTER-SIBT-2018_181113.jpg\"><img loading=\"lazy\" decoding=\"async\" class=\"alignleft size-thumbnail wp-image-13546\" src=\"http:\/\/resarquitectura.blogs.upv.es\/wp-content\/uploads\/2019\/09\/POSTER-SIBT-2018_181113-150x150.jpg\" alt=\"\" width=\"150\" height=\"150\" srcset=\"https:\/\/resarquitectura.blogs.upv.es\/wp-content\/uploads\/2019\/09\/POSTER-SIBT-2018_181113-150x150.jpg 150w, https:\/\/resarquitectura.blogs.upv.es\/wp-content\/uploads\/2019\/09\/POSTER-SIBT-2018_181113-300x300.jpg 300w\" sizes=\"auto, (max-width: 150px) 100vw, 150px\" \/><\/a><\/p>\n<p><strong>II Simposio Internacional de B\u00f3vedas Tabicadas<\/strong><\/p>\n<p>21-24 noviembre de 2018<\/p>\n<p>&nbsp;<\/p>\n<p>&nbsp;<\/p>\n<p>&nbsp;<\/p>\n<p>&nbsp;<\/p>\n<p><a href=\"http:\/\/resarquitectura.blogs.upv.es\/wp-content\/uploads\/2020\/07\/5ED_La-proteccion-de-los-bienes-patrimoniales-scaled.jpg\"><img loading=\"lazy\" decoding=\"async\" class=\"alignleft wp-image-15271 size-thumbnail\" src=\"http:\/\/resarquitectura.blogs.upv.es\/wp-content\/uploads\/2020\/07\/5ED_La-proteccion-de-los-bienes-patrimoniales-150x150.jpg\" alt=\"\" width=\"150\" height=\"150\" srcset=\"https:\/\/resarquitectura.blogs.upv.es\/wp-content\/uploads\/2020\/07\/5ED_La-proteccion-de-los-bienes-patrimoniales-150x150.jpg 150w, https:\/\/resarquitectura.blogs.upv.es\/wp-content\/uploads\/2020\/07\/5ED_La-proteccion-de-los-bienes-patrimoniales-300x300.jpg 300w\" sizes=\"auto, (max-width: 150px) 100vw, 150px\" \/><\/a><\/p>\n<p><strong>La protecci\u00f3n jur\u00eddica de los bienes patrimoniales (5\u00aa edici\u00f3n). Estrategias de gesti\u00f3n y conservaci\u00f3n&nbsp;<\/strong><\/p>\n<p>24-25 mayo de 2018<\/p>\n<p>&nbsp;<\/p>\n<p>&nbsp;<\/p>\n<p>&nbsp;<\/p>\n<p><a href=\"http:\/\/resarquitectura.blogs.upv.es\/wp-content\/uploads\/2017\/11\/Seminario-3DPast_cartel_low.jpg\" target=\"_blank\" rel=\"noopener noreferrer\"><img loading=\"lazy\" decoding=\"async\" class=\"alignleft wp-image-5048 size-thumbnail\" src=\"http:\/\/resarquitectura.blogs.upv.es\/wp-content\/uploads\/2017\/11\/Seminario-3DPast_cartel_low-150x150.jpg\" alt=\"\" width=\"150\" height=\"150\" srcset=\"https:\/\/resarquitectura.blogs.upv.es\/wp-content\/uploads\/2017\/11\/Seminario-3DPast_cartel_low-150x150.jpg 150w, https:\/\/resarquitectura.blogs.upv.es\/wp-content\/uploads\/2017\/11\/Seminario-3DPast_cartel_low-300x300.jpg 300w\" sizes=\"auto, (max-width: 150px) 100vw, 150px\" \/><\/a><\/p>\n<p><strong>De patrimonio vern\u00e1culo a Patrimonio de la Humanidad: II seminario 3D Past<\/strong><\/p>\n<p>23-25 noviembre 2017<\/p>\n<p>&nbsp;<\/p>\n<p>&nbsp;<\/p>\n<p>&nbsp;<\/p>\n<p><a href=\"http:\/\/resarquitectura.blogs.upv.es\/wp-content\/uploads\/2016\/02\/2016-Arq-tradicional-a-examen.jpg\" target=\"_blank\" rel=\"noopener noreferrer\"><img loading=\"lazy\" decoding=\"async\" class=\"wp-image-4844 alignleft\" src=\"http:\/\/resarquitectura.blogs.upv.es\/wp-content\/uploads\/2016\/02\/2016-Arq-tradicional-a-examen-150x150.jpg\" width=\"150\" height=\"150\" srcset=\"https:\/\/resarquitectura.blogs.upv.es\/wp-content\/uploads\/2016\/02\/2016-Arq-tradicional-a-examen-150x150.jpg 150w, https:\/\/resarquitectura.blogs.upv.es\/wp-content\/uploads\/2016\/02\/2016-Arq-tradicional-a-examen-300x300.jpg 300w\" sizes=\"auto, (max-width: 150px) 100vw, 150px\" \/><\/a><\/p>\n<p><strong>La arquitectura tradicional a examen: Conservaci\u00f3n, sostenibilidad, bioconstrucci\u00f3n y futuro<\/strong><\/p>\n<p>24-26 noviembre 2016<\/p>\n<p>&nbsp;<\/p>\n<p>&nbsp;<\/p>\n<p>&nbsp;<\/p>\n<p><a href=\"http:\/\/resarquitectura.blogs.upv.es\/wp-content\/uploads\/2016\/02\/La-restauraci\u00f3n-de-la-arq-de-tierra.jpg\" target=\"_blank\" rel=\"noopener noreferrer\"><img loading=\"lazy\" decoding=\"async\" class=\"alignleft wp-image-671 size-thumbnail\" src=\"http:\/\/resarquitectura.blogs.upv.es\/wp-content\/uploads\/2016\/02\/La-restauraci\u00f3n-de-la-arq-de-tierra-150x150.jpg\" alt=\"La restauraci\u00f3n de la arq de tierra\" width=\"150\" height=\"150\" srcset=\"https:\/\/resarquitectura.blogs.upv.es\/wp-content\/uploads\/2016\/02\/La-restauraci\u00f3n-de-la-arq-de-tierra-150x150.jpg 150w, https:\/\/resarquitectura.blogs.upv.es\/wp-content\/uploads\/2016\/02\/La-restauraci\u00f3n-de-la-arq-de-tierra-300x300.jpg 300w\" sizes=\"auto, (max-width: 150px) 100vw, 150px\" \/><\/a><\/p>\n<p><strong>La restauraci\u00f3n de la arquitectura de tierra<\/strong><\/p>\n<p>12-14 noviembre 2015<\/p>\n<p>&nbsp;<\/p>\n<p>&nbsp;<\/p>\n<p>&nbsp;<\/p>\n<p>&nbsp;<\/p>\n<p><a href=\"http:\/\/resarquitectura.blogs.upv.es\/wp-content\/uploads\/2016\/02\/2014-escalas-restauracion-2.jpg\" target=\"_blank\" rel=\"noopener noreferrer\"><img loading=\"lazy\" decoding=\"async\" class=\"alignleft wp-image-2821 size-thumbnail\" src=\"http:\/\/resarquitectura.blogs.upv.es\/wp-content\/uploads\/2016\/02\/2014-escalas-restauracion-2-150x150.jpg\" width=\"150\" height=\"150\" srcset=\"https:\/\/resarquitectura.blogs.upv.es\/wp-content\/uploads\/2016\/02\/2014-escalas-restauracion-2-150x150.jpg 150w, https:\/\/resarquitectura.blogs.upv.es\/wp-content\/uploads\/2016\/02\/2014-escalas-restauracion-2-300x300.jpg 300w\" sizes=\"auto, (max-width: 150px) 100vw, 150px\" \/><\/a><\/p>\n<p><strong>Las escalas de la restauraci\u00f3n<\/strong><\/p>\n<p>13-15 noviembre 2014<\/p>\n<p>&nbsp;<\/p>\n<p>&nbsp;<\/p>\n<p>&nbsp;<\/p>\n<p>&nbsp;<\/p>\n<p><a href=\"http:\/\/resarquitectura.blogs.upv.es\/wp-content\/uploads\/2016\/02\/2013-Italia-Espa\u00f1a-2.jpg\" target=\"_blank\" rel=\"noopener noreferrer\"><img loading=\"lazy\" decoding=\"async\" class=\"alignleft wp-image-2825 size-thumbnail\" src=\"http:\/\/resarquitectura.blogs.upv.es\/wp-content\/uploads\/2016\/02\/2013-Italia-Espa\u00f1a-2-150x150.jpg\" width=\"150\" height=\"150\" srcset=\"https:\/\/resarquitectura.blogs.upv.es\/wp-content\/uploads\/2016\/02\/2013-Italia-Espa\u00f1a-2-150x150.jpg 150w, https:\/\/resarquitectura.blogs.upv.es\/wp-content\/uploads\/2016\/02\/2013-Italia-Espa\u00f1a-2-300x300.jpg 300w\" sizes=\"auto, (max-width: 150px) 100vw, 150px\" \/><\/a><\/p>\n<p><strong>La restauraci\u00f3n a d\u00eda de hoy: Italia y Espa\u00f1a<\/strong><\/p>\n<p>14-16 noviembre 2013<\/p>\n<p>&nbsp;<\/p>\n<p>&nbsp;<\/p>\n<p>&nbsp;<\/p>\n<p>&nbsp;<\/p>\n<p><a href=\"http:\/\/resarquitectura.blogs.upv.es\/wp-content\/uploads\/2016\/02\/2012-iniciacion-investigacion-2.jpg\" target=\"_blank\" rel=\"noopener noreferrer\"><img loading=\"lazy\" decoding=\"async\" class=\"alignleft wp-image-2818 size-thumbnail\" src=\"http:\/\/resarquitectura.blogs.upv.es\/wp-content\/uploads\/2016\/02\/2012-iniciacion-investigacion-2-150x150.jpg\" width=\"150\" height=\"150\" srcset=\"https:\/\/resarquitectura.blogs.upv.es\/wp-content\/uploads\/2016\/02\/2012-iniciacion-investigacion-2-150x150.jpg 150w, https:\/\/resarquitectura.blogs.upv.es\/wp-content\/uploads\/2016\/02\/2012-iniciacion-investigacion-2-300x300.jpg 300w\" sizes=\"auto, (max-width: 150px) 100vw, 150px\" \/><\/a><\/p>\n<p><strong>2\u00ba Jornadas de iniciaci\u00f3n a la investigaci\u00f3n en arquitectura<\/strong><\/p>\n<p>30-31 enero y 1-3 febrero 2012<\/p>\n<p>&nbsp;<\/p>\n<p>&nbsp;<\/p>\n<p>&nbsp;<\/p>\n<p>&nbsp;<\/p>\n<p><a href=\"http:\/\/resarquitectura.blogs.upv.es\/wp-content\/uploads\/2016\/02\/2011-restaurar-arq-moderna.jpg\" target=\"_blank\" rel=\"noopener noreferrer\"><img loading=\"lazy\" decoding=\"async\" class=\"alignleft wp-image-2797 size-thumbnail\" src=\"http:\/\/resarquitectura.blogs.upv.es\/wp-content\/uploads\/2016\/02\/2011-restaurar-arq-moderna-150x150.jpg\" alt=\"2011 restaurar arq moderna\" width=\"150\" height=\"150\" srcset=\"https:\/\/resarquitectura.blogs.upv.es\/wp-content\/uploads\/2016\/02\/2011-restaurar-arq-moderna-150x150.jpg 150w, https:\/\/resarquitectura.blogs.upv.es\/wp-content\/uploads\/2016\/02\/2011-restaurar-arq-moderna-300x300.jpg 300w\" sizes=\"auto, (max-width: 150px) 100vw, 150px\" \/><\/a><\/p>\n<p><strong>Restaurar la arquitectura moderna: criterios y ejemplos<\/strong><\/p>\n<p>24-26 noviembre 2011<\/p>\n<p>&nbsp;<\/p>\n<p>&nbsp;<\/p>\n<p>&nbsp;<\/p>\n<p>&nbsp;<\/p>\n<p><a href=\"http:\/\/resarquitectura.blogs.upv.es\/wp-content\/uploads\/2016\/02\/2011-Iniciacion-Investigacion.jpg\" target=\"_blank\" rel=\"noopener noreferrer\"><img loading=\"lazy\" decoding=\"async\" class=\"alignleft wp-image-2792 size-thumbnail\" src=\"http:\/\/resarquitectura.blogs.upv.es\/wp-content\/uploads\/2016\/02\/2011-Iniciacion-Investigacion-150x150.jpg\" alt=\"2011 Iniciacion Investigacion\" width=\"150\" height=\"150\" srcset=\"https:\/\/resarquitectura.blogs.upv.es\/wp-content\/uploads\/2016\/02\/2011-Iniciacion-Investigacion-150x150.jpg 150w, https:\/\/resarquitectura.blogs.upv.es\/wp-content\/uploads\/2016\/02\/2011-Iniciacion-Investigacion-300x300.jpg 300w\" sizes=\"auto, (max-width: 150px) 100vw, 150px\" \/><\/a><\/p>\n<p><strong>Iniciaci\u00f3n a la investigaci\u00f3n en arquitectura<\/strong><\/p>\n<p>10, 17, 24 y 31 enero 2011<\/p>\n<p>&nbsp;<\/p>\n<p>&nbsp;<\/p>\n<p>&nbsp;<\/p>\n<p>&nbsp;<\/p>\n<p><a href=\"http:\/\/resarquitectura.blogs.upv.es\/wp-content\/uploads\/2016\/02\/2010-Modernismos.jpg\" target=\"_blank\" rel=\"noopener noreferrer\"><img loading=\"lazy\" decoding=\"async\" class=\"alignleft wp-image-2787 size-thumbnail\" src=\"http:\/\/resarquitectura.blogs.upv.es\/wp-content\/uploads\/2016\/02\/2010-Modernismos-150x150.jpg\" alt=\"2010 Modernismos\" width=\"150\" height=\"150\" srcset=\"https:\/\/resarquitectura.blogs.upv.es\/wp-content\/uploads\/2016\/02\/2010-Modernismos-150x150.jpg 150w, https:\/\/resarquitectura.blogs.upv.es\/wp-content\/uploads\/2016\/02\/2010-Modernismos-300x300.jpg 300w\" sizes=\"auto, (max-width: 150px) 100vw, 150px\" \/><\/a><\/p>\n<p><strong>Modernismos: la restauraci\u00f3n de la arquitectura del cambio de siglo<\/strong><\/p>\n<p>18-20 noviembre 2010<\/p>\n<p>&nbsp;<\/p>\n<p>&nbsp;<\/p>\n<p>&nbsp;<\/p>\n<p>&nbsp;<\/p>\n<p><a href=\"http:\/\/resarquitectura.blogs.upv.es\/wp-content\/uploads\/2016\/02\/2009-firmitas-y-confort-2.jpg\" target=\"_blank\" rel=\"noopener noreferrer\"><img loading=\"lazy\" decoding=\"async\" class=\"alignleft wp-image-2814 size-thumbnail\" src=\"http:\/\/resarquitectura.blogs.upv.es\/wp-content\/uploads\/2016\/02\/2009-firmitas-y-confort-2-150x150.jpg\" width=\"150\" height=\"150\" srcset=\"https:\/\/resarquitectura.blogs.upv.es\/wp-content\/uploads\/2016\/02\/2009-firmitas-y-confort-2-150x150.jpg 150w, https:\/\/resarquitectura.blogs.upv.es\/wp-content\/uploads\/2016\/02\/2009-firmitas-y-confort-2-300x300.jpg 300w\" sizes=\"auto, (max-width: 150px) 100vw, 150px\" \/><\/a><\/p>\n<p><strong>Firmitas y confort en la arquitectura hist\u00f3rica. Criterios de restauraci\u00f3n y aplicaci\u00f3n pr\u00e1ctica<\/strong><\/p>\n<p>18-21 noviembre 2009<\/p>\n<p>&nbsp;<\/p>\n<p>&nbsp;<\/p>\n<p>&nbsp;<\/p>\n<p>&nbsp;<\/p>\n<p><a href=\"http:\/\/resarquitectura.blogs.upv.es\/wp-content\/uploads\/2016\/02\/2009-rest-edif-altura.jpg\" target=\"_blank\" rel=\"noopener noreferrer\"><img loading=\"lazy\" decoding=\"async\" class=\"alignleft wp-image-2783 size-thumbnail\" src=\"http:\/\/resarquitectura.blogs.upv.es\/wp-content\/uploads\/2016\/02\/2009-rest-edif-altura-150x150.jpg\" alt=\"2009 rest edif altura\" width=\"150\" height=\"150\" srcset=\"https:\/\/resarquitectura.blogs.upv.es\/wp-content\/uploads\/2016\/02\/2009-rest-edif-altura-150x150.jpg 150w, https:\/\/resarquitectura.blogs.upv.es\/wp-content\/uploads\/2016\/02\/2009-rest-edif-altura-300x300.jpg 300w\" sizes=\"auto, (max-width: 150px) 100vw, 150px\" \/><\/a><\/p>\n<p><strong>La restauraci\u00f3n de edificios en altura: de los criterios de proyecto a las t\u00e9cnicas de ejecuci\u00f3n<\/strong><\/p>\n<p>13-14 marzo 2009<\/p>\n<p>&nbsp;<\/p>\n<p>&nbsp;<\/p>\n<p>&nbsp;<\/p>\n<p>&nbsp;<\/p>\n<p><a href=\"http:\/\/resarquitectura.blogs.upv.es\/wp-content\/uploads\/2016\/02\/2008-compat-y-sostenibilidad.jpg\" target=\"_blank\" rel=\"noopener noreferrer\"><img loading=\"lazy\" decoding=\"async\" class=\"alignleft wp-image-2780 size-thumbnail\" src=\"http:\/\/resarquitectura.blogs.upv.es\/wp-content\/uploads\/2016\/02\/2008-compat-y-sostenibilidad-150x150.jpg\" alt=\"2008 compat y sostenibilidad\" width=\"150\" height=\"150\" srcset=\"https:\/\/resarquitectura.blogs.upv.es\/wp-content\/uploads\/2016\/02\/2008-compat-y-sostenibilidad-150x150.jpg 150w, https:\/\/resarquitectura.blogs.upv.es\/wp-content\/uploads\/2016\/02\/2008-compat-y-sostenibilidad-300x300.jpg 300w\" sizes=\"auto, (max-width: 150px) 100vw, 150px\" \/><\/a><\/p>\n<p><strong>Compatibilidad y sostenibilidad: conceptos para la pr\u00e1ctica de la restauraci\u00f3n arquitect\u00f3nica<\/strong><\/p>\n<p>15 y 22 noviembre 2008<\/p>\n<p>&nbsp;<\/p>\n<p>&nbsp;<\/p>\n<p>&nbsp;<\/p>\n<p>&nbsp;<\/p>\n<p><a href=\"http:\/\/resarquitectura.blogs.upv.es\/wp-content\/uploads\/2016\/02\/2008-edif-en-ciudad-hca-2.jpg\" target=\"_blank\" rel=\"noopener noreferrer\"><img loading=\"lazy\" decoding=\"async\" class=\"alignleft wp-image-2807 size-thumbnail\" src=\"http:\/\/resarquitectura.blogs.upv.es\/wp-content\/uploads\/2016\/02\/2008-edif-en-ciudad-hca-2-150x150.jpg\" width=\"150\" height=\"150\" srcset=\"https:\/\/resarquitectura.blogs.upv.es\/wp-content\/uploads\/2016\/02\/2008-edif-en-ciudad-hca-2-150x150.jpg 150w, https:\/\/resarquitectura.blogs.upv.es\/wp-content\/uploads\/2016\/02\/2008-edif-en-ciudad-hca-2-300x300.jpg 300w\" sizes=\"auto, (max-width: 150px) 100vw, 150px\" \/><\/a><\/p>\n<p><strong>El edificio en la ciudad hist\u00f3rica: casos y criterios de intervenci\u00f3n<\/strong><\/p>\n<p>22-23 febrero y 1 marzo 2008<\/p>\n<p>&nbsp;<\/p>\n<p>&nbsp;<\/p>\n<p>&nbsp;<\/p>\n<p>&nbsp;<\/p>\n<p>&nbsp;<\/p>\n<p><a href=\"http:\/\/resarquitectura.blogs.upv.es\/wp-content\/uploads\/2016\/02\/2007-rest-arq.jpg\" target=\"_blank\" rel=\"noopener noreferrer\"><img loading=\"lazy\" decoding=\"async\" class=\"alignleft wp-image-2777 size-thumbnail\" src=\"http:\/\/resarquitectura.blogs.upv.es\/wp-content\/uploads\/2016\/02\/2007-rest-arq-150x150.jpg\" alt=\"2007 rest arq\" width=\"150\" height=\"150\" srcset=\"https:\/\/resarquitectura.blogs.upv.es\/wp-content\/uploads\/2016\/02\/2007-rest-arq-150x150.jpg 150w, https:\/\/resarquitectura.blogs.upv.es\/wp-content\/uploads\/2016\/02\/2007-rest-arq-300x300.jpg 300w\" sizes=\"auto, (max-width: 150px) 100vw, 150px\" \/><\/a><\/p>\n<p><strong>El proyecto de restauraci\u00f3n arquitect\u00f3nica: del concepto a la ejecuci\u00f3n<\/strong><\/p>\n<p>24 noviembre y 1 diciembre 2007<\/p>\n<p>&nbsp;<\/p>\n<p>&nbsp;<\/p>\n<p>&nbsp;<\/p>\n<p>&nbsp;<\/p>\n<p><a href=\"http:\/\/resarquitectura.blogs.upv.es\/wp-content\/uploads\/2016\/02\/2006-rest-arq.jpg\" target=\"_blank\" rel=\"noopener noreferrer\"><img loading=\"lazy\" decoding=\"async\" class=\"alignleft wp-image-2773 size-thumbnail\" src=\"http:\/\/resarquitectura.blogs.upv.es\/wp-content\/uploads\/2016\/02\/2006-rest-arq-150x150.jpg\" alt=\"2006 rest arq\" width=\"150\" height=\"150\" srcset=\"https:\/\/resarquitectura.blogs.upv.es\/wp-content\/uploads\/2016\/02\/2006-rest-arq-150x150.jpg 150w, https:\/\/resarquitectura.blogs.upv.es\/wp-content\/uploads\/2016\/02\/2006-rest-arq-300x300.jpg 300w\" sizes=\"auto, (max-width: 150px) 100vw, 150px\" \/><\/a><\/p>\n<p><strong>La restauraci\u00f3n arquitect\u00f3nica entre teor\u00eda y pr\u00e1ctica<\/strong><\/p>\n<p>18 noviembre 2006<\/p>\n<p>&nbsp;<\/p>\n<p>&nbsp;<\/p>\n<p>&nbsp;<\/p>\n<p>&nbsp;<\/p>\n<p>&nbsp;<\/p>\n<p>&nbsp;<\/p>\n<p>&nbsp;<\/p>\n<p><a href=\"http:\/\/resarquitectura.blogs.upv.es\/\">Volver<\/a><\/p>","protected":false},"excerpt":{"rendered":"<p class=\"excerpt\">Valores y riesgos de los asentamientos hist\u00f3ricos: del patrimonio de la humanidad al patrimonio rural 19-21 octubre de 2023 &nbsp; &nbsp; &nbsp; La arquitectura vern\u00e1cula: patrimonio material e inmaterial 20-22 octubre de 2022 &nbsp; &nbsp; &nbsp; &nbsp; Valores, riesgos y restauraci\u00f3n de la arquitectura tradicional. De la arquitectura dom\u00e9stica urbana a la rural 21-23 octubre de 2021 &nbsp; &nbsp; &nbsp;&hellip;<\/p>\n<p class=\"more-link-p\"><a class=\"btn btn-default\" href=\"https:\/\/resarquitectura.blogs.upv.es\/?page_id=280\">Read more<\/a><\/p>\n","protected":false},"author":5990,"featured_media":0,"parent":0,"menu_order":0,"comment_status":"closed","ping_status":"closed","template":"","meta":{"ngg_post_thumbnail":0,"footnotes":""},"class_list":["post-280","page","type-page","status-publish","hentry"],"aioseo_notices":[],"_links":{"self":[{"href":"https:\/\/resarquitectura.blogs.upv.es\/index.php?rest_route=\/wp\/v2\/pages\/280","targetHints":{"allow":["GET"]}}],"collection":[{"href":"https:\/\/resarquitectura.blogs.upv.es\/index.php?rest_route=\/wp\/v2\/pages"}],"about":[{"href":"https:\/\/resarquitectura.blogs.upv.es\/index.php?rest_route=\/wp\/v2\/types\/page"}],"author":[{"embeddable":true,"href":"https:\/\/resarquitectura.blogs.upv.es\/index.php?rest_route=\/wp\/v2\/users\/5990"}],"replies":[{"embeddable":true,"href":"https:\/\/resarquitectura.blogs.upv.es\/index.php?rest_route=%2Fwp%2Fv2%2Fcomments&post=280"}],"version-history":[{"count":1,"href":"https:\/\/resarquitectura.blogs.upv.es\/index.php?rest_route=\/wp\/v2\/pages\/280\/revisions"}],"predecessor-version":[{"id":21478,"href":"https:\/\/resarquitectura.blogs.upv.es\/index.php?rest_route=\/wp\/v2\/pages\/280\/revisions\/21478"}],"wp:attachment":[{"href":"https:\/\/resarquitectura.blogs.upv.es\/index.php?rest_route=%2Fwp%2Fv2%2Fmedia&parent=280"}],"curies":[{"name":"wp","href":"https:\/\/api.w.org\/{rel}","templated":true}]}}