{"id":290,"date":"2016-02-11T12:21:03","date_gmt":"2016-02-11T11:21:03","guid":{"rendered":"http:\/\/resarquitectura.blogs.upv.es\/?page_id=290"},"modified":"2016-04-20T16:36:22","modified_gmt":"2016-04-20T15:36:22","slug":"construccion-sostenible-con-tierra-nuevas-lineas-de-investigacion-y-desarrollo","status":"publish","type":"page","link":"https:\/\/resarquitectura.blogs.upv.es\/?page_id=290","title":{"rendered":"Construcci\u00f3n sostenible con tierra, nuevas l\u00edneas de investigaci\u00f3n y desarrollo"},"content":{"rendered":"<p><img loading=\"lazy\" decoding=\"async\" class=\"alignleft wp-image-293 size-medium\" src=\"http:\/\/resarquitectura.blogs.upv.es\/wp-content\/uploads\/2016\/02\/panel_24-oct-low-212x300.jpg\" alt=\"panel_24 oct low\" width=\"212\" height=\"300\" srcset=\"https:\/\/resarquitectura.blogs.upv.es\/wp-content\/uploads\/2016\/02\/panel_24-oct-low-212x300.jpg 212w, https:\/\/resarquitectura.blogs.upv.es\/wp-content\/uploads\/2016\/02\/panel_24-oct-low.jpg 334w\" sizes=\"auto, (max-width: 212px) 100vw, 212px\" \/><\/p>\n<p style=\"text-align: justify\"><strong>T\u00edtulo:\u00a0<\/strong>Construcci\u00f3n sostenible con tierra, nuevas l\u00edneas de investigaci\u00f3n y desarrollo<\/p>\n<p style=\"text-align: justify\"><strong>Ponente:\u00a0<\/strong>Asociaci\u00f3n Terram<\/p>\n<p style=\"text-align: justify\"><strong>Fecha:\u00a0<\/strong>24 de Octubre de 2014<\/p>\n<p style=\"text-align: justify\"><strong>Lugar:\u00a0<\/strong>Sal\u00f3n de Grados de la ETSA, Universitat Polit\u00e8cnica de Val\u00e8ncia<\/p>\n<p style=\"text-align: justify\"><a href=\"https:\/\/www.youtube.com\/watch?v=mkU-3kmgF40\" target=\"_blank\">V\u00eddeo de\u00a0la conferencia\u00a0<\/a><\/p>\n<p style=\"text-align: justify\"><a href=\"http:\/\/resarquitectura.blogs.upv.es\/?page_id=285\">Volver<\/a><\/p>\n","protected":false},"excerpt":{"rendered":"<p class=\"excerpt\">T\u00edtulo:\u00a0Construcci\u00f3n sostenible con tierra, nuevas l\u00edneas de investigaci\u00f3n y desarrollo Ponente:\u00a0Asociaci\u00f3n Terram Fecha:\u00a024 de Octubre de 2014 Lugar:\u00a0Sal\u00f3n de Grados de la ETSA, Universitat Polit\u00e8cnica de Val\u00e8ncia V\u00eddeo de\u00a0la conferencia\u00a0 Volver<\/p>\n<p class=\"more-link-p\"><a class=\"btn btn-default\" href=\"https:\/\/resarquitectura.blogs.upv.es\/?page_id=290\">Read more<\/a><\/p>\n","protected":false},"author":5990,"featured_media":0,"parent":0,"menu_order":0,"comment_status":"closed","ping_status":"closed","template":"","meta":{"ngg_post_thumbnail":0,"footnotes":""},"class_list":["post-290","page","type-page","status-publish","hentry"],"aioseo_notices":[],"_links":{"self":[{"href":"https:\/\/resarquitectura.blogs.upv.es\/index.php?rest_route=\/wp\/v2\/pages\/290","targetHints":{"allow":["GET"]}}],"collection":[{"href":"https:\/\/resarquitectura.blogs.upv.es\/index.php?rest_route=\/wp\/v2\/pages"}],"about":[{"href":"https:\/\/resarquitectura.blogs.upv.es\/index.php?rest_route=\/wp\/v2\/types\/page"}],"author":[{"embeddable":true,"href":"https:\/\/resarquitectura.blogs.upv.es\/index.php?rest_route=\/wp\/v2\/users\/5990"}],"replies":[{"embeddable":true,"href":"https:\/\/resarquitectura.blogs.upv.es\/index.php?rest_route=%2Fwp%2Fv2%2Fcomments&post=290"}],"version-history":[{"count":0,"href":"https:\/\/resarquitectura.blogs.upv.es\/index.php?rest_route=\/wp\/v2\/pages\/290\/revisions"}],"wp:attachment":[{"href":"https:\/\/resarquitectura.blogs.upv.es\/index.php?rest_route=%2Fwp%2Fv2%2Fmedia&parent=290"}],"curies":[{"name":"wp","href":"https:\/\/api.w.org\/{rel}","templated":true}]}}