{"id":3135,"date":"2016-05-16T12:35:18","date_gmt":"2016-05-16T11:35:18","guid":{"rendered":"http:\/\/resarquitectura.blogs.upv.es\/?page_id=3135"},"modified":"2020-07-16T13:07:21","modified_gmt":"2020-07-16T12:07:21","slug":"edificio-de-34-viviendas-vpo","status":"publish","type":"page","link":"https:\/\/resarquitectura.blogs.upv.es\/?page_id=3135","title":{"rendered":"Edificio de 34 viviendas VPO"},"content":{"rendered":"<p><\/p>\n<p style=\"text-align: justify\"><strong>A\u00f1o finalizaci\u00f3n obra:&nbsp;<\/strong>2007<\/p>\n<p style=\"text-align: justify\"><strong>A\u00f1o realizaci\u00f3n proyecto:<\/strong>&nbsp;1999<\/p>\n<p style=\"text-align: justify\"><strong>Ubicaci\u00f3n:<\/strong> C\/ Maldonado, 16&nbsp;cruce con calles&nbsp;Torno del Hospital&nbsp;y En Bany (Valencia)<\/p>\n<p style=\"text-align: justify\"><strong>Promotor:<\/strong> AUMSA<\/p>\n<p style=\"text-align: justify\"><strong>Arquitectos:&nbsp;<\/strong>Fernando Vegas L\u00f3pez-Manzanares y Camilla Mileto<\/p>\n<p style=\"text-align: justify\"><strong>Colaboradores: <\/strong>Francisco Cervera, Vicente Roman\u00ed, Miguel Ortiz, Miguel Noguera, Vicente Pa\u00f1ego, Elena Mar\u00eda Jim\u00e9nez, Roberto Palaz\u00f3n, Jos\u00e9 Miguel Zapata Peral, M. Soledad Garc\u00eda S\u00e1ez<\/p>\nngg_shortcode_0_placeholder\n<p style=\"text-align: justify\"><a href=\"http:\/\/resarquitectura.blogs.upv.es\/?page_id=94\">Volver<\/a><\/p>\n<p>&nbsp;<\/p>","protected":false},"excerpt":{"rendered":"<p class=\"excerpt\">A\u00f1o finalizaci\u00f3n obra:&nbsp;2007 A\u00f1o realizaci\u00f3n proyecto:&nbsp;1999 Ubicaci\u00f3n: C\/ Maldonado, 16&nbsp;cruce con calles&nbsp;Torno del Hospital&nbsp;y En Bany (Valencia) Promotor: AUMSA Arquitectos:&nbsp;Fernando Vegas L\u00f3pez-Manzanares y Camilla Mileto Colaboradores: Francisco Cervera, Vicente Roman\u00ed, Miguel Ortiz, Miguel Noguera, Vicente Pa\u00f1ego, Elena Mar\u00eda Jim\u00e9nez, Roberto Palaz\u00f3n, Jos\u00e9 Miguel Zapata Peral, M. Soledad Garc\u00eda S\u00e1ez Volver &nbsp;<\/p>\n<p class=\"more-link-p\"><a class=\"btn btn-default\" href=\"https:\/\/resarquitectura.blogs.upv.es\/?page_id=3135\">Read more<\/a><\/p>\n","protected":false},"author":41051,"featured_media":0,"parent":0,"menu_order":0,"comment_status":"closed","ping_status":"closed","template":"","meta":{"ngg_post_thumbnail":0,"footnotes":""},"class_list":["post-3135","page","type-page","status-publish","hentry"],"aioseo_notices":[],"_links":{"self":[{"href":"https:\/\/resarquitectura.blogs.upv.es\/index.php?rest_route=\/wp\/v2\/pages\/3135","targetHints":{"allow":["GET"]}}],"collection":[{"href":"https:\/\/resarquitectura.blogs.upv.es\/index.php?rest_route=\/wp\/v2\/pages"}],"about":[{"href":"https:\/\/resarquitectura.blogs.upv.es\/index.php?rest_route=\/wp\/v2\/types\/page"}],"author":[{"embeddable":true,"href":"https:\/\/resarquitectura.blogs.upv.es\/index.php?rest_route=\/wp\/v2\/users\/41051"}],"replies":[{"embeddable":true,"href":"https:\/\/resarquitectura.blogs.upv.es\/index.php?rest_route=%2Fwp%2Fv2%2Fcomments&post=3135"}],"version-history":[{"count":2,"href":"https:\/\/resarquitectura.blogs.upv.es\/index.php?rest_route=\/wp\/v2\/pages\/3135\/revisions"}],"predecessor-version":[{"id":16321,"href":"https:\/\/resarquitectura.blogs.upv.es\/index.php?rest_route=\/wp\/v2\/pages\/3135\/revisions\/16321"}],"wp:attachment":[{"href":"https:\/\/resarquitectura.blogs.upv.es\/index.php?rest_route=%2Fwp%2Fv2%2Fmedia&parent=3135"}],"curies":[{"name":"wp","href":"https:\/\/api.w.org\/{rel}","templated":true}]}}