{"id":3205,"date":"2016-05-17T09:12:54","date_gmt":"2016-05-17T08:12:54","guid":{"rendered":"http:\/\/resarquitectura.blogs.upv.es\/?page_id=3205"},"modified":"2019-10-02T16:36:41","modified_gmt":"2019-10-02T15:36:41","slug":"jardin-en-el-barrio-de-velluters-valencia","status":"publish","type":"page","link":"https:\/\/resarquitectura.blogs.upv.es\/?page_id=3205","title":{"rendered":"Jard\u00edn en el barrio de Velluters (Valencia)"},"content":{"rendered":"<p><strong>A\u00f1o finalizaci\u00f3n obra:&nbsp;<\/strong>2007<\/p>\n<p><strong>A\u00f1o realizaci\u00f3n proyecto:<\/strong>&nbsp;1998<\/p>\n<p><strong>Ubicaci\u00f3n:<\/strong> C\/ Maldonado, 16&nbsp;cruce con calles&nbsp;Torno del Hospital&nbsp;y En Bany (Valencia)<\/p>\n<p><strong>Promotor:<\/strong> AUMSA &#8211; Ayuntamiento de Valencia<\/p>\n<p><strong>Arquitectos:&nbsp;<\/strong>Fernando Vegas L\u00f3pez-Manzanares y Camilla Mileto<\/p>\n<p><strong>Arquitecto t\u00e9cnico:<\/strong> Francisco M. Palmero<\/p>\n<p><strong>Colaboradores: <\/strong>Francisco Cervera, Vicente Roman\u00ed, Miguel Noguera, Aurora P\u00e9rez, Pablo Sancho, Juan C. L\u00f3pez, Magal\u00ed Roig<\/p>\n<p><strong>Ceramista:<\/strong> Enric Mestre<\/p>\n<p><strong>Paisajismo y riego:<\/strong>&nbsp;Israel S\u00e1nchez, Patricia P\u00e9rez, Roser Vives<\/p>\n<p><strong>Electricidad e iluminaci\u00f3n:<\/strong> El\u00edas Hurtado, Antonio Fayos<\/p>\n<p><a href=\"http:\/\/resarquitectura.blogs.upv.es\/?page_id=94\">Volver<\/a><\/p>\n<p><a href=\"http:\/\/resarquitectura.blogs.upv.es\/wp-content\/uploads\/2016\/05\/Jardin03.jpg\"><img loading=\"lazy\" decoding=\"async\" class=\"alignleft size-medium wp-image-3224\" src=\"http:\/\/resarquitectura.blogs.upv.es\/wp-content\/uploads\/2016\/05\/Jardin03-300x180.jpg\" alt=\"\" width=\"300\" height=\"180\" srcset=\"https:\/\/resarquitectura.blogs.upv.es\/wp-content\/uploads\/2016\/05\/Jardin03-300x180.jpg 300w, https:\/\/resarquitectura.blogs.upv.es\/wp-content\/uploads\/2016\/05\/Jardin03-768x461.jpg 768w, https:\/\/resarquitectura.blogs.upv.es\/wp-content\/uploads\/2016\/05\/Jardin03.jpg 885w\" sizes=\"auto, (max-width: 300px) 100vw, 300px\" \/><\/a> <a href=\"http:\/\/resarquitectura.blogs.upv.es\/wp-content\/uploads\/2016\/05\/Jardin02.jpg\"><img loading=\"lazy\" decoding=\"async\" class=\"alignleft size-medium wp-image-3222\" src=\"http:\/\/resarquitectura.blogs.upv.es\/wp-content\/uploads\/2016\/05\/Jardin02-300x180.jpg\" alt=\"\" width=\"300\" height=\"180\" srcset=\"https:\/\/resarquitectura.blogs.upv.es\/wp-content\/uploads\/2016\/05\/Jardin02-300x180.jpg 300w, https:\/\/resarquitectura.blogs.upv.es\/wp-content\/uploads\/2016\/05\/Jardin02-768x460.jpg 768w, https:\/\/resarquitectura.blogs.upv.es\/wp-content\/uploads\/2016\/05\/Jardin02.jpg 886w\" sizes=\"auto, (max-width: 300px) 100vw, 300px\" \/><\/a> <a href=\"http:\/\/resarquitectura.blogs.upv.es\/wp-content\/uploads\/2016\/05\/Jardin01-2.jpg\"><img loading=\"lazy\" decoding=\"async\" class=\"alignleft size-medium wp-image-3221\" src=\"http:\/\/resarquitectura.blogs.upv.es\/wp-content\/uploads\/2016\/05\/Jardin01-2-300x180.jpg\" alt=\"\" width=\"300\" height=\"180\" srcset=\"https:\/\/resarquitectura.blogs.upv.es\/wp-content\/uploads\/2016\/05\/Jardin01-2-300x180.jpg 300w, https:\/\/resarquitectura.blogs.upv.es\/wp-content\/uploads\/2016\/05\/Jardin01-2-768x460.jpg 768w, https:\/\/resarquitectura.blogs.upv.es\/wp-content\/uploads\/2016\/05\/Jardin01-2.jpg 886w\" sizes=\"auto, (max-width: 300px) 100vw, 300px\" \/><\/a><\/p>","protected":false},"excerpt":{"rendered":"<p class=\"excerpt\">A\u00f1o finalizaci\u00f3n obra:&nbsp;2007 A\u00f1o realizaci\u00f3n proyecto:&nbsp;1998 Ubicaci\u00f3n: C\/ Maldonado, 16&nbsp;cruce con calles&nbsp;Torno del Hospital&nbsp;y En Bany (Valencia) Promotor: AUMSA &#8211; Ayuntamiento de Valencia Arquitectos:&nbsp;Fernando Vegas L\u00f3pez-Manzanares y Camilla Mileto Arquitecto t\u00e9cnico: Francisco M. Palmero Colaboradores: Francisco Cervera, Vicente Roman\u00ed, Miguel Noguera, Aurora P\u00e9rez, Pablo Sancho, Juan C. L\u00f3pez, Magal\u00ed Roig Ceramista: Enric Mestre Paisajismo y riego:&nbsp;Israel S\u00e1nchez, Patricia P\u00e9rez, Roser&hellip;<\/p>\n<p class=\"more-link-p\"><a class=\"btn btn-default\" href=\"https:\/\/resarquitectura.blogs.upv.es\/?page_id=3205\">Read more<\/a><\/p>\n","protected":false},"author":41051,"featured_media":0,"parent":0,"menu_order":0,"comment_status":"closed","ping_status":"closed","template":"","meta":{"ngg_post_thumbnail":0,"footnotes":""},"class_list":["post-3205","page","type-page","status-publish","hentry"],"aioseo_notices":[],"_links":{"self":[{"href":"https:\/\/resarquitectura.blogs.upv.es\/index.php?rest_route=\/wp\/v2\/pages\/3205","targetHints":{"allow":["GET"]}}],"collection":[{"href":"https:\/\/resarquitectura.blogs.upv.es\/index.php?rest_route=\/wp\/v2\/pages"}],"about":[{"href":"https:\/\/resarquitectura.blogs.upv.es\/index.php?rest_route=\/wp\/v2\/types\/page"}],"author":[{"embeddable":true,"href":"https:\/\/resarquitectura.blogs.upv.es\/index.php?rest_route=\/wp\/v2\/users\/41051"}],"replies":[{"embeddable":true,"href":"https:\/\/resarquitectura.blogs.upv.es\/index.php?rest_route=%2Fwp%2Fv2%2Fcomments&post=3205"}],"version-history":[{"count":1,"href":"https:\/\/resarquitectura.blogs.upv.es\/index.php?rest_route=\/wp\/v2\/pages\/3205\/revisions"}],"predecessor-version":[{"id":13727,"href":"https:\/\/resarquitectura.blogs.upv.es\/index.php?rest_route=\/wp\/v2\/pages\/3205\/revisions\/13727"}],"wp:attachment":[{"href":"https:\/\/resarquitectura.blogs.upv.es\/index.php?rest_route=%2Fwp%2Fv2%2Fmedia&parent=3205"}],"curies":[{"name":"wp","href":"https:\/\/api.w.org\/{rel}","templated":true}]}}