{"id":3232,"date":"2016-05-17T15:34:47","date_gmt":"2016-05-17T14:34:47","guid":{"rendered":"http:\/\/resarquitectura.blogs.upv.es\/?page_id=3232"},"modified":"2019-10-02T16:22:27","modified_gmt":"2019-10-02T15:22:27","slug":"casa-de-meditacion-budista","status":"publish","type":"page","link":"https:\/\/resarquitectura.blogs.upv.es\/?page_id=3232","title":{"rendered":"Casa de meditaci\u00f3n budista"},"content":{"rendered":"<p><strong>A\u00f1o realizaci\u00f3n proyecto:<\/strong>&nbsp;2003<\/p>\n<p><strong>Ubicaci\u00f3n:<\/strong>&nbsp;Vistabella del Maestrazgo<\/p>\n<p><strong>Promotor:<\/strong>&nbsp;Fundaci\u00f3n Meditaci\u00f3n<\/p>\n<p><strong>Arquitectos:&nbsp;<\/strong>Fernando Vegas L\u00f3pez-Manzanares, Camilla Mileto, Rafael Mira<\/p>\n<p><strong>Colaboradores: <\/strong>Jos\u00e9 Costa Pelufo<\/p>\n<p><a href=\"http:\/\/resarquitectura.blogs.upv.es\/?page_id=94\">Volver<\/a><\/p>\n<p>&nbsp;<\/p>\n<p><a href=\"http:\/\/resarquitectura.blogs.upv.es\/wp-content\/uploads\/2016\/05\/casa-meditac01.jpg\"><img loading=\"lazy\" decoding=\"async\" class=\"alignleft size-medium wp-image-3234\" src=\"http:\/\/resarquitectura.blogs.upv.es\/wp-content\/uploads\/2016\/05\/casa-meditac01-300x180.jpg\" alt=\"\" width=\"300\" height=\"180\" srcset=\"https:\/\/resarquitectura.blogs.upv.es\/wp-content\/uploads\/2016\/05\/casa-meditac01-300x180.jpg 300w, https:\/\/resarquitectura.blogs.upv.es\/wp-content\/uploads\/2016\/05\/casa-meditac01-768x460.jpg 768w, https:\/\/resarquitectura.blogs.upv.es\/wp-content\/uploads\/2016\/05\/casa-meditac01.jpg 886w\" sizes=\"auto, (max-width: 300px) 100vw, 300px\" \/><\/a><a href=\"http:\/\/resarquitectura.blogs.upv.es\/wp-content\/uploads\/2016\/05\/casa-meditac02.jpg\"><img loading=\"lazy\" decoding=\"async\" class=\"alignleft size-medium wp-image-3236\" src=\"http:\/\/resarquitectura.blogs.upv.es\/wp-content\/uploads\/2016\/05\/casa-meditac02-300x180.jpg\" alt=\"\" width=\"300\" height=\"180\" srcset=\"https:\/\/resarquitectura.blogs.upv.es\/wp-content\/uploads\/2016\/05\/casa-meditac02-300x180.jpg 300w, https:\/\/resarquitectura.blogs.upv.es\/wp-content\/uploads\/2016\/05\/casa-meditac02-768x460.jpg 768w, https:\/\/resarquitectura.blogs.upv.es\/wp-content\/uploads\/2016\/05\/casa-meditac02.jpg 886w\" sizes=\"auto, (max-width: 300px) 100vw, 300px\" \/><\/a><\/p>","protected":false},"excerpt":{"rendered":"<p class=\"excerpt\">A\u00f1o realizaci\u00f3n proyecto:&nbsp;2003 Ubicaci\u00f3n:&nbsp;Vistabella del Maestrazgo Promotor:&nbsp;Fundaci\u00f3n Meditaci\u00f3n Arquitectos:&nbsp;Fernando Vegas L\u00f3pez-Manzanares, Camilla Mileto, Rafael Mira Colaboradores: Jos\u00e9 Costa Pelufo Volver &nbsp;<\/p>\n<p class=\"more-link-p\"><a class=\"btn btn-default\" href=\"https:\/\/resarquitectura.blogs.upv.es\/?page_id=3232\">Read more<\/a><\/p>\n","protected":false},"author":41051,"featured_media":0,"parent":0,"menu_order":0,"comment_status":"closed","ping_status":"closed","template":"","meta":{"ngg_post_thumbnail":0,"footnotes":""},"class_list":["post-3232","page","type-page","status-publish","hentry"],"aioseo_notices":[],"_links":{"self":[{"href":"https:\/\/resarquitectura.blogs.upv.es\/index.php?rest_route=\/wp\/v2\/pages\/3232","targetHints":{"allow":["GET"]}}],"collection":[{"href":"https:\/\/resarquitectura.blogs.upv.es\/index.php?rest_route=\/wp\/v2\/pages"}],"about":[{"href":"https:\/\/resarquitectura.blogs.upv.es\/index.php?rest_route=\/wp\/v2\/types\/page"}],"author":[{"embeddable":true,"href":"https:\/\/resarquitectura.blogs.upv.es\/index.php?rest_route=\/wp\/v2\/users\/41051"}],"replies":[{"embeddable":true,"href":"https:\/\/resarquitectura.blogs.upv.es\/index.php?rest_route=%2Fwp%2Fv2%2Fcomments&post=3232"}],"version-history":[{"count":3,"href":"https:\/\/resarquitectura.blogs.upv.es\/index.php?rest_route=\/wp\/v2\/pages\/3232\/revisions"}],"predecessor-version":[{"id":13691,"href":"https:\/\/resarquitectura.blogs.upv.es\/index.php?rest_route=\/wp\/v2\/pages\/3232\/revisions\/13691"}],"wp:attachment":[{"href":"https:\/\/resarquitectura.blogs.upv.es\/index.php?rest_route=%2Fwp%2Fv2%2Fmedia&parent=3232"}],"curies":[{"name":"wp","href":"https:\/\/api.w.org\/{rel}","templated":true}]}}