{"id":3269,"date":"2016-05-17T16:29:48","date_gmt":"2016-05-17T15:29:48","guid":{"rendered":"http:\/\/resarquitectura.blogs.upv.es\/?page_id=3269"},"modified":"2020-07-16T10:47:21","modified_gmt":"2020-07-16T09:47:21","slug":"casa-mies","status":"publish","type":"page","link":"https:\/\/resarquitectura.blogs.upv.es\/?page_id=3269","title":{"rendered":"Casa MiEs"},"content":{"rendered":"<p><strong>A\u00f1o finalizaci\u00f3n obra:&nbsp;<\/strong>2002<\/p>\n<p><strong>A\u00f1o realizaci\u00f3n proyecto:<\/strong>&nbsp;2001<\/p>\n<p><strong>Ubicaci\u00f3n:<\/strong>&nbsp;B\u00e9tera (Valencia)<\/p>\n<p><strong>Promotor:<\/strong>&nbsp;Construcciones Blau Verd S.L.<\/p>\n<p><strong>Arquitectos:&nbsp;<\/strong>Fernando Vegas L\u00f3pez-Manzanares y Camilla Mileto<\/p>\n<p><strong>Colaboradores: <\/strong>Miguel Ortiz, Raquel Mart\u00ednez, Eva Cabanell, Jos\u00e9 Costa Pelufo<\/p>\n<p><a href=\"http:\/\/resarquitectura.blogs.upv.es\/?page_id=94\">Volver<\/a><\/p>\n<p><a href=\"http:\/\/resarquitectura.blogs.upv.es\/wp-content\/uploads\/2016\/05\/casa-mies-01.jpg\"><img loading=\"lazy\" decoding=\"async\" class=\"alignleft size-medium wp-image-3275\" src=\"http:\/\/resarquitectura.blogs.upv.es\/wp-content\/uploads\/2016\/05\/casa-mies-01-300x180.jpg\" alt=\"\" width=\"300\" height=\"180\" srcset=\"https:\/\/resarquitectura.blogs.upv.es\/wp-content\/uploads\/2016\/05\/casa-mies-01-300x180.jpg 300w, https:\/\/resarquitectura.blogs.upv.es\/wp-content\/uploads\/2016\/05\/casa-mies-01-768x461.jpg 768w, https:\/\/resarquitectura.blogs.upv.es\/wp-content\/uploads\/2016\/05\/casa-mies-01-1024x615.jpg 1024w, https:\/\/resarquitectura.blogs.upv.es\/wp-content\/uploads\/2016\/05\/casa-mies-01.jpg 1181w\" sizes=\"auto, (max-width: 300px) 100vw, 300px\" \/><\/a> <a href=\"http:\/\/resarquitectura.blogs.upv.es\/wp-content\/uploads\/2016\/05\/casa-mies-02.jpg\"><img loading=\"lazy\" decoding=\"async\" class=\"alignleft size-medium wp-image-3276\" src=\"http:\/\/resarquitectura.blogs.upv.es\/wp-content\/uploads\/2016\/05\/casa-mies-02-300x180.jpg\" alt=\"\" width=\"300\" height=\"180\" srcset=\"https:\/\/resarquitectura.blogs.upv.es\/wp-content\/uploads\/2016\/05\/casa-mies-02-300x180.jpg 300w, https:\/\/resarquitectura.blogs.upv.es\/wp-content\/uploads\/2016\/05\/casa-mies-02-768x460.jpg 768w, https:\/\/resarquitectura.blogs.upv.es\/wp-content\/uploads\/2016\/05\/casa-mies-02.jpg 886w\" sizes=\"auto, (max-width: 300px) 100vw, 300px\" \/><\/a> <a href=\"http:\/\/resarquitectura.blogs.upv.es\/wp-content\/uploads\/2016\/05\/casa-mies-03.jpg\"><img loading=\"lazy\" decoding=\"async\" class=\"alignleft size-medium wp-image-3278\" src=\"http:\/\/resarquitectura.blogs.upv.es\/wp-content\/uploads\/2016\/05\/casa-mies-03-300x180.jpg\" alt=\"\" width=\"300\" height=\"180\" srcset=\"https:\/\/resarquitectura.blogs.upv.es\/wp-content\/uploads\/2016\/05\/casa-mies-03-300x180.jpg 300w, https:\/\/resarquitectura.blogs.upv.es\/wp-content\/uploads\/2016\/05\/casa-mies-03-768x460.jpg 768w, https:\/\/resarquitectura.blogs.upv.es\/wp-content\/uploads\/2016\/05\/casa-mies-03.jpg 886w\" sizes=\"auto, (max-width: 300px) 100vw, 300px\" \/><\/a><\/p>","protected":false},"excerpt":{"rendered":"<p class=\"excerpt\">A\u00f1o finalizaci\u00f3n obra:&nbsp;2002 A\u00f1o realizaci\u00f3n proyecto:&nbsp;2001 Ubicaci\u00f3n:&nbsp;B\u00e9tera (Valencia) Promotor:&nbsp;Construcciones Blau Verd S.L. Arquitectos:&nbsp;Fernando Vegas L\u00f3pez-Manzanares y Camilla Mileto Colaboradores: Miguel Ortiz, Raquel Mart\u00ednez, Eva Cabanell, Jos\u00e9 Costa Pelufo Volver<\/p>\n<p class=\"more-link-p\"><a class=\"btn btn-default\" href=\"https:\/\/resarquitectura.blogs.upv.es\/?page_id=3269\">Read more<\/a><\/p>\n","protected":false},"author":41051,"featured_media":0,"parent":0,"menu_order":0,"comment_status":"closed","ping_status":"closed","template":"","meta":{"ngg_post_thumbnail":0,"footnotes":""},"class_list":["post-3269","page","type-page","status-publish","hentry"],"aioseo_notices":[],"_links":{"self":[{"href":"https:\/\/resarquitectura.blogs.upv.es\/index.php?rest_route=\/wp\/v2\/pages\/3269","targetHints":{"allow":["GET"]}}],"collection":[{"href":"https:\/\/resarquitectura.blogs.upv.es\/index.php?rest_route=\/wp\/v2\/pages"}],"about":[{"href":"https:\/\/resarquitectura.blogs.upv.es\/index.php?rest_route=\/wp\/v2\/types\/page"}],"author":[{"embeddable":true,"href":"https:\/\/resarquitectura.blogs.upv.es\/index.php?rest_route=\/wp\/v2\/users\/41051"}],"replies":[{"embeddable":true,"href":"https:\/\/resarquitectura.blogs.upv.es\/index.php?rest_route=%2Fwp%2Fv2%2Fcomments&post=3269"}],"version-history":[{"count":2,"href":"https:\/\/resarquitectura.blogs.upv.es\/index.php?rest_route=\/wp\/v2\/pages\/3269\/revisions"}],"predecessor-version":[{"id":16252,"href":"https:\/\/resarquitectura.blogs.upv.es\/index.php?rest_route=\/wp\/v2\/pages\/3269\/revisions\/16252"}],"wp:attachment":[{"href":"https:\/\/resarquitectura.blogs.upv.es\/index.php?rest_route=%2Fwp%2Fv2%2Fmedia&parent=3269"}],"curies":[{"name":"wp","href":"https:\/\/api.w.org\/{rel}","templated":true}]}}