{"id":3288,"date":"2016-05-18T10:12:03","date_gmt":"2016-05-18T09:12:03","guid":{"rendered":"http:\/\/resarquitectura.blogs.upv.es\/?page_id=3288"},"modified":"2019-10-02T16:08:13","modified_gmt":"2019-10-02T15:08:13","slug":"plan-especial-de-proteccion-y-reforma-interior-del-barrio-de-velluters-programas-pdai-1ar-1br","status":"publish","type":"page","link":"https:\/\/resarquitectura.blogs.upv.es\/?page_id=3288","title":{"rendered":"Plan Especial de Protecci\u00f3n y Reforma Interior del barrio de Velluters. Programas PDAI 1AR-1BR"},"content":{"rendered":"<p><strong>A\u00f1o: <\/strong>1996-2002<\/p>\n<p><strong>Ubicaci\u00f3n:&nbsp;<\/strong>barrio de Velluters, Valencia<\/p>\n<p><strong>Promotor:&nbsp;<\/strong>AUMSA &#8211; Ayuntamiento de Valencia<\/p>\n<p><strong>Arquitectos:&nbsp;<\/strong>Fernando Vegas L\u00f3pez-Manzanares,&nbsp;Francisco Cervera, Vicente Roman\u00ed<\/p>\n<p><strong>Colaboradores: <\/strong>Camilla Mileto, Jos\u00e9 A. Hidalgo, \u00c1ngela L\u00f3pez Sabater, Miguel Pedre\u00f1o, Miguel A. Mart\u00ed<\/p>\n<p><strong>Ingeniero urbanista:<\/strong>&nbsp;Juliane Petri<\/p>\n<p><strong>Economista:<\/strong> Paz Rico<\/p>\n<p><strong>Abogados:<\/strong> M\u00aa jos\u00e9 Bosch, Gloria Cueto, Isabel G\u00f3mez, Joaqu\u00edn Ivars<\/p>\n<p><a href=\"http:\/\/resarquitectura.blogs.upv.es\/?page_id=94\">Volver<\/a><\/p>\n<p><a href=\"http:\/\/resarquitectura.blogs.upv.es\/wp-content\/uploads\/2016\/05\/pepri-velluters03.jpg\"><img loading=\"lazy\" decoding=\"async\" class=\"alignleft size-medium wp-image-3299\" src=\"http:\/\/resarquitectura.blogs.upv.es\/wp-content\/uploads\/2016\/05\/pepri-velluters03-300x180.jpg\" alt=\"\" width=\"300\" height=\"180\" srcset=\"https:\/\/resarquitectura.blogs.upv.es\/wp-content\/uploads\/2016\/05\/pepri-velluters03-300x180.jpg 300w, https:\/\/resarquitectura.blogs.upv.es\/wp-content\/uploads\/2016\/05\/pepri-velluters03-768x460.jpg 768w, https:\/\/resarquitectura.blogs.upv.es\/wp-content\/uploads\/2016\/05\/pepri-velluters03.jpg 886w\" sizes=\"auto, (max-width: 300px) 100vw, 300px\" \/><\/a> <a href=\"http:\/\/resarquitectura.blogs.upv.es\/wp-content\/uploads\/2019\/10\/pepri-velluters04.jpg\"><img loading=\"lazy\" decoding=\"async\" class=\"alignleft size-medium wp-image-13655\" src=\"http:\/\/resarquitectura.blogs.upv.es\/wp-content\/uploads\/2019\/10\/pepri-velluters04-300x180.jpg\" alt=\"\" width=\"300\" height=\"180\" srcset=\"https:\/\/resarquitectura.blogs.upv.es\/wp-content\/uploads\/2019\/10\/pepri-velluters04-300x180.jpg 300w, https:\/\/resarquitectura.blogs.upv.es\/wp-content\/uploads\/2019\/10\/pepri-velluters04-768x460.jpg 768w, https:\/\/resarquitectura.blogs.upv.es\/wp-content\/uploads\/2019\/10\/pepri-velluters04.jpg 886w\" sizes=\"auto, (max-width: 300px) 100vw, 300px\" \/><\/a> <a href=\"http:\/\/resarquitectura.blogs.upv.es\/wp-content\/uploads\/2016\/05\/pepri-velluters01.jpg\"><img loading=\"lazy\" decoding=\"async\" class=\"alignleft size-medium wp-image-3297\" src=\"http:\/\/resarquitectura.blogs.upv.es\/wp-content\/uploads\/2016\/05\/pepri-velluters01-300x180.jpg\" alt=\"\" width=\"300\" height=\"180\" srcset=\"https:\/\/resarquitectura.blogs.upv.es\/wp-content\/uploads\/2016\/05\/pepri-velluters01-300x180.jpg 300w, https:\/\/resarquitectura.blogs.upv.es\/wp-content\/uploads\/2016\/05\/pepri-velluters01-768x461.jpg 768w, https:\/\/resarquitectura.blogs.upv.es\/wp-content\/uploads\/2016\/05\/pepri-velluters01.jpg 885w\" sizes=\"auto, (max-width: 300px) 100vw, 300px\" \/><\/a> <a href=\"http:\/\/resarquitectura.blogs.upv.es\/wp-content\/uploads\/2016\/05\/pepri-velluters02.jpg\"><img loading=\"lazy\" decoding=\"async\" class=\"alignleft size-medium wp-image-3298\" src=\"http:\/\/resarquitectura.blogs.upv.es\/wp-content\/uploads\/2016\/05\/pepri-velluters02-300x180.jpg\" alt=\"\" width=\"300\" height=\"180\" srcset=\"https:\/\/resarquitectura.blogs.upv.es\/wp-content\/uploads\/2016\/05\/pepri-velluters02-300x180.jpg 300w, https:\/\/resarquitectura.blogs.upv.es\/wp-content\/uploads\/2016\/05\/pepri-velluters02-768x460.jpg 768w, https:\/\/resarquitectura.blogs.upv.es\/wp-content\/uploads\/2016\/05\/pepri-velluters02.jpg 886w\" sizes=\"auto, (max-width: 300px) 100vw, 300px\" \/><\/a><\/p>\n<p>&nbsp;<\/p>","protected":false},"excerpt":{"rendered":"<p class=\"excerpt\">A\u00f1o: 1996-2002 Ubicaci\u00f3n:&nbsp;barrio de Velluters, Valencia Promotor:&nbsp;AUMSA &#8211; Ayuntamiento de Valencia Arquitectos:&nbsp;Fernando Vegas L\u00f3pez-Manzanares,&nbsp;Francisco Cervera, Vicente Roman\u00ed Colaboradores: Camilla Mileto, Jos\u00e9 A. Hidalgo, \u00c1ngela L\u00f3pez Sabater, Miguel Pedre\u00f1o, Miguel A. Mart\u00ed Ingeniero urbanista:&nbsp;Juliane Petri Economista: Paz Rico Abogados: M\u00aa jos\u00e9 Bosch, Gloria Cueto, Isabel G\u00f3mez, Joaqu\u00edn Ivars Volver &nbsp;<\/p>\n<p class=\"more-link-p\"><a class=\"btn btn-default\" href=\"https:\/\/resarquitectura.blogs.upv.es\/?page_id=3288\">Read more<\/a><\/p>\n","protected":false},"author":41051,"featured_media":0,"parent":0,"menu_order":0,"comment_status":"closed","ping_status":"closed","template":"","meta":{"ngg_post_thumbnail":0,"footnotes":""},"class_list":["post-3288","page","type-page","status-publish","hentry"],"aioseo_notices":[],"_links":{"self":[{"href":"https:\/\/resarquitectura.blogs.upv.es\/index.php?rest_route=\/wp\/v2\/pages\/3288","targetHints":{"allow":["GET"]}}],"collection":[{"href":"https:\/\/resarquitectura.blogs.upv.es\/index.php?rest_route=\/wp\/v2\/pages"}],"about":[{"href":"https:\/\/resarquitectura.blogs.upv.es\/index.php?rest_route=\/wp\/v2\/types\/page"}],"author":[{"embeddable":true,"href":"https:\/\/resarquitectura.blogs.upv.es\/index.php?rest_route=\/wp\/v2\/users\/41051"}],"replies":[{"embeddable":true,"href":"https:\/\/resarquitectura.blogs.upv.es\/index.php?rest_route=%2Fwp%2Fv2%2Fcomments&post=3288"}],"version-history":[{"count":3,"href":"https:\/\/resarquitectura.blogs.upv.es\/index.php?rest_route=\/wp\/v2\/pages\/3288\/revisions"}],"predecessor-version":[{"id":13667,"href":"https:\/\/resarquitectura.blogs.upv.es\/index.php?rest_route=\/wp\/v2\/pages\/3288\/revisions\/13667"}],"wp:attachment":[{"href":"https:\/\/resarquitectura.blogs.upv.es\/index.php?rest_route=%2Fwp%2Fv2%2Fmedia&parent=3288"}],"curies":[{"name":"wp","href":"https:\/\/api.w.org\/{rel}","templated":true}]}}