{"id":336,"date":"2016-02-11T12:43:22","date_gmt":"2016-02-11T11:43:22","guid":{"rendered":"http:\/\/resarquitectura.blogs.upv.es\/?page_id=336"},"modified":"2016-04-20T16:45:06","modified_gmt":"2016-04-20T15:45:06","slug":"torres-de-tierra-en-la-valencia-musulmana","status":"publish","type":"page","link":"https:\/\/resarquitectura.blogs.upv.es\/?page_id=336","title":{"rendered":"Torres de tierra en la Valencia musulmana"},"content":{"rendered":"<p><img loading=\"lazy\" decoding=\"async\" class=\"wp-image-339 size-medium alignleft\" src=\"http:\/\/resarquitectura.blogs.upv.es\/wp-content\/uploads\/2016\/02\/panel_2014.01.17-low-212x300.jpg\" alt=\"panel_2014.01.17 low\" width=\"212\" height=\"300\" srcset=\"https:\/\/resarquitectura.blogs.upv.es\/wp-content\/uploads\/2016\/02\/panel_2014.01.17-low-212x300.jpg 212w, https:\/\/resarquitectura.blogs.upv.es\/wp-content\/uploads\/2016\/02\/panel_2014.01.17-low.jpg 334w\" sizes=\"auto, (max-width: 212px) 100vw, 212px\" \/><\/p>\n<p style=\"text-align: justify\"><strong>T\u00edtulo: <\/strong>Torres de tierra en la Valencia musulmana<\/p>\n<p style=\"text-align: justify\"><strong>Ponente:\u00a0<\/strong>Pablo Rodr\u00edguez Navarro<\/p>\n<p style=\"text-align: justify\"><strong>Fecha:\u00a0<\/strong>17\u00a0de Enero\u00a0de 2014<\/p>\n<p style=\"text-align: justify\"><strong>Lugar:\u00a0<\/strong>Sala de Proyecciones\u00a0de la ETSA, Universitat Polit\u00e8cnica de Val\u00e8ncia<\/p>\n<p style=\"text-align: justify\"><a href=\"https:\/\/www.youtube.com\/watch?v=oaoyLruJXRw\" target=\"_blank\">V\u00eddeo de la conferencia\u00a0<\/a><\/p>\n<p style=\"text-align: justify\"><a href=\"http:\/\/resarquitectura.blogs.upv.es\/?page_id=285\">Volver<\/a><\/p>\n","protected":false},"excerpt":{"rendered":"<p class=\"excerpt\">T\u00edtulo: Torres de tierra en la Valencia musulmana Ponente:\u00a0Pablo Rodr\u00edguez Navarro Fecha:\u00a017\u00a0de Enero\u00a0de 2014 Lugar:\u00a0Sala de Proyecciones\u00a0de la ETSA, Universitat Polit\u00e8cnica de Val\u00e8ncia V\u00eddeo de la conferencia\u00a0 Volver<\/p>\n<p class=\"more-link-p\"><a class=\"btn btn-default\" href=\"https:\/\/resarquitectura.blogs.upv.es\/?page_id=336\">Read more<\/a><\/p>\n","protected":false},"author":5990,"featured_media":0,"parent":0,"menu_order":0,"comment_status":"closed","ping_status":"closed","template":"","meta":{"ngg_post_thumbnail":0,"footnotes":""},"class_list":["post-336","page","type-page","status-publish","hentry"],"aioseo_notices":[],"_links":{"self":[{"href":"https:\/\/resarquitectura.blogs.upv.es\/index.php?rest_route=\/wp\/v2\/pages\/336","targetHints":{"allow":["GET"]}}],"collection":[{"href":"https:\/\/resarquitectura.blogs.upv.es\/index.php?rest_route=\/wp\/v2\/pages"}],"about":[{"href":"https:\/\/resarquitectura.blogs.upv.es\/index.php?rest_route=\/wp\/v2\/types\/page"}],"author":[{"embeddable":true,"href":"https:\/\/resarquitectura.blogs.upv.es\/index.php?rest_route=\/wp\/v2\/users\/5990"}],"replies":[{"embeddable":true,"href":"https:\/\/resarquitectura.blogs.upv.es\/index.php?rest_route=%2Fwp%2Fv2%2Fcomments&post=336"}],"version-history":[{"count":0,"href":"https:\/\/resarquitectura.blogs.upv.es\/index.php?rest_route=\/wp\/v2\/pages\/336\/revisions"}],"wp:attachment":[{"href":"https:\/\/resarquitectura.blogs.upv.es\/index.php?rest_route=%2Fwp%2Fv2%2Fmedia&parent=336"}],"curies":[{"name":"wp","href":"https:\/\/api.w.org\/{rel}","templated":true}]}}