{"id":3369,"date":"2016-05-18T16:31:06","date_gmt":"2016-05-18T15:31:06","guid":{"rendered":"http:\/\/resarquitectura.blogs.upv.es\/?page_id=3369"},"modified":"2019-10-03T12:22:31","modified_gmt":"2019-10-03T11:22:31","slug":"reforma-de-dos-viviendas","status":"publish","type":"page","link":"https:\/\/resarquitectura.blogs.upv.es\/?page_id=3369","title":{"rendered":"Reforma de dos viviendas"},"content":{"rendered":"<p><strong>A\u00f1o finalizaci\u00f3n obra:<\/strong> 2015<\/p>\n<p><strong>A\u00f1o realizaci\u00f3n proyecto:&nbsp;<\/strong>2012<\/p>\n<p><strong>Ubicaci\u00f3n:<\/strong>&nbsp;Calle Baja 17, Valencia<\/p>\n<p><strong>Promotor:<\/strong>&nbsp;Privado<\/p>\n<p><strong>Arquitectos:&nbsp;<\/strong>Fernando Vegas L\u00f3pez-Manzanares y Camilla Mileto<\/p>\n<p><strong>Arquitecto t\u00e9cnico:<\/strong> Salvador Tom\u00e1s M\u00e1rquez<\/p>\n<p style=\"text-align: justify\"><strong>Colaboradores: <\/strong>M.&nbsp;Soledad Garc\u00eda S\u00e1ez, Lidia Garc\u00eda Soriano, Maria Diodato, Jos\u00e9 Miguel Zapata Peral, Salvador Tom\u00e1s M\u00e1rquez, Paolo Privitera, Luca Maioli<\/p>\n<p><a href=\"http:\/\/resarquitectura.blogs.upv.es\/?page_id=92\">Volver<\/a><\/p>\n<p><a href=\"http:\/\/resarquitectura.blogs.upv.es\/wp-content\/uploads\/2018\/07\/calle-baja-03-1.jpg\"><img loading=\"lazy\" decoding=\"async\" class=\"alignleft size-medium wp-image-8238\" src=\"http:\/\/resarquitectura.blogs.upv.es\/wp-content\/uploads\/2018\/07\/calle-baja-03-1-300x180.jpg\" alt=\"\" width=\"300\" height=\"180\" srcset=\"https:\/\/resarquitectura.blogs.upv.es\/wp-content\/uploads\/2018\/07\/calle-baja-03-1-300x180.jpg 300w, https:\/\/resarquitectura.blogs.upv.es\/wp-content\/uploads\/2018\/07\/calle-baja-03-1-768x461.jpg 768w, https:\/\/resarquitectura.blogs.upv.es\/wp-content\/uploads\/2018\/07\/calle-baja-03-1-1024x615.jpg 1024w, https:\/\/resarquitectura.blogs.upv.es\/wp-content\/uploads\/2018\/07\/calle-baja-03-1.jpg 1181w\" sizes=\"auto, (max-width: 300px) 100vw, 300px\" \/><\/a> <a href=\"http:\/\/resarquitectura.blogs.upv.es\/wp-content\/uploads\/2016\/05\/calle-baja-02.jpg\"><img loading=\"lazy\" decoding=\"async\" class=\"alignleft size-medium wp-image-3377\" src=\"http:\/\/resarquitectura.blogs.upv.es\/wp-content\/uploads\/2016\/05\/calle-baja-02-300x180.jpg\" alt=\"\" width=\"300\" height=\"180\" srcset=\"https:\/\/resarquitectura.blogs.upv.es\/wp-content\/uploads\/2016\/05\/calle-baja-02-300x180.jpg 300w, https:\/\/resarquitectura.blogs.upv.es\/wp-content\/uploads\/2016\/05\/calle-baja-02-768x461.jpg 768w, https:\/\/resarquitectura.blogs.upv.es\/wp-content\/uploads\/2016\/05\/calle-baja-02-1024x615.jpg 1024w, https:\/\/resarquitectura.blogs.upv.es\/wp-content\/uploads\/2016\/05\/calle-baja-02.jpg 1181w\" sizes=\"auto, (max-width: 300px) 100vw, 300px\" \/><\/a><\/p>\n<p>&nbsp;<\/p>","protected":false},"excerpt":{"rendered":"<p class=\"excerpt\">A\u00f1o finalizaci\u00f3n obra: 2015 A\u00f1o realizaci\u00f3n proyecto:&nbsp;2012 Ubicaci\u00f3n:&nbsp;Calle Baja 17, Valencia Promotor:&nbsp;Privado Arquitectos:&nbsp;Fernando Vegas L\u00f3pez-Manzanares y Camilla Mileto Arquitecto t\u00e9cnico: Salvador Tom\u00e1s M\u00e1rquez Colaboradores: M.&nbsp;Soledad Garc\u00eda S\u00e1ez, Lidia Garc\u00eda Soriano, Maria Diodato, Jos\u00e9 Miguel Zapata Peral, Salvador Tom\u00e1s M\u00e1rquez, Paolo Privitera, Luca Maioli Volver &nbsp;<\/p>\n<p class=\"more-link-p\"><a class=\"btn btn-default\" href=\"https:\/\/resarquitectura.blogs.upv.es\/?page_id=3369\">Read more<\/a><\/p>\n","protected":false},"author":41051,"featured_media":0,"parent":0,"menu_order":0,"comment_status":"closed","ping_status":"closed","template":"","meta":{"ngg_post_thumbnail":0,"footnotes":""},"class_list":["post-3369","page","type-page","status-publish","hentry"],"aioseo_notices":[],"_links":{"self":[{"href":"https:\/\/resarquitectura.blogs.upv.es\/index.php?rest_route=\/wp\/v2\/pages\/3369","targetHints":{"allow":["GET"]}}],"collection":[{"href":"https:\/\/resarquitectura.blogs.upv.es\/index.php?rest_route=\/wp\/v2\/pages"}],"about":[{"href":"https:\/\/resarquitectura.blogs.upv.es\/index.php?rest_route=\/wp\/v2\/types\/page"}],"author":[{"embeddable":true,"href":"https:\/\/resarquitectura.blogs.upv.es\/index.php?rest_route=\/wp\/v2\/users\/41051"}],"replies":[{"embeddable":true,"href":"https:\/\/resarquitectura.blogs.upv.es\/index.php?rest_route=%2Fwp%2Fv2%2Fcomments&post=3369"}],"version-history":[{"count":2,"href":"https:\/\/resarquitectura.blogs.upv.es\/index.php?rest_route=\/wp\/v2\/pages\/3369\/revisions"}],"predecessor-version":[{"id":13820,"href":"https:\/\/resarquitectura.blogs.upv.es\/index.php?rest_route=\/wp\/v2\/pages\/3369\/revisions\/13820"}],"wp:attachment":[{"href":"https:\/\/resarquitectura.blogs.upv.es\/index.php?rest_route=%2Fwp%2Fv2%2Fmedia&parent=3369"}],"curies":[{"name":"wp","href":"https:\/\/api.w.org\/{rel}","templated":true}]}}