{"id":342,"date":"2016-02-11T12:50:48","date_gmt":"2016-02-11T11:50:48","guid":{"rendered":"http:\/\/resarquitectura.blogs.upv.es\/?page_id=342"},"modified":"2016-04-20T16:52:46","modified_gmt":"2016-04-20T15:52:46","slug":"recuperacion-de-los-oficios-tradicionales-en-el-norte-de-chile","status":"publish","type":"page","link":"https:\/\/resarquitectura.blogs.upv.es\/?page_id=342","title":{"rendered":"Recuperaci\u00f3n de los oficios tradicionales en el norte de Chile"},"content":{"rendered":"<p><img loading=\"lazy\" decoding=\"async\" class=\"wp-image-345 size-medium alignleft\" src=\"http:\/\/resarquitectura.blogs.upv.es\/wp-content\/uploads\/2016\/02\/panel_2013.12.13-low-212x300.jpg\" alt=\"panel_2013.12.13 low\" width=\"212\" height=\"300\" srcset=\"https:\/\/resarquitectura.blogs.upv.es\/wp-content\/uploads\/2016\/02\/panel_2013.12.13-low-212x300.jpg 212w, https:\/\/resarquitectura.blogs.upv.es\/wp-content\/uploads\/2016\/02\/panel_2013.12.13-low.jpg 334w\" sizes=\"auto, (max-width: 212px) 100vw, 212px\" \/><\/p>\n<p style=\"text-align: justify\"><strong>T\u00edtulo: <\/strong>Recuperaci\u00f3n de los oficios tradicionales en el norte de Chile<\/p>\n<p style=\"text-align: justify\"><strong>Ponente:\u00a0<\/strong>Beatriz Yuste Miguel<\/p>\n<p style=\"text-align: justify\"><strong>Fecha:\u00a0<\/strong>13<strong>\u00a0<\/strong>de Diciembre\u00a0de 2013<\/p>\n<p style=\"text-align: justify\"><strong>Lugar:\u00a0<\/strong>Sala de Proyecciones de la ETSA, Universitat Polit\u00e8cnica de Val\u00e8ncia<\/p>\n<p style=\"text-align: justify\"><a href=\"https:\/\/www.youtube.com\/watch?v=TOdZJ3TlRRc\" target=\"_blank\">V\u00eddeo de\u00a0la conferencia\u00a0<\/a><\/p>\n<p style=\"text-align: justify\"><a href=\"http:\/\/resarquitectura.blogs.upv.es\/?page_id=285\">Volver<\/a><\/p>\n","protected":false},"excerpt":{"rendered":"<p class=\"excerpt\">T\u00edtulo: Recuperaci\u00f3n de los oficios tradicionales en el norte de Chile Ponente:\u00a0Beatriz Yuste Miguel Fecha:\u00a013\u00a0de Diciembre\u00a0de 2013 Lugar:\u00a0Sala de Proyecciones de la ETSA, Universitat Polit\u00e8cnica de Val\u00e8ncia V\u00eddeo de\u00a0la conferencia\u00a0 Volver<\/p>\n<p class=\"more-link-p\"><a class=\"btn btn-default\" href=\"https:\/\/resarquitectura.blogs.upv.es\/?page_id=342\">Read more<\/a><\/p>\n","protected":false},"author":5990,"featured_media":0,"parent":0,"menu_order":0,"comment_status":"closed","ping_status":"closed","template":"","meta":{"ngg_post_thumbnail":0,"footnotes":""},"class_list":["post-342","page","type-page","status-publish","hentry"],"aioseo_notices":[],"_links":{"self":[{"href":"https:\/\/resarquitectura.blogs.upv.es\/index.php?rest_route=\/wp\/v2\/pages\/342","targetHints":{"allow":["GET"]}}],"collection":[{"href":"https:\/\/resarquitectura.blogs.upv.es\/index.php?rest_route=\/wp\/v2\/pages"}],"about":[{"href":"https:\/\/resarquitectura.blogs.upv.es\/index.php?rest_route=\/wp\/v2\/types\/page"}],"author":[{"embeddable":true,"href":"https:\/\/resarquitectura.blogs.upv.es\/index.php?rest_route=\/wp\/v2\/users\/5990"}],"replies":[{"embeddable":true,"href":"https:\/\/resarquitectura.blogs.upv.es\/index.php?rest_route=%2Fwp%2Fv2%2Fcomments&post=342"}],"version-history":[{"count":0,"href":"https:\/\/resarquitectura.blogs.upv.es\/index.php?rest_route=\/wp\/v2\/pages\/342\/revisions"}],"wp:attachment":[{"href":"https:\/\/resarquitectura.blogs.upv.es\/index.php?rest_route=%2Fwp%2Fv2%2Fmedia&parent=342"}],"curies":[{"name":"wp","href":"https:\/\/api.w.org\/{rel}","templated":true}]}}