{"id":3455,"date":"2016-05-23T11:57:46","date_gmt":"2016-05-23T10:57:46","guid":{"rendered":"http:\/\/resarquitectura.blogs.upv.es\/?page_id=3455"},"modified":"2019-10-03T12:28:54","modified_gmt":"2019-10-03T11:28:54","slug":"plaza-de-tronchon","status":"publish","type":"page","link":"https:\/\/resarquitectura.blogs.upv.es\/?page_id=3455","title":{"rendered":"Plaza de Tronch\u00f3n"},"content":{"rendered":"<p><strong>A\u00f1o finalizaci\u00f3n obra:&nbsp;<\/strong>2012<\/p>\n<p><strong>A\u00f1o realizaci\u00f3n proyecto:<\/strong> 2009<\/p>\n<p><strong>Ubicaci\u00f3n:&nbsp;<\/strong>Tronch\u00f3n,&nbsp;Teruel<\/p>\n<p><strong>Promotor:<\/strong><strong>&nbsp;<\/strong>Gobierno de Arag\u00f3n<\/p>\n<p><strong>Arquitectos:&nbsp;<\/strong>Fernando Vegas L\u00f3pez-Manzanares y Camilla Mileto<\/p>\n<p><strong>Arquitecto t\u00e9cnico:<\/strong> Raquel Gim\u00e9nez y Salvador Tom\u00e1s M\u00e1rquez<\/p>\n<p style=\"text-align: justify\"><strong>Colaboradores: <\/strong>Lidia Garc\u00eda Soriano,&nbsp;M.&nbsp;Soledad Garc\u00eda S\u00e1ez, Salvador Tom\u00e1s M\u00e1rquez, Francisco Campillo, Valentina Cristini, Maria Diodato, Inmaculada Fern\u00e1ndez, Lourdes Garc\u00eda Cerezuela, Luca Maioli, Lid\u00f3n Molinos, Paolo Privitera, Marta Ram\u00f3n, Jos\u00e9 Miguel Zapata Peral<\/p>\n<p style=\"text-align: justify\"><strong>Top\u00f3grafo:<\/strong> Jos\u00e9 Luis Lerma<\/p>\n<p><a href=\"http:\/\/resarquitectura.blogs.upv.es\/?page_id=92\">Volver<\/a><\/p>\n<p><a href=\"http:\/\/resarquitectura.blogs.upv.es\/wp-content\/uploads\/2016\/05\/tronchon02.jpg\"><img loading=\"lazy\" decoding=\"async\" class=\"alignleft size-medium wp-image-3464\" src=\"http:\/\/resarquitectura.blogs.upv.es\/wp-content\/uploads\/2016\/05\/tronchon02-300x180.jpg\" alt=\"\" width=\"300\" height=\"180\" srcset=\"https:\/\/resarquitectura.blogs.upv.es\/wp-content\/uploads\/2016\/05\/tronchon02-300x180.jpg 300w, https:\/\/resarquitectura.blogs.upv.es\/wp-content\/uploads\/2016\/05\/tronchon02-768x460.jpg 768w, https:\/\/resarquitectura.blogs.upv.es\/wp-content\/uploads\/2016\/05\/tronchon02.jpg 886w\" sizes=\"auto, (max-width: 300px) 100vw, 300px\" \/><\/a> <a href=\"http:\/\/resarquitectura.blogs.upv.es\/wp-content\/uploads\/2016\/05\/tronchon01.jpg\"><img loading=\"lazy\" decoding=\"async\" class=\"alignleft size-medium wp-image-3462\" src=\"http:\/\/resarquitectura.blogs.upv.es\/wp-content\/uploads\/2016\/05\/tronchon01-300x180.jpg\" alt=\"\" width=\"300\" height=\"180\" srcset=\"https:\/\/resarquitectura.blogs.upv.es\/wp-content\/uploads\/2016\/05\/tronchon01-300x180.jpg 300w, https:\/\/resarquitectura.blogs.upv.es\/wp-content\/uploads\/2016\/05\/tronchon01-768x460.jpg 768w, https:\/\/resarquitectura.blogs.upv.es\/wp-content\/uploads\/2016\/05\/tronchon01.jpg 886w\" sizes=\"auto, (max-width: 300px) 100vw, 300px\" \/><\/a> <a href=\"http:\/\/resarquitectura.blogs.upv.es\/wp-content\/uploads\/2016\/05\/tronchon03.jpg\"><img loading=\"lazy\" decoding=\"async\" class=\"alignleft size-medium wp-image-3465\" src=\"http:\/\/resarquitectura.blogs.upv.es\/wp-content\/uploads\/2016\/05\/tronchon03-300x180.jpg\" alt=\"\" width=\"300\" height=\"180\" srcset=\"https:\/\/resarquitectura.blogs.upv.es\/wp-content\/uploads\/2016\/05\/tronchon03-300x180.jpg 300w, https:\/\/resarquitectura.blogs.upv.es\/wp-content\/uploads\/2016\/05\/tronchon03-768x460.jpg 768w, https:\/\/resarquitectura.blogs.upv.es\/wp-content\/uploads\/2016\/05\/tronchon03.jpg 886w\" sizes=\"auto, (max-width: 300px) 100vw, 300px\" \/><\/a> <a href=\"http:\/\/resarquitectura.blogs.upv.es\/wp-content\/uploads\/2016\/05\/tronchon05.jpg\"><img loading=\"lazy\" decoding=\"async\" class=\"alignleft size-medium wp-image-3472\" src=\"http:\/\/resarquitectura.blogs.upv.es\/wp-content\/uploads\/2016\/05\/tronchon05-300x180.jpg\" alt=\"\" width=\"300\" height=\"180\" srcset=\"https:\/\/resarquitectura.blogs.upv.es\/wp-content\/uploads\/2016\/05\/tronchon05-300x180.jpg 300w, https:\/\/resarquitectura.blogs.upv.es\/wp-content\/uploads\/2016\/05\/tronchon05-768x460.jpg 768w, https:\/\/resarquitectura.blogs.upv.es\/wp-content\/uploads\/2016\/05\/tronchon05.jpg 886w\" sizes=\"auto, (max-width: 300px) 100vw, 300px\" \/><\/a><\/p>","protected":false},"excerpt":{"rendered":"<p class=\"excerpt\">A\u00f1o finalizaci\u00f3n obra:&nbsp;2012 A\u00f1o realizaci\u00f3n proyecto: 2009 Ubicaci\u00f3n:&nbsp;Tronch\u00f3n,&nbsp;Teruel Promotor:&nbsp;Gobierno de Arag\u00f3n Arquitectos:&nbsp;Fernando Vegas L\u00f3pez-Manzanares y Camilla Mileto Arquitecto t\u00e9cnico: Raquel Gim\u00e9nez y Salvador Tom\u00e1s M\u00e1rquez Colaboradores: Lidia Garc\u00eda Soriano,&nbsp;M.&nbsp;Soledad Garc\u00eda S\u00e1ez, Salvador Tom\u00e1s M\u00e1rquez, Francisco Campillo, Valentina Cristini, Maria Diodato, Inmaculada Fern\u00e1ndez, Lourdes Garc\u00eda Cerezuela, Luca Maioli, Lid\u00f3n Molinos, Paolo Privitera, Marta Ram\u00f3n, Jos\u00e9 Miguel Zapata Peral Top\u00f3grafo: Jos\u00e9 Luis&hellip;<\/p>\n<p class=\"more-link-p\"><a class=\"btn btn-default\" href=\"https:\/\/resarquitectura.blogs.upv.es\/?page_id=3455\">Read more<\/a><\/p>\n","protected":false},"author":41051,"featured_media":0,"parent":0,"menu_order":0,"comment_status":"closed","ping_status":"closed","template":"","meta":{"ngg_post_thumbnail":0,"footnotes":""},"class_list":["post-3455","page","type-page","status-publish","hentry"],"aioseo_notices":[],"_links":{"self":[{"href":"https:\/\/resarquitectura.blogs.upv.es\/index.php?rest_route=\/wp\/v2\/pages\/3455","targetHints":{"allow":["GET"]}}],"collection":[{"href":"https:\/\/resarquitectura.blogs.upv.es\/index.php?rest_route=\/wp\/v2\/pages"}],"about":[{"href":"https:\/\/resarquitectura.blogs.upv.es\/index.php?rest_route=\/wp\/v2\/types\/page"}],"author":[{"embeddable":true,"href":"https:\/\/resarquitectura.blogs.upv.es\/index.php?rest_route=\/wp\/v2\/users\/41051"}],"replies":[{"embeddable":true,"href":"https:\/\/resarquitectura.blogs.upv.es\/index.php?rest_route=%2Fwp%2Fv2%2Fcomments&post=3455"}],"version-history":[{"count":3,"href":"https:\/\/resarquitectura.blogs.upv.es\/index.php?rest_route=\/wp\/v2\/pages\/3455\/revisions"}],"predecessor-version":[{"id":13471,"href":"https:\/\/resarquitectura.blogs.upv.es\/index.php?rest_route=\/wp\/v2\/pages\/3455\/revisions\/13471"}],"wp:attachment":[{"href":"https:\/\/resarquitectura.blogs.upv.es\/index.php?rest_route=%2Fwp%2Fv2%2Fmedia&parent=3455"}],"curies":[{"name":"wp","href":"https:\/\/api.w.org\/{rel}","templated":true}]}}