{"id":3476,"date":"2016-05-23T16:54:48","date_gmt":"2016-05-23T15:54:48","guid":{"rendered":"http:\/\/resarquitectura.blogs.upv.es\/?page_id=3476"},"modified":"2022-02-01T18:21:52","modified_gmt":"2022-02-01T17:21:52","slug":"torre-princesa-y-entrante-5-fortaleza-de-la-mola-mahon","status":"publish","type":"page","link":"https:\/\/resarquitectura.blogs.upv.es\/?page_id=3476","title":{"rendered":"Torre Princesa y Entrante 5. Fortaleza de La Mola, Mah\u00f3n"},"content":{"rendered":"<p><strong>A\u00f1o realizaci\u00f3n proyecto:<\/strong> 2011<\/p>\n<p><strong>Ubicaci\u00f3n:&nbsp;<\/strong>Mah\u00f3n Menorca<\/p>\n<p><strong>Promotor:<\/strong><strong>&nbsp;<\/strong>Ministerio de Cultura<\/p>\n<p><strong>Arquitectos:&nbsp;<\/strong>Fernando Vegas L\u00f3pez-Manzanares y Camilla Mileto<\/p>\n<p style=\"text-align: justify\"><strong>Colaboradores:&nbsp;<\/strong>Francisco Campillo Antoni, Lid\u00f3n Molinos Carceller, Valentina Cristini, Lidia Garc\u00eda Soriano, Paolo Privitera, M. Soledad Garc\u00eda S\u00e1ez, Salvador Tom\u00e1s M\u00e1rquez, Tama&#8217;s Somsa&#8217;k<\/p>\n<p style=\"text-align: justify\"><strong>Memoria hist\u00f3rica:<\/strong>&nbsp;Guillermo Guimaraens<\/p>\n<p>ngg_shortcode_0_placeholder<a href=\"http:\/\/resarquitectura.blogs.upv.es\/?page_id=92\">Volver<\/a><\/p>\n<p>&nbsp; &nbsp;<\/p>","protected":false},"excerpt":{"rendered":"<p class=\"excerpt\">A\u00f1o realizaci\u00f3n proyecto: 2011 Ubicaci\u00f3n:&nbsp;Mah\u00f3n Menorca Promotor:&nbsp;Ministerio de Cultura Arquitectos:&nbsp;Fernando Vegas L\u00f3pez-Manzanares y Camilla Mileto Colaboradores:&nbsp;Francisco Campillo Antoni, Lid\u00f3n Molinos Carceller, Valentina Cristini, Lidia Garc\u00eda Soriano, Paolo Privitera, M. Soledad Garc\u00eda S\u00e1ez, Salvador Tom\u00e1s M\u00e1rquez, Tama&#8217;s Somsa&#8217;k Memoria hist\u00f3rica:&nbsp;Guillermo Guimaraens Volver &nbsp; &nbsp;<\/p>\n<p class=\"more-link-p\"><a class=\"btn btn-default\" href=\"https:\/\/resarquitectura.blogs.upv.es\/?page_id=3476\">Read more<\/a><\/p>\n","protected":false},"author":41051,"featured_media":0,"parent":0,"menu_order":0,"comment_status":"closed","ping_status":"closed","template":"","meta":{"ngg_post_thumbnail":0,"footnotes":""},"class_list":["post-3476","page","type-page","status-publish","hentry"],"aioseo_notices":[],"_links":{"self":[{"href":"https:\/\/resarquitectura.blogs.upv.es\/index.php?rest_route=\/wp\/v2\/pages\/3476","targetHints":{"allow":["GET"]}}],"collection":[{"href":"https:\/\/resarquitectura.blogs.upv.es\/index.php?rest_route=\/wp\/v2\/pages"}],"about":[{"href":"https:\/\/resarquitectura.blogs.upv.es\/index.php?rest_route=\/wp\/v2\/types\/page"}],"author":[{"embeddable":true,"href":"https:\/\/resarquitectura.blogs.upv.es\/index.php?rest_route=\/wp\/v2\/users\/41051"}],"replies":[{"embeddable":true,"href":"https:\/\/resarquitectura.blogs.upv.es\/index.php?rest_route=%2Fwp%2Fv2%2Fcomments&post=3476"}],"version-history":[{"count":2,"href":"https:\/\/resarquitectura.blogs.upv.es\/index.php?rest_route=\/wp\/v2\/pages\/3476\/revisions"}],"predecessor-version":[{"id":19842,"href":"https:\/\/resarquitectura.blogs.upv.es\/index.php?rest_route=\/wp\/v2\/pages\/3476\/revisions\/19842"}],"wp:attachment":[{"href":"https:\/\/resarquitectura.blogs.upv.es\/index.php?rest_route=%2Fwp%2Fv2%2Fmedia&parent=3476"}],"curies":[{"name":"wp","href":"https:\/\/api.w.org\/{rel}","templated":true}]}}