{"id":3565,"date":"2016-05-25T12:37:03","date_gmt":"2016-05-25T11:37:03","guid":{"rendered":"http:\/\/resarquitectura.blogs.upv.es\/?page_id=3565"},"modified":"2019-10-03T12:42:43","modified_gmt":"2019-10-03T11:42:43","slug":"edificio-de-2-viviendas-en-el-grao","status":"publish","type":"page","link":"https:\/\/resarquitectura.blogs.upv.es\/?page_id=3565","title":{"rendered":"Edificio de 2 viviendas en El Grao"},"content":{"rendered":"<p><strong>A\u00f1o finalizaci\u00f3n obra:&nbsp;<\/strong>2010<\/p>\n<p><strong>A\u00f1o realizaci\u00f3n proyecto:<\/strong> 2004<\/p>\n<p><strong>Ubicaci\u00f3n:<\/strong>&nbsp;El Grao (Valencia)<\/p>\n<p><strong>Promotor:<\/strong>&nbsp;Privado<\/p>\n<p><strong>Arquitectos:&nbsp;<\/strong>Fernando Vegas L\u00f3pez-Manzanares y Camilla Mileto<\/p>\n<p style=\"text-align: justify\"><strong>Colaboradores: <\/strong>Jos\u00e9 Miguel Zapata Peral, M.&nbsp;Soledad Garc\u00eda S\u00e1ez, Valentina Cristini,&nbsp;Vicente Pa\u00f1ego, Anna Escrig, Elisabetta Loruso, Mar\u00eda Llatser, Doreen Rades, Pasquale de Dato, Patricia Cruzans, Neus Vilalta<\/p>\n<p><a href=\"http:\/\/resarquitectura.blogs.upv.es\/?page_id=92\">Volver<\/a><\/p>\n<p><a href=\"http:\/\/resarquitectura.blogs.upv.es\/wp-content\/uploads\/2016\/05\/mansion-01.jpg\"><img loading=\"lazy\" decoding=\"async\" class=\"alignleft size-medium wp-image-3569\" src=\"http:\/\/resarquitectura.blogs.upv.es\/wp-content\/uploads\/2016\/05\/mansion-01-300x180.jpg\" alt=\"\" width=\"300\" height=\"180\" srcset=\"https:\/\/resarquitectura.blogs.upv.es\/wp-content\/uploads\/2016\/05\/mansion-01-300x180.jpg 300w, https:\/\/resarquitectura.blogs.upv.es\/wp-content\/uploads\/2016\/05\/mansion-01-768x460.jpg 768w, https:\/\/resarquitectura.blogs.upv.es\/wp-content\/uploads\/2016\/05\/mansion-01.jpg 886w\" sizes=\"auto, (max-width: 300px) 100vw, 300px\" \/><\/a> <a href=\"http:\/\/resarquitectura.blogs.upv.es\/wp-content\/uploads\/2016\/05\/mansion-02.jpg\"><img loading=\"lazy\" decoding=\"async\" class=\"alignleft size-medium wp-image-3571\" src=\"http:\/\/resarquitectura.blogs.upv.es\/wp-content\/uploads\/2016\/05\/mansion-02-300x180.jpg\" alt=\"\" width=\"300\" height=\"180\" srcset=\"https:\/\/resarquitectura.blogs.upv.es\/wp-content\/uploads\/2016\/05\/mansion-02-300x180.jpg 300w, https:\/\/resarquitectura.blogs.upv.es\/wp-content\/uploads\/2016\/05\/mansion-02-768x460.jpg 768w, https:\/\/resarquitectura.blogs.upv.es\/wp-content\/uploads\/2016\/05\/mansion-02.jpg 886w\" sizes=\"auto, (max-width: 300px) 100vw, 300px\" \/><\/a> <a href=\"http:\/\/resarquitectura.blogs.upv.es\/wp-content\/uploads\/2016\/05\/mansion-03.jpg\"><img loading=\"lazy\" decoding=\"async\" class=\"alignleft size-medium wp-image-3574\" src=\"http:\/\/resarquitectura.blogs.upv.es\/wp-content\/uploads\/2016\/05\/mansion-03-300x180.jpg\" alt=\"\" width=\"300\" height=\"180\" srcset=\"https:\/\/resarquitectura.blogs.upv.es\/wp-content\/uploads\/2016\/05\/mansion-03-300x180.jpg 300w, https:\/\/resarquitectura.blogs.upv.es\/wp-content\/uploads\/2016\/05\/mansion-03-768x460.jpg 768w, https:\/\/resarquitectura.blogs.upv.es\/wp-content\/uploads\/2016\/05\/mansion-03.jpg 886w\" sizes=\"auto, (max-width: 300px) 100vw, 300px\" \/><\/a> <a href=\"http:\/\/resarquitectura.blogs.upv.es\/wp-content\/uploads\/2016\/05\/mansion-04.jpg\"><img loading=\"lazy\" decoding=\"async\" class=\"alignleft size-medium wp-image-3575\" src=\"http:\/\/resarquitectura.blogs.upv.es\/wp-content\/uploads\/2016\/05\/mansion-04-300x180.jpg\" alt=\"\" width=\"300\" height=\"180\" srcset=\"https:\/\/resarquitectura.blogs.upv.es\/wp-content\/uploads\/2016\/05\/mansion-04-300x180.jpg 300w, https:\/\/resarquitectura.blogs.upv.es\/wp-content\/uploads\/2016\/05\/mansion-04-768x460.jpg 768w, https:\/\/resarquitectura.blogs.upv.es\/wp-content\/uploads\/2016\/05\/mansion-04.jpg 886w\" sizes=\"auto, (max-width: 300px) 100vw, 300px\" \/><\/a><\/p>","protected":false},"excerpt":{"rendered":"<p class=\"excerpt\">A\u00f1o finalizaci\u00f3n obra:&nbsp;2010 A\u00f1o realizaci\u00f3n proyecto: 2004 Ubicaci\u00f3n:&nbsp;El Grao (Valencia) Promotor:&nbsp;Privado Arquitectos:&nbsp;Fernando Vegas L\u00f3pez-Manzanares y Camilla Mileto Colaboradores: Jos\u00e9 Miguel Zapata Peral, M.&nbsp;Soledad Garc\u00eda S\u00e1ez, Valentina Cristini,&nbsp;Vicente Pa\u00f1ego, Anna Escrig, Elisabetta Loruso, Mar\u00eda Llatser, Doreen Rades, Pasquale de Dato, Patricia Cruzans, Neus Vilalta Volver<\/p>\n<p class=\"more-link-p\"><a class=\"btn btn-default\" href=\"https:\/\/resarquitectura.blogs.upv.es\/?page_id=3565\">Read more<\/a><\/p>\n","protected":false},"author":41051,"featured_media":0,"parent":0,"menu_order":0,"comment_status":"closed","ping_status":"closed","template":"","meta":{"ngg_post_thumbnail":0,"footnotes":""},"class_list":["post-3565","page","type-page","status-publish","hentry"],"aioseo_notices":[],"_links":{"self":[{"href":"https:\/\/resarquitectura.blogs.upv.es\/index.php?rest_route=\/wp\/v2\/pages\/3565","targetHints":{"allow":["GET"]}}],"collection":[{"href":"https:\/\/resarquitectura.blogs.upv.es\/index.php?rest_route=\/wp\/v2\/pages"}],"about":[{"href":"https:\/\/resarquitectura.blogs.upv.es\/index.php?rest_route=\/wp\/v2\/types\/page"}],"author":[{"embeddable":true,"href":"https:\/\/resarquitectura.blogs.upv.es\/index.php?rest_route=\/wp\/v2\/users\/41051"}],"replies":[{"embeddable":true,"href":"https:\/\/resarquitectura.blogs.upv.es\/index.php?rest_route=%2Fwp%2Fv2%2Fcomments&post=3565"}],"version-history":[{"count":2,"href":"https:\/\/resarquitectura.blogs.upv.es\/index.php?rest_route=\/wp\/v2\/pages\/3565\/revisions"}],"predecessor-version":[{"id":13871,"href":"https:\/\/resarquitectura.blogs.upv.es\/index.php?rest_route=\/wp\/v2\/pages\/3565\/revisions\/13871"}],"wp:attachment":[{"href":"https:\/\/resarquitectura.blogs.upv.es\/index.php?rest_route=%2Fwp%2Fv2%2Fmedia&parent=3565"}],"curies":[{"name":"wp","href":"https:\/\/api.w.org\/{rel}","templated":true}]}}