{"id":3706,"date":"2016-05-30T13:08:26","date_gmt":"2016-05-30T12:08:26","guid":{"rendered":"http:\/\/resarquitectura.blogs.upv.es\/?page_id=3706"},"modified":"2022-02-01T20:03:22","modified_gmt":"2022-02-01T19:03:22","slug":"sala-lateral-de-entrada-del-mexuar-en-la-alhambra","status":"publish","type":"page","link":"https:\/\/resarquitectura.blogs.upv.es\/?page_id=3706","title":{"rendered":"Sala lateral de entrada del Mexuar en la Alhambra"},"content":{"rendered":"<p><strong>A\u00f1o finalizaci\u00f3n obra:&nbsp;<\/strong>2009<\/p>\n<p><strong>A\u00f1o realizaci\u00f3n proyecto:<\/strong> 2007<\/p>\n<p><strong>A\u00f1o restauraci\u00f3n superficies:<\/strong> 2005<\/p>\n<p><strong>Ubicaci\u00f3n:<\/strong>&nbsp;La Alhambra (Granada)<\/p>\n<p><strong>Promotor:<\/strong>&nbsp;Patronato de la Alhambra y el Generalife<\/p>\n<p><strong>Arquitectos:&nbsp;<\/strong>Fernando Vegas L\u00f3pez-Manzanares y Camilla Mileto<\/p>\n<p><strong>Arquitecto t\u00e9cnico:<\/strong> Jos\u00e9 Manuel L\u00f3pez Osorio<\/p>\n<p><strong>Colaboradores proyecto rehabilitaci\u00f3n:<\/strong>&nbsp;M.&nbsp;Soledad Garc\u00eda S\u00e1ez,&nbsp;Jos\u00e9 Miguel Zapata Peral, Valentina Cristini,&nbsp;Juan A. Garc\u00eda<\/p>\n<p><strong>Colaboradores restauraci\u00f3n de superficies:<\/strong>&nbsp;Carmen Colomer, Anna Escrig, In\u00e9s Novella, Rebecca Tomberg, Juan A. Garc\u00eda, Stefanie Harms<\/p>\n<p>ngg_shortcode_0_placeholder<a href=\"http:\/\/resarquitectura.blogs.upv.es\/?page_id=92\">Volver<\/a><\/p>\n<p><\/p>","protected":false},"excerpt":{"rendered":"<p class=\"excerpt\">A\u00f1o finalizaci\u00f3n obra:&nbsp;2009 A\u00f1o realizaci\u00f3n proyecto: 2007 A\u00f1o restauraci\u00f3n superficies: 2005 Ubicaci\u00f3n:&nbsp;La Alhambra (Granada) Promotor:&nbsp;Patronato de la Alhambra y el Generalife Arquitectos:&nbsp;Fernando Vegas L\u00f3pez-Manzanares y Camilla Mileto Arquitecto t\u00e9cnico: Jos\u00e9 Manuel L\u00f3pez Osorio Colaboradores proyecto rehabilitaci\u00f3n:&nbsp;M.&nbsp;Soledad Garc\u00eda S\u00e1ez,&nbsp;Jos\u00e9 Miguel Zapata Peral, Valentina Cristini,&nbsp;Juan A. Garc\u00eda Colaboradores restauraci\u00f3n de superficies:&nbsp;Carmen Colomer, Anna Escrig, In\u00e9s Novella, Rebecca Tomberg, Juan A. Garc\u00eda, Stefanie&hellip;<\/p>\n<p class=\"more-link-p\"><a class=\"btn btn-default\" href=\"https:\/\/resarquitectura.blogs.upv.es\/?page_id=3706\">Read more<\/a><\/p>\n","protected":false},"author":41051,"featured_media":0,"parent":0,"menu_order":0,"comment_status":"closed","ping_status":"closed","template":"","meta":{"ngg_post_thumbnail":0,"footnotes":""},"class_list":["post-3706","page","type-page","status-publish","hentry"],"aioseo_notices":[],"_links":{"self":[{"href":"https:\/\/resarquitectura.blogs.upv.es\/index.php?rest_route=\/wp\/v2\/pages\/3706","targetHints":{"allow":["GET"]}}],"collection":[{"href":"https:\/\/resarquitectura.blogs.upv.es\/index.php?rest_route=\/wp\/v2\/pages"}],"about":[{"href":"https:\/\/resarquitectura.blogs.upv.es\/index.php?rest_route=\/wp\/v2\/types\/page"}],"author":[{"embeddable":true,"href":"https:\/\/resarquitectura.blogs.upv.es\/index.php?rest_route=\/wp\/v2\/users\/41051"}],"replies":[{"embeddable":true,"href":"https:\/\/resarquitectura.blogs.upv.es\/index.php?rest_route=%2Fwp%2Fv2%2Fcomments&post=3706"}],"version-history":[{"count":1,"href":"https:\/\/resarquitectura.blogs.upv.es\/index.php?rest_route=\/wp\/v2\/pages\/3706\/revisions"}],"predecessor-version":[{"id":19889,"href":"https:\/\/resarquitectura.blogs.upv.es\/index.php?rest_route=\/wp\/v2\/pages\/3706\/revisions\/19889"}],"wp:attachment":[{"href":"https:\/\/resarquitectura.blogs.upv.es\/index.php?rest_route=%2Fwp%2Fv2%2Fmedia&parent=3706"}],"curies":[{"name":"wp","href":"https:\/\/api.w.org\/{rel}","templated":true}]}}