{"id":3786,"date":"2016-05-31T12:28:53","date_gmt":"2016-05-31T11:28:53","guid":{"rendered":"http:\/\/resarquitectura.blogs.upv.es\/?page_id=3786"},"modified":"2019-10-03T12:55:28","modified_gmt":"2019-10-03T11:55:28","slug":"iglesia-parroquial-de-la-asuncion-de-maria-de-vallibona","status":"publish","type":"page","link":"https:\/\/resarquitectura.blogs.upv.es\/?page_id=3786","title":{"rendered":"Iglesia parroquial de la Asunci\u00f3n de Mar\u00eda de Vallibona"},"content":{"rendered":"<p><strong>A\u00f1o fase 3:&nbsp;<\/strong>2009<\/p>\n<p><strong>A\u00f1o fase 2:<\/strong> 2008<\/p>\n<p><strong>A\u00f1o fase 1:<\/strong> 2005<\/p>\n<p><strong>Ubicaci\u00f3n:<\/strong>&nbsp;Vallibona (Castell\u00f3n)<\/p>\n<p><strong>Promotor:<\/strong>&nbsp;Generalitat Valenciana<\/p>\n<p><strong>Arquitectos:&nbsp;<\/strong>Fernando Vegas L\u00f3pez-Manzanares y Camilla Mileto<\/p>\n<p style=\"text-align: justify\"><strong>Colaboradores fase 1:<\/strong> Valentina Cristini, David de Andr\u00e9s, Bel\u00e9n Bachero, Mario Dubla, M. Soledad Garc\u00eda, Jos\u00e9 A. Hidalgo, Teresa L\u00f3pez, Carlos Mart\u00ednez, Llu\u00eds Mira, Juan C. Salas,&nbsp;In\u00e9s Segura, Jos\u00e9 Miguel Zapata, Juan A. Garc\u00eda<\/p>\n<p style=\"text-align: justify\"><strong>Colaboradores fase 2:<\/strong>&nbsp;C\u00e9sar Bargues, Sergio Cerra, Valentina Cristini, Maria Diodato, M. Soledad Garc\u00eda, Jos\u00e9 Miguel Zapata<\/p>\n<p style=\"text-align: justify\"><strong>Colaboradores fase 3:<\/strong>&nbsp;Francisco Campillo, Valentina Cristini, Maria Diodato, M. Soledad Garc\u00eda, Lidia Garc\u00eda, Lourdes Garc\u00eda, Luca Maioli, Lid\u00f3n Molinos, Paolo Privitera, Jos\u00e9 Miguel Zapata, Salvador Tom\u00e1s<\/p>\n<p><a href=\"http:\/\/resarquitectura.blogs.upv.es\/?page_id=92\">Volver<\/a><\/p>\n<p><a href=\"http:\/\/resarquitectura.blogs.upv.es\/wp-content\/uploads\/2016\/05\/vallibona06.jpg\"><img loading=\"lazy\" decoding=\"async\" class=\"alignleft size-medium wp-image-3833\" src=\"http:\/\/resarquitectura.blogs.upv.es\/wp-content\/uploads\/2016\/05\/vallibona06-300x180.jpg\" alt=\"\" width=\"300\" height=\"180\" srcset=\"https:\/\/resarquitectura.blogs.upv.es\/wp-content\/uploads\/2016\/05\/vallibona06-300x180.jpg 300w, https:\/\/resarquitectura.blogs.upv.es\/wp-content\/uploads\/2016\/05\/vallibona06-768x460.jpg 768w, https:\/\/resarquitectura.blogs.upv.es\/wp-content\/uploads\/2016\/05\/vallibona06.jpg 886w\" sizes=\"auto, (max-width: 300px) 100vw, 300px\" \/><\/a> <a href=\"http:\/\/resarquitectura.blogs.upv.es\/wp-content\/uploads\/2016\/05\/vallibona05.jpg\"><img loading=\"lazy\" decoding=\"async\" class=\"alignleft size-medium wp-image-3832\" src=\"http:\/\/resarquitectura.blogs.upv.es\/wp-content\/uploads\/2016\/05\/vallibona05-300x180.jpg\" alt=\"\" width=\"300\" height=\"180\" srcset=\"https:\/\/resarquitectura.blogs.upv.es\/wp-content\/uploads\/2016\/05\/vallibona05-300x180.jpg 300w, https:\/\/resarquitectura.blogs.upv.es\/wp-content\/uploads\/2016\/05\/vallibona05-768x460.jpg 768w, https:\/\/resarquitectura.blogs.upv.es\/wp-content\/uploads\/2016\/05\/vallibona05.jpg 886w\" sizes=\"auto, (max-width: 300px) 100vw, 300px\" \/><\/a> <a href=\"http:\/\/resarquitectura.blogs.upv.es\/wp-content\/uploads\/2016\/05\/vallibona04.jpg\"><img loading=\"lazy\" decoding=\"async\" class=\"alignleft size-medium wp-image-3830\" src=\"http:\/\/resarquitectura.blogs.upv.es\/wp-content\/uploads\/2016\/05\/vallibona04-300x180.jpg\" alt=\"\" width=\"300\" height=\"180\" srcset=\"https:\/\/resarquitectura.blogs.upv.es\/wp-content\/uploads\/2016\/05\/vallibona04-300x180.jpg 300w, https:\/\/resarquitectura.blogs.upv.es\/wp-content\/uploads\/2016\/05\/vallibona04-768x460.jpg 768w, https:\/\/resarquitectura.blogs.upv.es\/wp-content\/uploads\/2016\/05\/vallibona04.jpg 886w\" sizes=\"auto, (max-width: 300px) 100vw, 300px\" \/><\/a> <a href=\"http:\/\/resarquitectura.blogs.upv.es\/wp-content\/uploads\/2016\/05\/vallibona02.jpg\"><img loading=\"lazy\" decoding=\"async\" class=\"alignleft size-medium wp-image-3825\" src=\"http:\/\/resarquitectura.blogs.upv.es\/wp-content\/uploads\/2016\/05\/vallibona02-300x180.jpg\" alt=\"\" width=\"300\" height=\"180\" srcset=\"https:\/\/resarquitectura.blogs.upv.es\/wp-content\/uploads\/2016\/05\/vallibona02-300x180.jpg 300w, https:\/\/resarquitectura.blogs.upv.es\/wp-content\/uploads\/2016\/05\/vallibona02-768x461.jpg 768w, https:\/\/resarquitectura.blogs.upv.es\/wp-content\/uploads\/2016\/05\/vallibona02.jpg 885w\" sizes=\"auto, (max-width: 300px) 100vw, 300px\" \/><\/a> <a href=\"http:\/\/resarquitectura.blogs.upv.es\/wp-content\/uploads\/2016\/05\/vallibona01.jpg\"><img loading=\"lazy\" decoding=\"async\" class=\"alignleft size-medium wp-image-3821\" src=\"http:\/\/resarquitectura.blogs.upv.es\/wp-content\/uploads\/2016\/05\/vallibona01-300x180.jpg\" alt=\"\" width=\"300\" height=\"180\" srcset=\"https:\/\/resarquitectura.blogs.upv.es\/wp-content\/uploads\/2016\/05\/vallibona01-300x180.jpg 300w, https:\/\/resarquitectura.blogs.upv.es\/wp-content\/uploads\/2016\/05\/vallibona01-768x460.jpg 768w, https:\/\/resarquitectura.blogs.upv.es\/wp-content\/uploads\/2016\/05\/vallibona01.jpg 886w\" sizes=\"auto, (max-width: 300px) 100vw, 300px\" \/><\/a><\/p>","protected":false},"excerpt":{"rendered":"<p class=\"excerpt\">A\u00f1o fase 3:&nbsp;2009 A\u00f1o fase 2: 2008 A\u00f1o fase 1: 2005 Ubicaci\u00f3n:&nbsp;Vallibona (Castell\u00f3n) Promotor:&nbsp;Generalitat Valenciana Arquitectos:&nbsp;Fernando Vegas L\u00f3pez-Manzanares y Camilla Mileto Colaboradores fase 1: Valentina Cristini, David de Andr\u00e9s, Bel\u00e9n Bachero, Mario Dubla, M. Soledad Garc\u00eda, Jos\u00e9 A. Hidalgo, Teresa L\u00f3pez, Carlos Mart\u00ednez, Llu\u00eds Mira, Juan C. Salas,&nbsp;In\u00e9s Segura, Jos\u00e9 Miguel Zapata, Juan A. Garc\u00eda Colaboradores fase 2:&nbsp;C\u00e9sar Bargues, Sergio&hellip;<\/p>\n<p class=\"more-link-p\"><a class=\"btn btn-default\" href=\"https:\/\/resarquitectura.blogs.upv.es\/?page_id=3786\">Read more<\/a><\/p>\n","protected":false},"author":41051,"featured_media":0,"parent":0,"menu_order":0,"comment_status":"closed","ping_status":"closed","template":"","meta":{"ngg_post_thumbnail":0,"footnotes":""},"class_list":["post-3786","page","type-page","status-publish","hentry"],"aioseo_notices":[],"_links":{"self":[{"href":"https:\/\/resarquitectura.blogs.upv.es\/index.php?rest_route=\/wp\/v2\/pages\/3786","targetHints":{"allow":["GET"]}}],"collection":[{"href":"https:\/\/resarquitectura.blogs.upv.es\/index.php?rest_route=\/wp\/v2\/pages"}],"about":[{"href":"https:\/\/resarquitectura.blogs.upv.es\/index.php?rest_route=\/wp\/v2\/types\/page"}],"author":[{"embeddable":true,"href":"https:\/\/resarquitectura.blogs.upv.es\/index.php?rest_route=\/wp\/v2\/users\/41051"}],"replies":[{"embeddable":true,"href":"https:\/\/resarquitectura.blogs.upv.es\/index.php?rest_route=%2Fwp%2Fv2%2Fcomments&post=3786"}],"version-history":[{"count":2,"href":"https:\/\/resarquitectura.blogs.upv.es\/index.php?rest_route=\/wp\/v2\/pages\/3786\/revisions"}],"predecessor-version":[{"id":13901,"href":"https:\/\/resarquitectura.blogs.upv.es\/index.php?rest_route=\/wp\/v2\/pages\/3786\/revisions\/13901"}],"wp:attachment":[{"href":"https:\/\/resarquitectura.blogs.upv.es\/index.php?rest_route=%2Fwp%2Fv2%2Fmedia&parent=3786"}],"curies":[{"name":"wp","href":"https:\/\/api.w.org\/{rel}","templated":true}]}}