{"id":4347,"date":"2016-10-24T12:57:47","date_gmt":"2016-10-24T11:57:47","guid":{"rendered":"http:\/\/resarquitectura.blogs.upv.es\/?page_id=4347"},"modified":"2016-10-24T12:57:47","modified_gmt":"2016-10-24T11:57:47","slug":"el-analisis-estratigrafico-constructivo-aplicado-en-casos-especificos-los-banos-arabes-de-hernando-de-zafra-granada-y-la-galeria-superior-del-patio-de-los-arrayanes-de-la-alhambra-de-granada-2","status":"publish","type":"page","link":"https:\/\/resarquitectura.blogs.upv.es\/?page_id=4347","title":{"rendered":"El an\u00e1lisis estratigr\u00e1fico constructivo aplicado en casos espec\u00edficos: los Ba\u00f1os \u00e1rabes de Hernando de Zafra (Granada) y la Galer\u00eda Superior del Patio de los Arrayanes de la Alhambra de Granada"},"content":{"rendered":"<p><iframe src=\"\/\/docs.google.com\/viewer?url=http%3A%2F%2Fresarquitectura.blogs.upv.es%2Fwp-content%2Fuploads%2F2016%2F10%2F49-47-1-PB.pdf&hl=es&embedded=true\" class=\"gde-frame\" style=\"width:500px; height:500px; border: none;\" scrolling=\"no\"><\/iframe>\n<\/p>","protected":false},"excerpt":{"rendered":"<p class=\"excerpt\">\n<p class=\"more-link-p\"><a class=\"btn btn-default\" href=\"https:\/\/resarquitectura.blogs.upv.es\/?page_id=4347\">Read more<\/a><\/p>\n","protected":false},"author":24804,"featured_media":0,"parent":0,"menu_order":0,"comment_status":"closed","ping_status":"closed","template":"","meta":{"ngg_post_thumbnail":0,"footnotes":""},"class_list":["post-4347","page","type-page","status-publish","hentry"],"aioseo_notices":[],"_links":{"self":[{"href":"https:\/\/resarquitectura.blogs.upv.es\/index.php?rest_route=\/wp\/v2\/pages\/4347","targetHints":{"allow":["GET"]}}],"collection":[{"href":"https:\/\/resarquitectura.blogs.upv.es\/index.php?rest_route=\/wp\/v2\/pages"}],"about":[{"href":"https:\/\/resarquitectura.blogs.upv.es\/index.php?rest_route=\/wp\/v2\/types\/page"}],"author":[{"embeddable":true,"href":"https:\/\/resarquitectura.blogs.upv.es\/index.php?rest_route=\/wp\/v2\/users\/24804"}],"replies":[{"embeddable":true,"href":"https:\/\/resarquitectura.blogs.upv.es\/index.php?rest_route=%2Fwp%2Fv2%2Fcomments&post=4347"}],"version-history":[{"count":0,"href":"https:\/\/resarquitectura.blogs.upv.es\/index.php?rest_route=\/wp\/v2\/pages\/4347\/revisions"}],"wp:attachment":[{"href":"https:\/\/resarquitectura.blogs.upv.es\/index.php?rest_route=%2Fwp%2Fv2%2Fmedia&parent=4347"}],"curies":[{"name":"wp","href":"https:\/\/api.w.org\/{rel}","templated":true}]}}