{"id":4642,"date":"2016-10-27T14:43:23","date_gmt":"2016-10-27T13:43:23","guid":{"rendered":"http:\/\/resarquitectura.blogs.upv.es\/?page_id=4642"},"modified":"2016-10-27T14:43:23","modified_gmt":"2016-10-27T13:43:23","slug":"la-restauracion-de-la-arquitectura-tradicional-como-recuperacion-de-los-valores-culturales-y-desarrollo-economico-la-experiencia-en-el-rincon-de-ademuz-valencia","status":"publish","type":"page","link":"https:\/\/resarquitectura.blogs.upv.es\/?page_id=4642","title":{"rendered":"La restauraci\u00f3n de la arquitectura tradicional como recuperaci\u00f3n de los valores culturales y desarrollo econ\u00f3mico. La experiencia en el Rinc\u00f3n de Ademuz (Valencia)"},"content":{"rendered":"<p><iframe src=\"\/\/docs.google.com\/viewer?url=http%3A%2F%2Fresarquitectura.blogs.upv.es%2Fwp-content%2Fuploads%2F2016%2F10%2F05-II-Congreso-Int-Patrimonio-y-Cooperacion-2006-ilovepdf-compressed.pdf&hl=es&embedded=true\" class=\"gde-frame\" style=\"width:500px; height:500px; border: none;\" scrolling=\"no\"><\/iframe>\n<\/p>","protected":false},"excerpt":{"rendered":"<p class=\"excerpt\">\n<p class=\"more-link-p\"><a class=\"btn btn-default\" href=\"https:\/\/resarquitectura.blogs.upv.es\/?page_id=4642\">Read more<\/a><\/p>\n","protected":false},"author":24804,"featured_media":0,"parent":0,"menu_order":0,"comment_status":"closed","ping_status":"closed","template":"","meta":{"ngg_post_thumbnail":0,"footnotes":""},"class_list":["post-4642","page","type-page","status-publish","hentry"],"aioseo_notices":[],"_links":{"self":[{"href":"https:\/\/resarquitectura.blogs.upv.es\/index.php?rest_route=\/wp\/v2\/pages\/4642","targetHints":{"allow":["GET"]}}],"collection":[{"href":"https:\/\/resarquitectura.blogs.upv.es\/index.php?rest_route=\/wp\/v2\/pages"}],"about":[{"href":"https:\/\/resarquitectura.blogs.upv.es\/index.php?rest_route=\/wp\/v2\/types\/page"}],"author":[{"embeddable":true,"href":"https:\/\/resarquitectura.blogs.upv.es\/index.php?rest_route=\/wp\/v2\/users\/24804"}],"replies":[{"embeddable":true,"href":"https:\/\/resarquitectura.blogs.upv.es\/index.php?rest_route=%2Fwp%2Fv2%2Fcomments&post=4642"}],"version-history":[{"count":0,"href":"https:\/\/resarquitectura.blogs.upv.es\/index.php?rest_route=\/wp\/v2\/pages\/4642\/revisions"}],"wp:attachment":[{"href":"https:\/\/resarquitectura.blogs.upv.es\/index.php?rest_route=%2Fwp%2Fv2%2Fmedia&parent=4642"}],"curies":[{"name":"wp","href":"https:\/\/api.w.org\/{rel}","templated":true}]}}