{"id":57,"date":"2016-02-10T11:52:04","date_gmt":"2016-02-10T10:52:04","guid":{"rendered":"http:\/\/resarquitectura.blogs.upv.es\/?page_id=57"},"modified":"2022-02-05T17:16:13","modified_gmt":"2022-02-05T16:16:13","slug":"contacto","status":"publish","type":"page","link":"https:\/\/resarquitectura.blogs.upv.es\/?page_id=57","title":{"rendered":"Contacto"},"content":{"rendered":"<p><\/p>\n<p style=\"text-align: justify\"><strong>Laboratorio de investigaci\u00f3n, restauraci\u00f3n y difusi\u00f3n del patrimonio arquitect\u00f3nico<\/strong><\/p>\n<p style=\"text-align: justify\"><strong>Tel\u00e9fono: <\/strong>+34 963877971<\/p>\n<p style=\"text-align: justify\"><strong>Correo electr\u00f3nico: <\/strong>vegas.mileto@upv.es<\/p>\n<p style=\"text-align: justify\"><strong>Direcci\u00f3n postal: <\/strong>Centro de Investigaci\u00f3n en Arquitectura, Patrimonio y Gesti\u00f3n para el desarrollo SOstenible (PEGASO), Camino de Vera, s\/n 46022 Valencia<\/p>\n<p style=\"text-align: justify\"><strong>Ubicaci\u00f3n: <\/strong>Universitat Polit\u00e8cnica de Val\u00e8ncia, Edificio 8B, Acceso L, Planta 0<\/p>\n<p><a href=\"http:\/\/www.upv.es\/otros\/como-llegar-upv\/index-es.html\" target=\"_blank\" rel=\"noopener noreferrer\">C\u00f3mo llegar<\/a><\/p>\n<p>&nbsp;<\/p>","protected":false},"excerpt":{"rendered":"<p class=\"excerpt\">Laboratorio de investigaci\u00f3n, restauraci\u00f3n y difusi\u00f3n del patrimonio arquitect\u00f3nico Tel\u00e9fono: +34 963877971 Correo electr\u00f3nico: vegas.mileto@upv.es Direcci\u00f3n postal: Centro de Investigaci\u00f3n en Arquitectura, Patrimonio y Gesti\u00f3n para el desarrollo SOstenible (PEGASO), Camino de Vera, s\/n 46022 Valencia Ubicaci\u00f3n: Universitat Polit\u00e8cnica de Val\u00e8ncia, Edificio 8B, Acceso L, Planta 0 C\u00f3mo llegar &nbsp;<\/p>\n<p class=\"more-link-p\"><a class=\"btn btn-default\" href=\"https:\/\/resarquitectura.blogs.upv.es\/?page_id=57\">Read more<\/a><\/p>\n","protected":false},"author":5990,"featured_media":0,"parent":0,"menu_order":0,"comment_status":"closed","ping_status":"closed","template":"","meta":{"ngg_post_thumbnail":0,"footnotes":""},"class_list":["post-57","page","type-page","status-publish","hentry"],"aioseo_notices":[],"_links":{"self":[{"href":"https:\/\/resarquitectura.blogs.upv.es\/index.php?rest_route=\/wp\/v2\/pages\/57","targetHints":{"allow":["GET"]}}],"collection":[{"href":"https:\/\/resarquitectura.blogs.upv.es\/index.php?rest_route=\/wp\/v2\/pages"}],"about":[{"href":"https:\/\/resarquitectura.blogs.upv.es\/index.php?rest_route=\/wp\/v2\/types\/page"}],"author":[{"embeddable":true,"href":"https:\/\/resarquitectura.blogs.upv.es\/index.php?rest_route=\/wp\/v2\/users\/5990"}],"replies":[{"embeddable":true,"href":"https:\/\/resarquitectura.blogs.upv.es\/index.php?rest_route=%2Fwp%2Fv2%2Fcomments&post=57"}],"version-history":[{"count":3,"href":"https:\/\/resarquitectura.blogs.upv.es\/index.php?rest_route=\/wp\/v2\/pages\/57\/revisions"}],"predecessor-version":[{"id":20005,"href":"https:\/\/resarquitectura.blogs.upv.es\/index.php?rest_route=\/wp\/v2\/pages\/57\/revisions\/20005"}],"wp:attachment":[{"href":"https:\/\/resarquitectura.blogs.upv.es\/index.php?rest_route=%2Fwp%2Fv2%2Fmedia&parent=57"}],"curies":[{"name":"wp","href":"https:\/\/api.w.org\/{rel}","templated":true}]}}