{"id":5961,"date":"2018-04-17T11:17:22","date_gmt":"2018-04-17T10:17:22","guid":{"rendered":"http:\/\/resarquitectura.blogs.upv.es\/?page_id=5961"},"modified":"2018-04-18T11:02:44","modified_gmt":"2018-04-18T10:02:44","slug":"el-color-del-calor-la-vision-infrarroja-aplicada-a-la-conservacion-del-patrimonio-construido","status":"publish","type":"page","link":"https:\/\/resarquitectura.blogs.upv.es\/?page_id=5961","title":{"rendered":"El color del calor. La visi\u00f3n infrarroja aplicada a la conservaci\u00f3n del patrimonio construido"},"content":{"rendered":"<p><a style=\"font-family: 'Open Sans', sans-serif;font-size: 16px;font-style: normal;font-weight: 400;color: #444444\" href=\"http:\/\/resarquitectura.blogs.upv.es\/wp-content\/uploads\/2018\/04\/cartel-2016-09-16_low.jpg\"><img loading=\"lazy\" decoding=\"async\" class=\"alignleft wp-image-5964 size-medium\" style=\"font-size: 16px\" src=\"http:\/\/resarquitectura.blogs.upv.es\/wp-content\/uploads\/2018\/04\/cartel-2016-09-16_low-212x300.jpg\" alt=\"\" width=\"212\" height=\"300\" srcset=\"https:\/\/resarquitectura.blogs.upv.es\/wp-content\/uploads\/2018\/04\/cartel-2016-09-16_low-212x300.jpg 212w, https:\/\/resarquitectura.blogs.upv.es\/wp-content\/uploads\/2018\/04\/cartel-2016-09-16_low-768x1086.jpg 768w, https:\/\/resarquitectura.blogs.upv.es\/wp-content\/uploads\/2018\/04\/cartel-2016-09-16_low-724x1024.jpg 724w\" sizes=\"auto, (max-width: 212px) 100vw, 212px\" \/><\/a><\/p>\n<p><strong>T\u00edtulo:<\/strong>\u00a0El color del calor. La visi\u00f3n infrarroja aplicada a la conservaci\u00f3n del patrimonio construido<\/p>\n<p><strong>Ponente:<\/strong>\u00a0Santiago Tormo<\/p>\n<p><strong>Fecha:<\/strong>\u00a016 de Septiembre de 2016<\/p>\n<p><strong>Lugar:<\/strong>\u00a0Sala de Proyecciones de la ETSA, Universitat Polit\u00e8cnica de Val\u00e8ncia<\/p>\n<p><a href=\"https:\/\/www.youtube.com\/watch?v=lrpQzKjhBA4\">V\u00eddeo de la conferencia<\/a><\/p>\n<p><a href=\"http:\/\/resarquitectura.blogs.upv.es\/?page_id=285\">Volver<\/a><\/p>","protected":false},"excerpt":{"rendered":"<p class=\"excerpt\">T\u00edtulo:\u00a0El color del calor. La visi\u00f3n infrarroja aplicada a la conservaci\u00f3n del patrimonio construido Ponente:\u00a0Santiago Tormo Fecha:\u00a016 de Septiembre de 2016 Lugar:\u00a0Sala de Proyecciones de la ETSA, Universitat Polit\u00e8cnica de Val\u00e8ncia V\u00eddeo de la conferencia Volver<\/p>\n<p class=\"more-link-p\"><a class=\"btn btn-default\" href=\"https:\/\/resarquitectura.blogs.upv.es\/?page_id=5961\">Read more<\/a><\/p>\n","protected":false},"author":41051,"featured_media":0,"parent":0,"menu_order":0,"comment_status":"closed","ping_status":"closed","template":"","meta":{"ngg_post_thumbnail":0,"footnotes":""},"class_list":["post-5961","page","type-page","status-publish","hentry"],"aioseo_notices":[],"_links":{"self":[{"href":"https:\/\/resarquitectura.blogs.upv.es\/index.php?rest_route=\/wp\/v2\/pages\/5961","targetHints":{"allow":["GET"]}}],"collection":[{"href":"https:\/\/resarquitectura.blogs.upv.es\/index.php?rest_route=\/wp\/v2\/pages"}],"about":[{"href":"https:\/\/resarquitectura.blogs.upv.es\/index.php?rest_route=\/wp\/v2\/types\/page"}],"author":[{"embeddable":true,"href":"https:\/\/resarquitectura.blogs.upv.es\/index.php?rest_route=\/wp\/v2\/users\/41051"}],"replies":[{"embeddable":true,"href":"https:\/\/resarquitectura.blogs.upv.es\/index.php?rest_route=%2Fwp%2Fv2%2Fcomments&post=5961"}],"version-history":[{"count":0,"href":"https:\/\/resarquitectura.blogs.upv.es\/index.php?rest_route=\/wp\/v2\/pages\/5961\/revisions"}],"wp:attachment":[{"href":"https:\/\/resarquitectura.blogs.upv.es\/index.php?rest_route=%2Fwp%2Fv2%2Fmedia&parent=5961"}],"curies":[{"name":"wp","href":"https:\/\/api.w.org\/{rel}","templated":true}]}}