{"id":6023,"date":"2018-04-17T12:07:41","date_gmt":"2018-04-17T11:07:41","guid":{"rendered":"http:\/\/resarquitectura.blogs.upv.es\/?page_id=6023"},"modified":"2018-04-18T10:51:44","modified_gmt":"2018-04-18T09:51:44","slug":"la-boveda-tabicada-en-el-proyecto-contemporaneo","status":"publish","type":"page","link":"https:\/\/resarquitectura.blogs.upv.es\/?page_id=6023","title":{"rendered":"La b\u00f3veda tabicada en el proyecto contempor\u00e1neo"},"content":{"rendered":"<p><a href=\"http:\/\/resarquitectura.blogs.upv.es\/wp-content\/uploads\/2018\/04\/cartel-2017-02-17_low.jpg\"><img loading=\"lazy\" decoding=\"async\" class=\"alignleft wp-image-6026 size-medium\" style=\"font-style: normal;font-weight: 400;font-family: 'Open Sans', sans-serif;font-size: 16px\" src=\"http:\/\/resarquitectura.blogs.upv.es\/wp-content\/uploads\/2018\/04\/cartel-2017-02-17_low-212x300.jpg\" alt=\"\" width=\"212\" height=\"300\" srcset=\"https:\/\/resarquitectura.blogs.upv.es\/wp-content\/uploads\/2018\/04\/cartel-2017-02-17_low-212x300.jpg 212w, https:\/\/resarquitectura.blogs.upv.es\/wp-content\/uploads\/2018\/04\/cartel-2017-02-17_low-768x1087.jpg 768w, https:\/\/resarquitectura.blogs.upv.es\/wp-content\/uploads\/2018\/04\/cartel-2017-02-17_low-724x1024.jpg 724w, https:\/\/resarquitectura.blogs.upv.es\/wp-content\/uploads\/2018\/04\/cartel-2017-02-17_low.jpg 1169w\" sizes=\"auto, (max-width: 212px) 100vw, 212px\" \/><\/a><\/p>\n<p><strong>T\u00edtulo: <\/strong>La b\u00f3veda tabicada en el proyecto contempor\u00e1neo<\/p>\n<p><strong>Ponente: <\/strong>Marta Dem\u00e8nech, David L\u00f3pez, Mariana Palumbo<\/p>\n<p><strong>Fecha:<\/strong>\u00a017 de Febrero de 2017<\/p>\n<p><strong>Lugar:<\/strong>\u00a0Sala de proyecciones de la ETSA, Universitat Polit\u00e8cnica de Val\u00e8ncia<\/p>\n<p><a href=\"http:\/\/resarquitectura.blogs.upv.es\/?page_id=285\">Volver<\/a><\/p>","protected":false},"excerpt":{"rendered":"<p class=\"excerpt\">T\u00edtulo: La b\u00f3veda tabicada en el proyecto contempor\u00e1neo Ponente: Marta Dem\u00e8nech, David L\u00f3pez, Mariana Palumbo Fecha:\u00a017 de Febrero de 2017 Lugar:\u00a0Sala de proyecciones de la ETSA, Universitat Polit\u00e8cnica de Val\u00e8ncia Volver<\/p>\n<p class=\"more-link-p\"><a class=\"btn btn-default\" href=\"https:\/\/resarquitectura.blogs.upv.es\/?page_id=6023\">Read more<\/a><\/p>\n","protected":false},"author":41051,"featured_media":0,"parent":0,"menu_order":0,"comment_status":"closed","ping_status":"closed","template":"","meta":{"ngg_post_thumbnail":0,"footnotes":""},"class_list":["post-6023","page","type-page","status-publish","hentry"],"aioseo_notices":[],"_links":{"self":[{"href":"https:\/\/resarquitectura.blogs.upv.es\/index.php?rest_route=\/wp\/v2\/pages\/6023","targetHints":{"allow":["GET"]}}],"collection":[{"href":"https:\/\/resarquitectura.blogs.upv.es\/index.php?rest_route=\/wp\/v2\/pages"}],"about":[{"href":"https:\/\/resarquitectura.blogs.upv.es\/index.php?rest_route=\/wp\/v2\/types\/page"}],"author":[{"embeddable":true,"href":"https:\/\/resarquitectura.blogs.upv.es\/index.php?rest_route=\/wp\/v2\/users\/41051"}],"replies":[{"embeddable":true,"href":"https:\/\/resarquitectura.blogs.upv.es\/index.php?rest_route=%2Fwp%2Fv2%2Fcomments&post=6023"}],"version-history":[{"count":0,"href":"https:\/\/resarquitectura.blogs.upv.es\/index.php?rest_route=\/wp\/v2\/pages\/6023\/revisions"}],"wp:attachment":[{"href":"https:\/\/resarquitectura.blogs.upv.es\/index.php?rest_route=%2Fwp%2Fv2%2Fmedia&parent=6023"}],"curies":[{"name":"wp","href":"https:\/\/api.w.org\/{rel}","templated":true}]}}