{"id":6063,"date":"2018-04-17T12:25:01","date_gmt":"2018-04-17T11:25:01","guid":{"rendered":"http:\/\/resarquitectura.blogs.upv.es\/?page_id=6063"},"modified":"2018-04-18T10:45:36","modified_gmt":"2018-04-18T09:45:36","slug":"arquitectura-y-urbanismo-precolombino-caribeno-pasado-y-presente","status":"publish","type":"page","link":"https:\/\/resarquitectura.blogs.upv.es\/?page_id=6063","title":{"rendered":"Arquitectura y urbanismo precolombino caribe\u00f1o: pasado y presente"},"content":{"rendered":"<p><strong><a href=\"http:\/\/resarquitectura.blogs.upv.es\/wp-content\/uploads\/2018\/04\/cartel-2017-10-20_mod_low.jpg\"><img loading=\"lazy\" decoding=\"async\" class=\"wp-image-6064 size-medium alignleft\" src=\"http:\/\/resarquitectura.blogs.upv.es\/wp-content\/uploads\/2018\/04\/cartel-2017-10-20_mod_low-212x300.jpg\" alt=\"\" width=\"212\" height=\"300\" srcset=\"https:\/\/resarquitectura.blogs.upv.es\/wp-content\/uploads\/2018\/04\/cartel-2017-10-20_mod_low-212x300.jpg 212w, https:\/\/resarquitectura.blogs.upv.es\/wp-content\/uploads\/2018\/04\/cartel-2017-10-20_mod_low-768x1086.jpg 768w, https:\/\/resarquitectura.blogs.upv.es\/wp-content\/uploads\/2018\/04\/cartel-2017-10-20_mod_low-724x1024.jpg 724w, https:\/\/resarquitectura.blogs.upv.es\/wp-content\/uploads\/2018\/04\/cartel-2017-10-20_mod_low.jpg 1654w\" sizes=\"auto, (max-width: 212px) 100vw, 212px\" \/><\/a>T\u00edtulo: <\/strong>Arquitectura y urbanismo precolombino caribe\u00f1o: pasado y presente<\/p>\n<p><strong>Ponente:\u00a0<\/strong>Beatriz del Cueto y Agamemn\u00f3n Pantel<\/p>\n<p><strong>Fecha:<\/strong>\u00a029 de Septiembre de 2017<\/p>\n<p><strong>Lugar:<\/strong>\u00a0Sala de proyecciones de la ETSA, Universitat Polit\u00e8cnica de Val\u00e8ncia<\/p>\n<p><a href=\"https:\/\/www.youtube.com\/watch?v=ScWll8q08D0\">V\u00eddeo de la conferencia<\/a><\/p>\n<p><a href=\"http:\/\/resarquitectura.blogs.upv.es\/?page_id=285\">Volver<\/a><\/p>","protected":false},"excerpt":{"rendered":"<p class=\"excerpt\">T\u00edtulo: Arquitectura y urbanismo precolombino caribe\u00f1o: pasado y presente Ponente:\u00a0Beatriz del Cueto y Agamemn\u00f3n Pantel Fecha:\u00a029 de Septiembre de 2017 Lugar:\u00a0Sala de proyecciones de la ETSA, Universitat Polit\u00e8cnica de Val\u00e8ncia V\u00eddeo de la conferencia Volver<\/p>\n<p class=\"more-link-p\"><a class=\"btn btn-default\" href=\"https:\/\/resarquitectura.blogs.upv.es\/?page_id=6063\">Read more<\/a><\/p>\n","protected":false},"author":41051,"featured_media":0,"parent":0,"menu_order":0,"comment_status":"closed","ping_status":"closed","template":"","meta":{"ngg_post_thumbnail":0,"footnotes":""},"class_list":["post-6063","page","type-page","status-publish","hentry"],"aioseo_notices":[],"_links":{"self":[{"href":"https:\/\/resarquitectura.blogs.upv.es\/index.php?rest_route=\/wp\/v2\/pages\/6063","targetHints":{"allow":["GET"]}}],"collection":[{"href":"https:\/\/resarquitectura.blogs.upv.es\/index.php?rest_route=\/wp\/v2\/pages"}],"about":[{"href":"https:\/\/resarquitectura.blogs.upv.es\/index.php?rest_route=\/wp\/v2\/types\/page"}],"author":[{"embeddable":true,"href":"https:\/\/resarquitectura.blogs.upv.es\/index.php?rest_route=\/wp\/v2\/users\/41051"}],"replies":[{"embeddable":true,"href":"https:\/\/resarquitectura.blogs.upv.es\/index.php?rest_route=%2Fwp%2Fv2%2Fcomments&post=6063"}],"version-history":[{"count":0,"href":"https:\/\/resarquitectura.blogs.upv.es\/index.php?rest_route=\/wp\/v2\/pages\/6063\/revisions"}],"wp:attachment":[{"href":"https:\/\/resarquitectura.blogs.upv.es\/index.php?rest_route=%2Fwp%2Fv2%2Fmedia&parent=6063"}],"curies":[{"name":"wp","href":"https:\/\/api.w.org\/{rel}","templated":true}]}}