{"id":6082,"date":"2018-04-17T12:37:18","date_gmt":"2018-04-17T11:37:18","guid":{"rendered":"http:\/\/resarquitectura.blogs.upv.es\/?page_id=6082"},"modified":"2018-04-18T10:23:01","modified_gmt":"2018-04-18T09:23:01","slug":"galleria-dellaccademia-de-florencia-diagnostico-e-identificacion-de-estructuras-de-madera","status":"publish","type":"page","link":"https:\/\/resarquitectura.blogs.upv.es\/?page_id=6082","title":{"rendered":"Galleria dell&#8217;Accademia de Florencia: diagn\u00f3stico e identificaci\u00f3n de estructuras de madera"},"content":{"rendered":"<p><strong><a href=\"http:\/\/resarquitectura.blogs.upv.es\/wp-content\/uploads\/2018\/04\/cartel-2018-01-19_low.jpg\"><img loading=\"lazy\" decoding=\"async\" class=\"wp-image-6083 size-medium alignleft\" src=\"http:\/\/resarquitectura.blogs.upv.es\/wp-content\/uploads\/2018\/04\/cartel-2018-01-19_low-212x300.jpg\" alt=\"\" width=\"212\" height=\"300\" srcset=\"https:\/\/resarquitectura.blogs.upv.es\/wp-content\/uploads\/2018\/04\/cartel-2018-01-19_low-212x300.jpg 212w, https:\/\/resarquitectura.blogs.upv.es\/wp-content\/uploads\/2018\/04\/cartel-2018-01-19_low-768x1086.jpg 768w, https:\/\/resarquitectura.blogs.upv.es\/wp-content\/uploads\/2018\/04\/cartel-2018-01-19_low-724x1024.jpg 724w, https:\/\/resarquitectura.blogs.upv.es\/wp-content\/uploads\/2018\/04\/cartel-2018-01-19_low.jpg 1654w\" sizes=\"auto, (max-width: 212px) 100vw, 212px\" \/><\/a>T\u00edtulo: <\/strong><em>Galleria dell&#8217;Accademia<\/em> de Florencia: diagn\u00f3stico e identificaci\u00f3n de estructuras de madera<\/p>\n<p><strong>Ponente: <\/strong>Maria Diodato<\/p>\n<p><strong>Fecha:<\/strong>\u00a010 de Enero 2018<\/p>\n<p><strong>Lugar:<\/strong>\u00a0Sala de proyecciones de la ETSA, Universitat Polit\u00e8cnica de Val\u00e8ncia<\/p>\n<p><a href=\"http:\/\/resarquitectura.blogs.upv.es\/?page_id=285\">Volver<\/a><\/p>","protected":false},"excerpt":{"rendered":"<p class=\"excerpt\">T\u00edtulo: Galleria dell&#8217;Accademia de Florencia: diagn\u00f3stico e identificaci\u00f3n de estructuras de madera Ponente: Maria Diodato Fecha:\u00a010 de Enero 2018 Lugar:\u00a0Sala de proyecciones de la ETSA, Universitat Polit\u00e8cnica de Val\u00e8ncia Volver<\/p>\n<p class=\"more-link-p\"><a class=\"btn btn-default\" href=\"https:\/\/resarquitectura.blogs.upv.es\/?page_id=6082\">Read more<\/a><\/p>\n","protected":false},"author":41051,"featured_media":0,"parent":0,"menu_order":0,"comment_status":"closed","ping_status":"closed","template":"","meta":{"ngg_post_thumbnail":0,"footnotes":""},"class_list":["post-6082","page","type-page","status-publish","hentry"],"aioseo_notices":[],"_links":{"self":[{"href":"https:\/\/resarquitectura.blogs.upv.es\/index.php?rest_route=\/wp\/v2\/pages\/6082","targetHints":{"allow":["GET"]}}],"collection":[{"href":"https:\/\/resarquitectura.blogs.upv.es\/index.php?rest_route=\/wp\/v2\/pages"}],"about":[{"href":"https:\/\/resarquitectura.blogs.upv.es\/index.php?rest_route=\/wp\/v2\/types\/page"}],"author":[{"embeddable":true,"href":"https:\/\/resarquitectura.blogs.upv.es\/index.php?rest_route=\/wp\/v2\/users\/41051"}],"replies":[{"embeddable":true,"href":"https:\/\/resarquitectura.blogs.upv.es\/index.php?rest_route=%2Fwp%2Fv2%2Fcomments&post=6082"}],"version-history":[{"count":0,"href":"https:\/\/resarquitectura.blogs.upv.es\/index.php?rest_route=\/wp\/v2\/pages\/6082\/revisions"}],"wp:attachment":[{"href":"https:\/\/resarquitectura.blogs.upv.es\/index.php?rest_route=%2Fwp%2Fv2%2Fmedia&parent=6082"}],"curies":[{"name":"wp","href":"https:\/\/api.w.org\/{rel}","templated":true}]}}