{"id":6138,"date":"2018-04-17T12:57:04","date_gmt":"2018-04-17T11:57:04","guid":{"rendered":"http:\/\/resarquitectura.blogs.upv.es\/?page_id=6138"},"modified":"2019-02-01T10:53:52","modified_gmt":"2019-02-01T09:53:52","slug":"el-arte-de-enlucir-con-tierra","status":"publish","type":"page","link":"https:\/\/resarquitectura.blogs.upv.es\/?page_id=6138","title":{"rendered":"El arte de enlucir con tierra"},"content":{"rendered":"<p><strong><a href=\"http:\/\/resarquitectura.blogs.upv.es\/wp-content\/uploads\/2018\/04\/cartel-2018-05-04_low.jpg\"><img loading=\"lazy\" decoding=\"async\" class=\"wp-image-6140 size-medium alignleft\" src=\"http:\/\/resarquitectura.blogs.upv.es\/wp-content\/uploads\/2018\/04\/cartel-2018-05-04_low-212x300.jpg\" alt=\"\" width=\"212\" height=\"300\" srcset=\"https:\/\/resarquitectura.blogs.upv.es\/wp-content\/uploads\/2018\/04\/cartel-2018-05-04_low-212x300.jpg 212w, https:\/\/resarquitectura.blogs.upv.es\/wp-content\/uploads\/2018\/04\/cartel-2018-05-04_low-768x1086.jpg 768w, https:\/\/resarquitectura.blogs.upv.es\/wp-content\/uploads\/2018\/04\/cartel-2018-05-04_low-724x1024.jpg 724w, https:\/\/resarquitectura.blogs.upv.es\/wp-content\/uploads\/2018\/04\/cartel-2018-05-04_low.jpg 1654w\" sizes=\"auto, (max-width: 212px) 100vw, 212px\" \/><\/a>T\u00edtulo: <\/strong>El arte de enlucir con tierra<\/p>\n<p><strong>Ponente: <\/strong>Roc\u00edo Merlos<\/p>\n<p><strong>Fecha:<\/strong>&nbsp;4 de Mayo de 2018<\/p>\n<p><strong>Lugar:<\/strong>&nbsp;Sala de proyecciones de la ETSA, Universitat Polit\u00e8cnica de Val\u00e8ncia<\/p>\n<p><a href=\"http:\/\/resarquitectura.blogs.upv.es\/?page_id=285\">Volver<\/a><\/p>","protected":false},"excerpt":{"rendered":"<p class=\"excerpt\">T\u00edtulo: El arte de enlucir con tierra Ponente: Roc\u00edo Merlos Fecha:&nbsp;4 de Mayo de 2018 Lugar:&nbsp;Sala de proyecciones de la ETSA, Universitat Polit\u00e8cnica de Val\u00e8ncia Volver<\/p>\n<p class=\"more-link-p\"><a class=\"btn btn-default\" href=\"https:\/\/resarquitectura.blogs.upv.es\/?page_id=6138\">Read more<\/a><\/p>\n","protected":false},"author":41051,"featured_media":0,"parent":0,"menu_order":0,"comment_status":"closed","ping_status":"closed","template":"","meta":{"ngg_post_thumbnail":0,"footnotes":""},"class_list":["post-6138","page","type-page","status-publish","hentry"],"aioseo_notices":[],"_links":{"self":[{"href":"https:\/\/resarquitectura.blogs.upv.es\/index.php?rest_route=\/wp\/v2\/pages\/6138","targetHints":{"allow":["GET"]}}],"collection":[{"href":"https:\/\/resarquitectura.blogs.upv.es\/index.php?rest_route=\/wp\/v2\/pages"}],"about":[{"href":"https:\/\/resarquitectura.blogs.upv.es\/index.php?rest_route=\/wp\/v2\/types\/page"}],"author":[{"embeddable":true,"href":"https:\/\/resarquitectura.blogs.upv.es\/index.php?rest_route=\/wp\/v2\/users\/41051"}],"replies":[{"embeddable":true,"href":"https:\/\/resarquitectura.blogs.upv.es\/index.php?rest_route=%2Fwp%2Fv2%2Fcomments&post=6138"}],"version-history":[{"count":0,"href":"https:\/\/resarquitectura.blogs.upv.es\/index.php?rest_route=\/wp\/v2\/pages\/6138\/revisions"}],"wp:attachment":[{"href":"https:\/\/resarquitectura.blogs.upv.es\/index.php?rest_route=%2Fwp%2Fv2%2Fmedia&parent=6138"}],"curies":[{"name":"wp","href":"https:\/\/api.w.org\/{rel}","templated":true}]}}