{"id":6237,"date":"2018-04-18T11:25:09","date_gmt":"2018-04-18T10:25:09","guid":{"rendered":"http:\/\/resarquitectura.blogs.upv.es\/?page_id=6237"},"modified":"2024-10-03T09:58:12","modified_gmt":"2024-10-03T08:58:12","slug":"proyecto-de-restauracion-y-limpieza-del-porche-y-las-pinturas-de-la-iglesia-del-real-santuario-de-nuestra-senora-de-la-fuente-de-la-salud-traiguera-castellon","status":"publish","type":"page","link":"https:\/\/resarquitectura.blogs.upv.es\/?page_id=6237","title":{"rendered":"Proyecto de restauraci\u00f3n y limpieza del porche y las pinturas de la Iglesia del Real Santuario de Nuestra Se\u00f1ora de la Fuente de la Salud (Traiguera, Castell\u00f3n)"},"content":{"rendered":"<p><strong>A\u00f1o:&nbsp;<\/strong>2017<\/p>\n<p><strong>Ubicaci\u00f3n:<\/strong>&nbsp;Traiguera, Castell\u00f3n<\/p>\n<p><strong>Promotor:<\/strong>&nbsp;Ayuntamiento de Traiguera<\/p>\n<p><strong>Arquitectos:&nbsp;<\/strong>Fernando Vegas L\u00f3pez-Manzanares y Camilla Mileto<\/p>\n<p><strong>Colaboradores:&nbsp;<\/strong>M. Soledad Garc\u00eda S\u00e1ez, Maria Diodato, Chiara Cambruzzi, Alessia Copelli<\/p>\n<p><strong>Autor del proyecto de restauraci\u00f3n:<\/strong> Sof\u00eda Mart\u00ednez Hurtado<\/p>\n<p><strong>Arquitecto t\u00e9cnico:<\/strong> Salvador Tom\u00e1s M\u00e1rquez<\/p>\n<p><a href=\"http:\/\/resarquitectura.blogs.upv.es\/?page_id=92\">Volver<\/a><\/p>\n<p><a style=\"font-style: normal;font-weight: 400;font-family: 'Open Sans', sans-serif;font-size: 16px\" href=\"http:\/\/resarquitectura.blogs.upv.es\/wp-content\/uploads\/2018\/04\/traiguera01.jpg\"><img loading=\"lazy\" decoding=\"async\" class=\"alignleft size-medium wp-image-6355\" style=\"font-size: 16px\" src=\"http:\/\/resarquitectura.blogs.upv.es\/wp-content\/uploads\/2018\/04\/traiguera01-300x180.jpg\" alt=\"\" width=\"300\" height=\"180\" srcset=\"https:\/\/resarquitectura.blogs.upv.es\/wp-content\/uploads\/2018\/04\/traiguera01-300x180.jpg 300w, https:\/\/resarquitectura.blogs.upv.es\/wp-content\/uploads\/2018\/04\/traiguera01-768x460.jpg 768w, https:\/\/resarquitectura.blogs.upv.es\/wp-content\/uploads\/2018\/04\/traiguera01.jpg 886w\" sizes=\"auto, (max-width: 300px) 100vw, 300px\" \/><\/a><a style=\"font-style: normal;font-weight: 400;font-family: 'Open Sans', sans-serif;font-size: 16px\" href=\"http:\/\/resarquitectura.blogs.upv.es\/wp-content\/uploads\/2018\/05\/traiguera04.jpg\"><img loading=\"lazy\" decoding=\"async\" class=\"alignleft size-medium wp-image-7110\" style=\"font-size: 16px\" src=\"http:\/\/resarquitectura.blogs.upv.es\/wp-content\/uploads\/2018\/05\/traiguera04-300x180.jpg\" alt=\"\" width=\"300\" height=\"180\" srcset=\"https:\/\/resarquitectura.blogs.upv.es\/wp-content\/uploads\/2018\/05\/traiguera04-300x180.jpg 300w, https:\/\/resarquitectura.blogs.upv.es\/wp-content\/uploads\/2018\/05\/traiguera04-768x460.jpg 768w, https:\/\/resarquitectura.blogs.upv.es\/wp-content\/uploads\/2018\/05\/traiguera04.jpg 886w\" sizes=\"auto, (max-width: 300px) 100vw, 300px\" \/><\/a><a style=\"font-style: normal;font-weight: 400;font-family: 'Open Sans', sans-serif;font-size: 16px\" href=\"http:\/\/resarquitectura.blogs.upv.es\/wp-content\/uploads\/2018\/05\/traiguera05.jpg\"><img loading=\"lazy\" decoding=\"async\" class=\"alignleft size-medium wp-image-7111\" style=\"font-size: 16px\" src=\"http:\/\/resarquitectura.blogs.upv.es\/wp-content\/uploads\/2018\/05\/traiguera05-300x180.jpg\" alt=\"\" width=\"300\" height=\"180\" srcset=\"https:\/\/resarquitectura.blogs.upv.es\/wp-content\/uploads\/2018\/05\/traiguera05-300x180.jpg 300w, https:\/\/resarquitectura.blogs.upv.es\/wp-content\/uploads\/2018\/05\/traiguera05-768x460.jpg 768w, https:\/\/resarquitectura.blogs.upv.es\/wp-content\/uploads\/2018\/05\/traiguera05.jpg 886w\" sizes=\"auto, (max-width: 300px) 100vw, 300px\" \/><\/a><a style=\"font-style: normal;font-weight: 400;font-family: 'Open Sans', sans-serif;font-size: 16px\" href=\"http:\/\/resarquitectura.blogs.upv.es\/wp-content\/uploads\/2018\/05\/traiguera03.jpg\"><img loading=\"lazy\" decoding=\"async\" class=\"alignleft size-medium wp-image-7108\" style=\"font-size: 16px\" src=\"http:\/\/resarquitectura.blogs.upv.es\/wp-content\/uploads\/2018\/05\/traiguera03-300x180.jpg\" alt=\"\" width=\"300\" height=\"180\" srcset=\"https:\/\/resarquitectura.blogs.upv.es\/wp-content\/uploads\/2018\/05\/traiguera03-300x180.jpg 300w, https:\/\/resarquitectura.blogs.upv.es\/wp-content\/uploads\/2018\/05\/traiguera03-768x460.jpg 768w, https:\/\/resarquitectura.blogs.upv.es\/wp-content\/uploads\/2018\/05\/traiguera03.jpg 886w\" sizes=\"auto, (max-width: 300px) 100vw, 300px\" \/><\/a><a style=\"font-style: normal;font-weight: 400;font-family: 'Open Sans', sans-serif;font-size: 16px\" href=\"http:\/\/resarquitectura.blogs.upv.es\/wp-content\/uploads\/2018\/04\/traiguera02.jpg\"><img loading=\"lazy\" decoding=\"async\" class=\"alignleft size-medium wp-image-6359\" style=\"font-size: 16px\" src=\"http:\/\/resarquitectura.blogs.upv.es\/wp-content\/uploads\/2018\/04\/traiguera02-300x180.jpg\" alt=\"\" width=\"300\" height=\"180\" srcset=\"https:\/\/resarquitectura.blogs.upv.es\/wp-content\/uploads\/2018\/04\/traiguera02-300x180.jpg 300w, https:\/\/resarquitectura.blogs.upv.es\/wp-content\/uploads\/2018\/04\/traiguera02-768x460.jpg 768w, https:\/\/resarquitectura.blogs.upv.es\/wp-content\/uploads\/2018\/04\/traiguera02.jpg 886w\" sizes=\"auto, (max-width: 300px) 100vw, 300px\" \/><\/a><a style=\"font-style: normal;font-weight: 400;font-family: 'Open Sans', sans-serif;font-size: 16px\" href=\"http:\/\/resarquitectura.blogs.upv.es\/wp-content\/uploads\/2018\/04\/traiguera05.jpg\"><img loading=\"lazy\" decoding=\"async\" class=\"alignleft size-medium wp-image-6369\" style=\"font-size: 16px\" src=\"http:\/\/resarquitectura.blogs.upv.es\/wp-content\/uploads\/2018\/04\/traiguera05-300x180.jpg\" alt=\"\" width=\"300\" height=\"180\" srcset=\"https:\/\/resarquitectura.blogs.upv.es\/wp-content\/uploads\/2018\/04\/traiguera05-300x180.jpg 300w, https:\/\/resarquitectura.blogs.upv.es\/wp-content\/uploads\/2018\/04\/traiguera05-768x460.jpg 768w, https:\/\/resarquitectura.blogs.upv.es\/wp-content\/uploads\/2018\/04\/traiguera05.jpg 886w\" sizes=\"auto, (max-width: 300px) 100vw, 300px\" \/><\/a><a style=\"font-style: normal;font-weight: 400;font-family: 'Open Sans', sans-serif;font-size: 16px\" href=\"http:\/\/resarquitectura.blogs.upv.es\/wp-content\/uploads\/2018\/04\/traiguera04.jpg\"><img loading=\"lazy\" decoding=\"async\" class=\"alignleft size-medium wp-image-6366\" style=\"font-size: 16px\" src=\"http:\/\/resarquitectura.blogs.upv.es\/wp-content\/uploads\/2018\/04\/traiguera04-300x180.jpg\" alt=\"\" width=\"300\" height=\"180\" srcset=\"https:\/\/resarquitectura.blogs.upv.es\/wp-content\/uploads\/2018\/04\/traiguera04-300x180.jpg 300w, https:\/\/resarquitectura.blogs.upv.es\/wp-content\/uploads\/2018\/04\/traiguera04-768x460.jpg 768w, https:\/\/resarquitectura.blogs.upv.es\/wp-content\/uploads\/2018\/04\/traiguera04.jpg 886w\" sizes=\"auto, (max-width: 300px) 100vw, 300px\" \/><\/a><a href=\"http:\/\/resarquitectura.blogs.upv.es\/wp-content\/uploads\/2018\/05\/traiguera02.jpg\"><img loading=\"lazy\" decoding=\"async\" class=\"alignleft size-medium wp-image-7107\" src=\"http:\/\/resarquitectura.blogs.upv.es\/wp-content\/uploads\/2018\/05\/traiguera02-300x180.jpg\" alt=\"\" width=\"300\" height=\"180\" srcset=\"https:\/\/resarquitectura.blogs.upv.es\/wp-content\/uploads\/2018\/05\/traiguera02-300x180.jpg 300w, https:\/\/resarquitectura.blogs.upv.es\/wp-content\/uploads\/2018\/05\/traiguera02-768x460.jpg 768w, https:\/\/resarquitectura.blogs.upv.es\/wp-content\/uploads\/2018\/05\/traiguera02.jpg 886w\" sizes=\"auto, (max-width: 300px) 100vw, 300px\" \/><\/a><\/p>","protected":false},"excerpt":{"rendered":"<p class=\"excerpt\">A\u00f1o:&nbsp;2017 Ubicaci\u00f3n:&nbsp;Traiguera, Castell\u00f3n Promotor:&nbsp;Ayuntamiento de Traiguera Arquitectos:&nbsp;Fernando Vegas L\u00f3pez-Manzanares y Camilla Mileto Colaboradores:&nbsp;M. Soledad Garc\u00eda S\u00e1ez, Maria Diodato, Chiara Cambruzzi, Alessia Copelli Autor del proyecto de restauraci\u00f3n: Sof\u00eda Mart\u00ednez Hurtado Arquitecto t\u00e9cnico: Salvador Tom\u00e1s M\u00e1rquez Volver<\/p>\n<p class=\"more-link-p\"><a class=\"btn btn-default\" href=\"https:\/\/resarquitectura.blogs.upv.es\/?page_id=6237\">Read more<\/a><\/p>\n","protected":false},"author":41051,"featured_media":0,"parent":0,"menu_order":0,"comment_status":"closed","ping_status":"closed","template":"","meta":{"ngg_post_thumbnail":0,"footnotes":""},"class_list":["post-6237","page","type-page","status-publish","hentry"],"aioseo_notices":[],"_links":{"self":[{"href":"https:\/\/resarquitectura.blogs.upv.es\/index.php?rest_route=\/wp\/v2\/pages\/6237","targetHints":{"allow":["GET"]}}],"collection":[{"href":"https:\/\/resarquitectura.blogs.upv.es\/index.php?rest_route=\/wp\/v2\/pages"}],"about":[{"href":"https:\/\/resarquitectura.blogs.upv.es\/index.php?rest_route=\/wp\/v2\/types\/page"}],"author":[{"embeddable":true,"href":"https:\/\/resarquitectura.blogs.upv.es\/index.php?rest_route=\/wp\/v2\/users\/41051"}],"replies":[{"embeddable":true,"href":"https:\/\/resarquitectura.blogs.upv.es\/index.php?rest_route=%2Fwp%2Fv2%2Fcomments&post=6237"}],"version-history":[{"count":2,"href":"https:\/\/resarquitectura.blogs.upv.es\/index.php?rest_route=\/wp\/v2\/pages\/6237\/revisions"}],"predecessor-version":[{"id":21368,"href":"https:\/\/resarquitectura.blogs.upv.es\/index.php?rest_route=\/wp\/v2\/pages\/6237\/revisions\/21368"}],"wp:attachment":[{"href":"https:\/\/resarquitectura.blogs.upv.es\/index.php?rest_route=%2Fwp%2Fv2%2Fmedia&parent=6237"}],"curies":[{"name":"wp","href":"https:\/\/api.w.org\/{rel}","templated":true}]}}