{"id":6506,"date":"2018-04-24T12:52:52","date_gmt":"2018-04-24T11:52:52","guid":{"rendered":"http:\/\/resarquitectura.blogs.upv.es\/?page_id=6506"},"modified":"2020-07-16T15:18:06","modified_gmt":"2020-07-16T14:18:06","slug":"edificio-de-7-viviendas-en-c-roger-de-flor-39-esquina-plaza-del-pilar","status":"publish","type":"page","link":"https:\/\/resarquitectura.blogs.upv.es\/?page_id=6506","title":{"rendered":"Edificio de 7 viviendas en C\/ Roger de Flor, 39 esquina plaza del Pilar"},"content":{"rendered":"<p><strong>A\u00f1o:<\/strong>&nbsp;2005<\/p>\n<p><strong>Ubicaci\u00f3n:<\/strong>&nbsp;C\/ Roger de Flor, 39 (Valencia)<\/p>\n<p><strong>Promotor:<\/strong>&nbsp;Consuelo Raga Burdeos, Luisa Silla Criado<\/p>\n<p><strong>Arquitectos: <\/strong>Fernando Vegas L\u00f3pez-Manzanares, Camilla Mileto y Jos\u00e9 Luis Calabuig Ortu\u00f1o<\/p>\n<p><strong>Colaboradores:&nbsp;<\/strong>Anna Escrig Escrig, Maria Mestre Antoni, Sandra Semiz, Daniel Cardona Pla<\/p>\n<p><a href=\"http:\/\/resarquitectura.blogs.upv.es\/?page_id=92\">Volver<\/a><\/p>\n<p><a href=\"http:\/\/resarquitectura.blogs.upv.es\/wp-content\/uploads\/2018\/04\/rogerdeflor05-1.jpg\"><img loading=\"lazy\" decoding=\"async\" class=\"alignleft size-medium wp-image-6515\" src=\"http:\/\/resarquitectura.blogs.upv.es\/wp-content\/uploads\/2018\/04\/rogerdeflor05-1-300x180.jpg\" alt=\"\" width=\"300\" height=\"180\" srcset=\"https:\/\/resarquitectura.blogs.upv.es\/wp-content\/uploads\/2018\/04\/rogerdeflor05-1-300x180.jpg 300w, https:\/\/resarquitectura.blogs.upv.es\/wp-content\/uploads\/2018\/04\/rogerdeflor05-1-768x461.jpg 768w, https:\/\/resarquitectura.blogs.upv.es\/wp-content\/uploads\/2018\/04\/rogerdeflor05-1.jpg 885w\" sizes=\"auto, (max-width: 300px) 100vw, 300px\" \/><\/a> <a href=\"http:\/\/resarquitectura.blogs.upv.es\/wp-content\/uploads\/2018\/04\/rogerdeflor06-1.jpg\"><img loading=\"lazy\" decoding=\"async\" class=\"alignleft size-medium wp-image-6513\" src=\"http:\/\/resarquitectura.blogs.upv.es\/wp-content\/uploads\/2018\/04\/rogerdeflor06-1-300x180.jpg\" alt=\"\" width=\"300\" height=\"180\" srcset=\"https:\/\/resarquitectura.blogs.upv.es\/wp-content\/uploads\/2018\/04\/rogerdeflor06-1-300x180.jpg 300w, https:\/\/resarquitectura.blogs.upv.es\/wp-content\/uploads\/2018\/04\/rogerdeflor06-1-768x461.jpg 768w, https:\/\/resarquitectura.blogs.upv.es\/wp-content\/uploads\/2018\/04\/rogerdeflor06-1.jpg 885w\" sizes=\"auto, (max-width: 300px) 100vw, 300px\" \/><\/a> <a href=\"http:\/\/resarquitectura.blogs.upv.es\/wp-content\/uploads\/2018\/04\/rogerdeflor04.jpg\"><img loading=\"lazy\" decoding=\"async\" class=\"alignleft size-medium wp-image-6489\" src=\"http:\/\/resarquitectura.blogs.upv.es\/wp-content\/uploads\/2018\/04\/rogerdeflor04-300x180.jpg\" alt=\"\" width=\"300\" height=\"180\" srcset=\"https:\/\/resarquitectura.blogs.upv.es\/wp-content\/uploads\/2018\/04\/rogerdeflor04-300x180.jpg 300w, https:\/\/resarquitectura.blogs.upv.es\/wp-content\/uploads\/2018\/04\/rogerdeflor04-768x461.jpg 768w, https:\/\/resarquitectura.blogs.upv.es\/wp-content\/uploads\/2018\/04\/rogerdeflor04.jpg 885w\" sizes=\"auto, (max-width: 300px) 100vw, 300px\" \/><\/a> <a href=\"http:\/\/resarquitectura.blogs.upv.es\/wp-content\/uploads\/2018\/04\/rogerdeflor03.jpg\"><img loading=\"lazy\" decoding=\"async\" class=\"alignleft size-medium wp-image-6486\" src=\"http:\/\/resarquitectura.blogs.upv.es\/wp-content\/uploads\/2018\/04\/rogerdeflor03-300x180.jpg\" alt=\"\" width=\"300\" height=\"180\" srcset=\"https:\/\/resarquitectura.blogs.upv.es\/wp-content\/uploads\/2018\/04\/rogerdeflor03-300x180.jpg 300w, https:\/\/resarquitectura.blogs.upv.es\/wp-content\/uploads\/2018\/04\/rogerdeflor03-768x461.jpg 768w, https:\/\/resarquitectura.blogs.upv.es\/wp-content\/uploads\/2018\/04\/rogerdeflor03.jpg 885w\" sizes=\"auto, (max-width: 300px) 100vw, 300px\" \/><\/a> <a href=\"http:\/\/resarquitectura.blogs.upv.es\/wp-content\/uploads\/2018\/04\/rogerdeflor02.jpg\"><img loading=\"lazy\" decoding=\"async\" class=\"alignleft size-medium wp-image-6483\" src=\"http:\/\/resarquitectura.blogs.upv.es\/wp-content\/uploads\/2018\/04\/rogerdeflor02-300x180.jpg\" alt=\"\" width=\"300\" height=\"180\" srcset=\"https:\/\/resarquitectura.blogs.upv.es\/wp-content\/uploads\/2018\/04\/rogerdeflor02-300x180.jpg 300w, https:\/\/resarquitectura.blogs.upv.es\/wp-content\/uploads\/2018\/04\/rogerdeflor02-768x461.jpg 768w, https:\/\/resarquitectura.blogs.upv.es\/wp-content\/uploads\/2018\/04\/rogerdeflor02.jpg 885w\" sizes=\"auto, (max-width: 300px) 100vw, 300px\" \/><\/a> <a href=\"http:\/\/resarquitectura.blogs.upv.es\/wp-content\/uploads\/2018\/04\/rogerdeflor01.jpg\"><img loading=\"lazy\" decoding=\"async\" class=\"alignleft size-medium wp-image-6480\" src=\"http:\/\/resarquitectura.blogs.upv.es\/wp-content\/uploads\/2018\/04\/rogerdeflor01-300x180.jpg\" alt=\"\" width=\"300\" height=\"180\" srcset=\"https:\/\/resarquitectura.blogs.upv.es\/wp-content\/uploads\/2018\/04\/rogerdeflor01-300x180.jpg 300w, https:\/\/resarquitectura.blogs.upv.es\/wp-content\/uploads\/2018\/04\/rogerdeflor01-768x461.jpg 768w, https:\/\/resarquitectura.blogs.upv.es\/wp-content\/uploads\/2018\/04\/rogerdeflor01.jpg 885w\" sizes=\"auto, (max-width: 300px) 100vw, 300px\" \/><\/a><\/p>","protected":false},"excerpt":{"rendered":"<p class=\"excerpt\">A\u00f1o:&nbsp;2005 Ubicaci\u00f3n:&nbsp;C\/ Roger de Flor, 39 (Valencia) Promotor:&nbsp;Consuelo Raga Burdeos, Luisa Silla Criado Arquitectos: Fernando Vegas L\u00f3pez-Manzanares, Camilla Mileto y Jos\u00e9 Luis Calabuig Ortu\u00f1o Colaboradores:&nbsp;Anna Escrig Escrig, Maria Mestre Antoni, Sandra Semiz, Daniel Cardona Pla Volver<\/p>\n<p class=\"more-link-p\"><a class=\"btn btn-default\" href=\"https:\/\/resarquitectura.blogs.upv.es\/?page_id=6506\">Read more<\/a><\/p>\n","protected":false},"author":41051,"featured_media":0,"parent":0,"menu_order":0,"comment_status":"closed","ping_status":"closed","template":"","meta":{"ngg_post_thumbnail":0,"footnotes":""},"class_list":["post-6506","page","type-page","status-publish","hentry"],"aioseo_notices":[],"_links":{"self":[{"href":"https:\/\/resarquitectura.blogs.upv.es\/index.php?rest_route=\/wp\/v2\/pages\/6506","targetHints":{"allow":["GET"]}}],"collection":[{"href":"https:\/\/resarquitectura.blogs.upv.es\/index.php?rest_route=\/wp\/v2\/pages"}],"about":[{"href":"https:\/\/resarquitectura.blogs.upv.es\/index.php?rest_route=\/wp\/v2\/types\/page"}],"author":[{"embeddable":true,"href":"https:\/\/resarquitectura.blogs.upv.es\/index.php?rest_route=\/wp\/v2\/users\/41051"}],"replies":[{"embeddable":true,"href":"https:\/\/resarquitectura.blogs.upv.es\/index.php?rest_route=%2Fwp%2Fv2%2Fcomments&post=6506"}],"version-history":[{"count":2,"href":"https:\/\/resarquitectura.blogs.upv.es\/index.php?rest_route=\/wp\/v2\/pages\/6506\/revisions"}],"predecessor-version":[{"id":16441,"href":"https:\/\/resarquitectura.blogs.upv.es\/index.php?rest_route=\/wp\/v2\/pages\/6506\/revisions\/16441"}],"wp:attachment":[{"href":"https:\/\/resarquitectura.blogs.upv.es\/index.php?rest_route=%2Fwp%2Fv2%2Fmedia&parent=6506"}],"curies":[{"name":"wp","href":"https:\/\/api.w.org\/{rel}","templated":true}]}}