{"id":6529,"date":"2018-04-24T13:35:37","date_gmt":"2018-04-24T12:35:37","guid":{"rendered":"http:\/\/resarquitectura.blogs.upv.es\/?page_id=6529"},"modified":"2022-02-01T19:31:18","modified_gmt":"2022-02-01T18:31:18","slug":"reposicion-de-pavimentos-y-puesta-en-valor-del-entorno-del-puente-de-la-pobleta-de-bellestar-villafranca-del-cid","status":"publish","type":"page","link":"https:\/\/resarquitectura.blogs.upv.es\/?page_id=6529","title":{"rendered":"Reposici\u00f3n de pavimentos y puesta en valor del entorno del puente de la Pobleta de Bellestar \u2013 Villafranca del Cid"},"content":{"rendered":"<p><strong>A\u00f1o finalizaci\u00f3n obra:&nbsp;<\/strong>2007<\/p>\n<p><strong>A\u00f1o realizaci\u00f3n proyecto:<\/strong>&nbsp;2003<\/p>\n<p><strong>Ubicaci\u00f3n:<\/strong> Villafranca del Cid (Castell\u00f3n)<\/p>\n<p><strong>Promotor:<\/strong>&nbsp;Fundaci\u00f3n Blasco Alag\u00f3n<\/p>\n<p><strong>Arquitectos:&nbsp;<\/strong>Fernando Vegas y Camilla Mileto<\/p>\n<p><strong>Colaboradores: <\/strong>Patricia Cruzans, Anna Escrig, F. Jose Fern\u00e1ndez, Suzanne Cierniak,Xavier Laumain, Neus Vilalta, Valentina Cristini<\/p>\n<p>ngg_shortcode_0_placeholder<a href=\"http:\/\/resarquitectura.blogs.upv.es\/?page_id=92\">Volver<\/a><\/p>\n<p><\/p>","protected":false},"excerpt":{"rendered":"<p class=\"excerpt\">A\u00f1o finalizaci\u00f3n obra:&nbsp;2007 A\u00f1o realizaci\u00f3n proyecto:&nbsp;2003 Ubicaci\u00f3n: Villafranca del Cid (Castell\u00f3n) Promotor:&nbsp;Fundaci\u00f3n Blasco Alag\u00f3n Arquitectos:&nbsp;Fernando Vegas y Camilla Mileto Colaboradores: Patricia Cruzans, Anna Escrig, F. Jose Fern\u00e1ndez, Suzanne Cierniak,Xavier Laumain, Neus Vilalta, Valentina Cristini Volver<\/p>\n<p class=\"more-link-p\"><a class=\"btn btn-default\" href=\"https:\/\/resarquitectura.blogs.upv.es\/?page_id=6529\">Read more<\/a><\/p>\n","protected":false},"author":41051,"featured_media":0,"parent":0,"menu_order":0,"comment_status":"closed","ping_status":"closed","template":"","meta":{"ngg_post_thumbnail":0,"footnotes":""},"class_list":["post-6529","page","type-page","status-publish","hentry"],"aioseo_notices":[],"_links":{"self":[{"href":"https:\/\/resarquitectura.blogs.upv.es\/index.php?rest_route=\/wp\/v2\/pages\/6529","targetHints":{"allow":["GET"]}}],"collection":[{"href":"https:\/\/resarquitectura.blogs.upv.es\/index.php?rest_route=\/wp\/v2\/pages"}],"about":[{"href":"https:\/\/resarquitectura.blogs.upv.es\/index.php?rest_route=\/wp\/v2\/types\/page"}],"author":[{"embeddable":true,"href":"https:\/\/resarquitectura.blogs.upv.es\/index.php?rest_route=\/wp\/v2\/users\/41051"}],"replies":[{"embeddable":true,"href":"https:\/\/resarquitectura.blogs.upv.es\/index.php?rest_route=%2Fwp%2Fv2%2Fcomments&post=6529"}],"version-history":[{"count":2,"href":"https:\/\/resarquitectura.blogs.upv.es\/index.php?rest_route=\/wp\/v2\/pages\/6529\/revisions"}],"predecessor-version":[{"id":19877,"href":"https:\/\/resarquitectura.blogs.upv.es\/index.php?rest_route=\/wp\/v2\/pages\/6529\/revisions\/19877"}],"wp:attachment":[{"href":"https:\/\/resarquitectura.blogs.upv.es\/index.php?rest_route=%2Fwp%2Fv2%2Fmedia&parent=6529"}],"curies":[{"name":"wp","href":"https:\/\/api.w.org\/{rel}","templated":true}]}}