{"id":6569,"date":"2018-04-24T15:51:12","date_gmt":"2018-04-24T14:51:12","guid":{"rendered":"http:\/\/resarquitectura.blogs.upv.es\/?page_id=6569"},"modified":"2020-10-30T12:45:55","modified_gmt":"2020-10-30T11:45:55","slug":"proyecto-de-adecuacion-paisajistica-acondicionamiento-del-entorno-y-ampliacion-del-cementerio-en-torrebaja","status":"publish","type":"page","link":"https:\/\/resarquitectura.blogs.upv.es\/?page_id=6569","title":{"rendered":"Proyecto de adecuaci\u00f3n paisaj\u00edstica, acondicionamiento del entorno y ampliaci\u00f3n del cementerio en Torrebaja"},"content":{"rendered":"<p><strong>A\u00f1o realizaci\u00f3n proyecto:<\/strong>&nbsp;2005<\/p>\n<p><strong>Ubicaci\u00f3n:<\/strong>&nbsp;Torrebaja (Valencia)<\/p>\n<p><strong>Promotor:<\/strong>&nbsp;Ayuntamiento de Torrebaja<\/p>\n<p><strong>Arquitectos:&nbsp;<\/strong>Fernando Vegas y Camilla Mileto<\/p>\n<p><strong>Colaboradores:<\/strong> David de Andr\u00e9s, B\u00e9len Bachero, Carlos Mart\u00ednez, Elena Polo, Neus Vilalta, Jose Miguel Zapata<\/p>\n<p><strong>Consultores:&nbsp;<\/strong>Enric Mestre (escultor), Treserre (jardiner\u00eda)<\/p>\n<p><a href=\"http:\/\/resarquitectura.blogs.upv.es\/?page_id=92\">Volver<\/a><\/p>\n<p><a href=\"http:\/\/resarquitectura.blogs.upv.es\/wp-content\/uploads\/2018\/05\/cementerio-torrebaja01.jpg\"><img loading=\"lazy\" decoding=\"async\" class=\"alignleft size-medium wp-image-6965\" src=\"http:\/\/resarquitectura.blogs.upv.es\/wp-content\/uploads\/2018\/05\/cementerio-torrebaja01-300x180.jpg\" alt=\"\" width=\"300\" height=\"180\" srcset=\"https:\/\/resarquitectura.blogs.upv.es\/wp-content\/uploads\/2018\/05\/cementerio-torrebaja01-300x180.jpg 300w, https:\/\/resarquitectura.blogs.upv.es\/wp-content\/uploads\/2018\/05\/cementerio-torrebaja01-768x460.jpg 768w, https:\/\/resarquitectura.blogs.upv.es\/wp-content\/uploads\/2018\/05\/cementerio-torrebaja01.jpg 886w\" sizes=\"auto, (max-width: 300px) 100vw, 300px\" \/><\/a> <a href=\"http:\/\/resarquitectura.blogs.upv.es\/wp-content\/uploads\/2018\/05\/cementerio-torrebaja02.jpg\"><img loading=\"lazy\" decoding=\"async\" class=\"alignleft size-medium wp-image-6968\" src=\"http:\/\/resarquitectura.blogs.upv.es\/wp-content\/uploads\/2018\/05\/cementerio-torrebaja02-300x180.jpg\" alt=\"\" width=\"300\" height=\"180\" srcset=\"https:\/\/resarquitectura.blogs.upv.es\/wp-content\/uploads\/2018\/05\/cementerio-torrebaja02-300x180.jpg 300w, https:\/\/resarquitectura.blogs.upv.es\/wp-content\/uploads\/2018\/05\/cementerio-torrebaja02-768x460.jpg 768w, https:\/\/resarquitectura.blogs.upv.es\/wp-content\/uploads\/2018\/05\/cementerio-torrebaja02.jpg 886w\" sizes=\"auto, (max-width: 300px) 100vw, 300px\" \/><\/a><a href=\"http:\/\/resarquitectura.blogs.upv.es\/wp-content\/uploads\/2018\/05\/cementerio-torrebaja03.jpg\"><img loading=\"lazy\" decoding=\"async\" class=\"alignleft size-medium wp-image-6971\" src=\"http:\/\/resarquitectura.blogs.upv.es\/wp-content\/uploads\/2018\/05\/cementerio-torrebaja03-300x180.jpg\" alt=\"\" width=\"300\" height=\"180\" srcset=\"https:\/\/resarquitectura.blogs.upv.es\/wp-content\/uploads\/2018\/05\/cementerio-torrebaja03-300x180.jpg 300w, https:\/\/resarquitectura.blogs.upv.es\/wp-content\/uploads\/2018\/05\/cementerio-torrebaja03-768x460.jpg 768w, https:\/\/resarquitectura.blogs.upv.es\/wp-content\/uploads\/2018\/05\/cementerio-torrebaja03.jpg 886w\" sizes=\"auto, (max-width: 300px) 100vw, 300px\" \/><\/a><br \/>\n<a href=\"http:\/\/resarquitectura.blogs.upv.es\/wp-content\/uploads\/2018\/05\/cementerio-torrebaja04.jpg\"><img loading=\"lazy\" decoding=\"async\" class=\"alignleft size-medium wp-image-6972\" src=\"http:\/\/resarquitectura.blogs.upv.es\/wp-content\/uploads\/2018\/05\/cementerio-torrebaja04-300x180.jpg\" alt=\"\" width=\"300\" height=\"180\" srcset=\"https:\/\/resarquitectura.blogs.upv.es\/wp-content\/uploads\/2018\/05\/cementerio-torrebaja04-300x180.jpg 300w, https:\/\/resarquitectura.blogs.upv.es\/wp-content\/uploads\/2018\/05\/cementerio-torrebaja04-768x460.jpg 768w, https:\/\/resarquitectura.blogs.upv.es\/wp-content\/uploads\/2018\/05\/cementerio-torrebaja04.jpg 886w\" sizes=\"auto, (max-width: 300px) 100vw, 300px\" \/><\/a><br \/>\n<img loading=\"lazy\" decoding=\"async\" class=\"wp-image-17746 size-full alignleft\" src=\"http:\/\/resarquitectura.blogs.upv.es\/wp-content\/uploads\/2020\/10\/DSC04355-1.jpg\" alt=\"\" width=\"300\" height=\"180\"><img loading=\"lazy\" decoding=\"async\" class=\"wp-image-17736 size-full alignleft\" src=\"http:\/\/resarquitectura.blogs.upv.es\/wp-content\/uploads\/2020\/10\/DSC04348-1.jpg\" alt=\"\" width=\"300\" height=\"180\"><\/p>","protected":false},"excerpt":{"rendered":"<p class=\"excerpt\">A\u00f1o realizaci\u00f3n proyecto:&nbsp;2005 Ubicaci\u00f3n:&nbsp;Torrebaja (Valencia) Promotor:&nbsp;Ayuntamiento de Torrebaja Arquitectos:&nbsp;Fernando Vegas y Camilla Mileto Colaboradores: David de Andr\u00e9s, B\u00e9len Bachero, Carlos Mart\u00ednez, Elena Polo, Neus Vilalta, Jose Miguel Zapata Consultores:&nbsp;Enric Mestre (escultor), Treserre (jardiner\u00eda) Volver<\/p>\n<p class=\"more-link-p\"><a class=\"btn btn-default\" href=\"https:\/\/resarquitectura.blogs.upv.es\/?page_id=6569\">Read more<\/a><\/p>\n","protected":false},"author":41051,"featured_media":0,"parent":0,"menu_order":0,"comment_status":"closed","ping_status":"closed","template":"","meta":{"ngg_post_thumbnail":0,"footnotes":""},"class_list":["post-6569","page","type-page","status-publish","hentry"],"aioseo_notices":[],"_links":{"self":[{"href":"https:\/\/resarquitectura.blogs.upv.es\/index.php?rest_route=\/wp\/v2\/pages\/6569","targetHints":{"allow":["GET"]}}],"collection":[{"href":"https:\/\/resarquitectura.blogs.upv.es\/index.php?rest_route=\/wp\/v2\/pages"}],"about":[{"href":"https:\/\/resarquitectura.blogs.upv.es\/index.php?rest_route=\/wp\/v2\/types\/page"}],"author":[{"embeddable":true,"href":"https:\/\/resarquitectura.blogs.upv.es\/index.php?rest_route=\/wp\/v2\/users\/41051"}],"replies":[{"embeddable":true,"href":"https:\/\/resarquitectura.blogs.upv.es\/index.php?rest_route=%2Fwp%2Fv2%2Fcomments&post=6569"}],"version-history":[{"count":3,"href":"https:\/\/resarquitectura.blogs.upv.es\/index.php?rest_route=\/wp\/v2\/pages\/6569\/revisions"}],"predecessor-version":[{"id":17741,"href":"https:\/\/resarquitectura.blogs.upv.es\/index.php?rest_route=\/wp\/v2\/pages\/6569\/revisions\/17741"}],"wp:attachment":[{"href":"https:\/\/resarquitectura.blogs.upv.es\/index.php?rest_route=%2Fwp%2Fv2%2Fmedia&parent=6569"}],"curies":[{"name":"wp","href":"https:\/\/api.w.org\/{rel}","templated":true}]}}