{"id":6648,"date":"2018-04-25T10:07:31","date_gmt":"2018-04-25T09:07:31","guid":{"rendered":"http:\/\/resarquitectura.blogs.upv.es\/?page_id=6648"},"modified":"2021-05-24T08:37:41","modified_gmt":"2021-05-24T07:37:41","slug":"estudio-piloto-en-la-isla-de-formentera","status":"publish","type":"page","link":"https:\/\/resarquitectura.blogs.upv.es\/?page_id=6648","title":{"rendered":"Plan de gesti\u00f3n para el desarrollo de estrategias de actuaci\u00f3n para compatibilizar el impacto del turismo con la arquitectura tradicional a trav\u00e9s de un estudio piloto en la isla de Formentera"},"content":{"rendered":"<p><\/p>\n\n\n<p><strong style=\"font-family: 'Open Sans', sans-serif;font-size: 16px;font-style: normal\">A\u00f1o:&nbsp;<\/strong>2017<\/p>\n<p><strong style=\"font-family: 'Open Sans', sans-serif;font-size: 16px;font-style: normal\">Ubicaci\u00f3n:&nbsp;<\/strong>Formentera<\/p>\n<p><strong style=\"font-family: 'Open Sans', sans-serif;font-size: 16px;font-style: normal\">Promotor: <\/strong>Instituto del Patrimonio Cultural de Espa\u00f1a<\/p>\n<p><strong>Arquitectos:<\/strong> Camilla Mileto y Fernando Vegas<\/p>\n<p><strong>Colaboradores:<\/strong> M\u00aa Soledad Garc\u00eda S\u00e1ez, Lidia Garc\u00eda Soriano, Laura Balaguer Garz\u00f3n, Giulia Equizzi, Salvador Tom\u00e1s M\u00e1rquez, Laura Villacampa Crespo, Francisco Javier G\u00f3mez Patrocinio, Ana Mar\u00eda Gil Valera, Carlos Navas Catal\u00e1, Alicia Hueto Escobar, Giulia Ratti, Beatrice Lorenzi, Guillermo Guimaraens Igual (ilustraciones), Almudena Gallino (asesoramiento)<\/p>\n<p><strong>Descarga:<\/strong> <a href=\"http:\/\/www.culturaydeporte.gob.es\/planes-nacionales\/dam\/jcr:d0da7170-21e2-4125-a1c8-b1f382d5eb5c\/2016-plan-gestion-formentera.pdf\">Acceso web IPCE<\/a><\/p>\n<p>&nbsp;<\/p>\n<p><a href=\"http:\/\/resarquitectura.blogs.upv.es\/?page_id=2606\">Volver<\/a><\/p>\n<p><a href=\"http:\/\/resarquitectura.blogs.upv.es\/wp-content\/uploads\/2018\/05\/formentera04.jpg\"><img loading=\"lazy\" decoding=\"async\" class=\"alignleft size-medium wp-image-7075\" src=\"http:\/\/resarquitectura.blogs.upv.es\/wp-content\/uploads\/2018\/05\/formentera04-300x180.jpg\" alt=\"\" width=\"300\" height=\"180\" srcset=\"https:\/\/resarquitectura.blogs.upv.es\/wp-content\/uploads\/2018\/05\/formentera04-300x180.jpg 300w, https:\/\/resarquitectura.blogs.upv.es\/wp-content\/uploads\/2018\/05\/formentera04-768x460.jpg 768w, https:\/\/resarquitectura.blogs.upv.es\/wp-content\/uploads\/2018\/05\/formentera04.jpg 886w\" sizes=\"auto, (max-width: 300px) 100vw, 300px\" \/><\/a> <a href=\"http:\/\/resarquitectura.blogs.upv.es\/wp-content\/uploads\/2018\/05\/formentera05.jpg\"><img loading=\"lazy\" decoding=\"async\" class=\"alignleft size-medium wp-image-7078\" src=\"http:\/\/resarquitectura.blogs.upv.es\/wp-content\/uploads\/2018\/05\/formentera05-300x180.jpg\" alt=\"\" width=\"300\" height=\"180\" srcset=\"https:\/\/resarquitectura.blogs.upv.es\/wp-content\/uploads\/2018\/05\/formentera05-300x180.jpg 300w, https:\/\/resarquitectura.blogs.upv.es\/wp-content\/uploads\/2018\/05\/formentera05-768x460.jpg 768w, https:\/\/resarquitectura.blogs.upv.es\/wp-content\/uploads\/2018\/05\/formentera05.jpg 886w\" sizes=\"auto, (max-width: 300px) 100vw, 300px\" \/><\/a> <a href=\"http:\/\/resarquitectura.blogs.upv.es\/wp-content\/uploads\/2018\/05\/formentera06.jpg\"><img loading=\"lazy\" decoding=\"async\" class=\"alignleft size-medium wp-image-7081\" src=\"http:\/\/resarquitectura.blogs.upv.es\/wp-content\/uploads\/2018\/05\/formentera06-300x180.jpg\" alt=\"\" width=\"300\" height=\"180\" srcset=\"https:\/\/resarquitectura.blogs.upv.es\/wp-content\/uploads\/2018\/05\/formentera06-300x180.jpg 300w, https:\/\/resarquitectura.blogs.upv.es\/wp-content\/uploads\/2018\/05\/formentera06-768x460.jpg 768w, https:\/\/resarquitectura.blogs.upv.es\/wp-content\/uploads\/2018\/05\/formentera06.jpg 886w\" sizes=\"auto, (max-width: 300px) 100vw, 300px\" \/><\/a> <a href=\"http:\/\/resarquitectura.blogs.upv.es\/wp-content\/uploads\/2018\/05\/formentera01.jpg\"><img loading=\"lazy\" decoding=\"async\" class=\"alignleft size-medium wp-image-7070\" src=\"http:\/\/resarquitectura.blogs.upv.es\/wp-content\/uploads\/2018\/05\/formentera01-300x180.jpg\" alt=\"\" width=\"300\" height=\"180\" srcset=\"https:\/\/resarquitectura.blogs.upv.es\/wp-content\/uploads\/2018\/05\/formentera01-300x180.jpg 300w, https:\/\/resarquitectura.blogs.upv.es\/wp-content\/uploads\/2018\/05\/formentera01-768x460.jpg 768w, https:\/\/resarquitectura.blogs.upv.es\/wp-content\/uploads\/2018\/05\/formentera01.jpg 886w\" sizes=\"auto, (max-width: 300px) 100vw, 300px\" \/><\/a> <a href=\"http:\/\/resarquitectura.blogs.upv.es\/wp-content\/uploads\/2018\/05\/formentera02.jpg\"><img loading=\"lazy\" decoding=\"async\" class=\"alignleft size-medium wp-image-7071\" src=\"http:\/\/resarquitectura.blogs.upv.es\/wp-content\/uploads\/2018\/05\/formentera02-300x180.jpg\" alt=\"\" width=\"300\" height=\"180\" srcset=\"https:\/\/resarquitectura.blogs.upv.es\/wp-content\/uploads\/2018\/05\/formentera02-300x180.jpg 300w, https:\/\/resarquitectura.blogs.upv.es\/wp-content\/uploads\/2018\/05\/formentera02-768x460.jpg 768w, https:\/\/resarquitectura.blogs.upv.es\/wp-content\/uploads\/2018\/05\/formentera02.jpg 886w\" sizes=\"auto, (max-width: 300px) 100vw, 300px\" \/><\/a> <a href=\"http:\/\/resarquitectura.blogs.upv.es\/wp-content\/uploads\/2018\/05\/formentera03.jpg\"><img loading=\"lazy\" decoding=\"async\" class=\"alignleft size-medium wp-image-7074\" src=\"http:\/\/resarquitectura.blogs.upv.es\/wp-content\/uploads\/2018\/05\/formentera03-300x180.jpg\" alt=\"\" width=\"300\" height=\"180\" srcset=\"https:\/\/resarquitectura.blogs.upv.es\/wp-content\/uploads\/2018\/05\/formentera03-300x180.jpg 300w, https:\/\/resarquitectura.blogs.upv.es\/wp-content\/uploads\/2018\/05\/formentera03-768x460.jpg 768w, https:\/\/resarquitectura.blogs.upv.es\/wp-content\/uploads\/2018\/05\/formentera03.jpg 886w\" sizes=\"auto, (max-width: 300px) 100vw, 300px\" \/><\/a><\/p>","protected":false},"excerpt":{"rendered":"<p class=\"excerpt\">A\u00f1o:&nbsp;2017 Ubicaci\u00f3n:&nbsp;Formentera Promotor: Instituto del Patrimonio Cultural de Espa\u00f1a Arquitectos: Camilla Mileto y Fernando Vegas Colaboradores: M\u00aa Soledad Garc\u00eda S\u00e1ez, Lidia Garc\u00eda Soriano, Laura Balaguer Garz\u00f3n, Giulia Equizzi, Salvador Tom\u00e1s M\u00e1rquez, Laura Villacampa Crespo, Francisco Javier G\u00f3mez Patrocinio, Ana Mar\u00eda Gil Valera, Carlos Navas Catal\u00e1, Alicia Hueto Escobar, Giulia Ratti, Beatrice Lorenzi, Guillermo Guimaraens Igual (ilustraciones), Almudena Gallino (asesoramiento) Descarga:&hellip;<\/p>\n<p class=\"more-link-p\"><a class=\"btn btn-default\" href=\"https:\/\/resarquitectura.blogs.upv.es\/?page_id=6648\">Read more<\/a><\/p>\n","protected":false},"author":41051,"featured_media":0,"parent":0,"menu_order":0,"comment_status":"closed","ping_status":"closed","template":"","meta":{"ngg_post_thumbnail":0,"footnotes":""},"class_list":["post-6648","page","type-page","status-publish","hentry"],"aioseo_notices":[],"_links":{"self":[{"href":"https:\/\/resarquitectura.blogs.upv.es\/index.php?rest_route=\/wp\/v2\/pages\/6648","targetHints":{"allow":["GET"]}}],"collection":[{"href":"https:\/\/resarquitectura.blogs.upv.es\/index.php?rest_route=\/wp\/v2\/pages"}],"about":[{"href":"https:\/\/resarquitectura.blogs.upv.es\/index.php?rest_route=\/wp\/v2\/types\/page"}],"author":[{"embeddable":true,"href":"https:\/\/resarquitectura.blogs.upv.es\/index.php?rest_route=\/wp\/v2\/users\/41051"}],"replies":[{"embeddable":true,"href":"https:\/\/resarquitectura.blogs.upv.es\/index.php?rest_route=%2Fwp%2Fv2%2Fcomments&post=6648"}],"version-history":[{"count":2,"href":"https:\/\/resarquitectura.blogs.upv.es\/index.php?rest_route=\/wp\/v2\/pages\/6648\/revisions"}],"predecessor-version":[{"id":19153,"href":"https:\/\/resarquitectura.blogs.upv.es\/index.php?rest_route=\/wp\/v2\/pages\/6648\/revisions\/19153"}],"wp:attachment":[{"href":"https:\/\/resarquitectura.blogs.upv.es\/index.php?rest_route=%2Fwp%2Fv2%2Fmedia&parent=6648"}],"curies":[{"name":"wp","href":"https:\/\/api.w.org\/{rel}","templated":true}]}}