{"id":6716,"date":"2018-04-25T12:29:45","date_gmt":"2018-04-25T11:29:45","guid":{"rendered":"http:\/\/resarquitectura.blogs.upv.es\/?page_id=6716"},"modified":"2019-10-04T15:37:17","modified_gmt":"2019-10-04T14:37:17","slug":"el-palacio-del-marques-de-caro","status":"publish","type":"page","link":"https:\/\/resarquitectura.blogs.upv.es\/?page_id=6716","title":{"rendered":"El Palacio del Marqu\u00e9s de Caro"},"content":{"rendered":"<p><\/p>\n<p style=\"text-align: justify\"><strong>A\u00f1o:<\/strong> 2005<\/p>\n<p style=\"text-align: justify\"><strong>Ubicaci\u00f3n:<\/strong> C\/Almirante, 14 (Valencia)<\/p>\n<p style=\"text-align: justify\"><strong style=\"font-family: 'Open Sans', sans-serif;font-size: 16px;font-style: normal\">Promotor:<\/strong><span style=\"font-family: 'Open Sans', sans-serif;font-size: 16px;font-style: normal;font-weight: 400\">&nbsp;Regia Urbanitas<\/span><\/p>\n<p style=\"text-align: justify\"><strong>Arquitectos:<\/strong> Camilla Mileto, Fernando Vegas<\/p>\n<p style=\"text-align: justify\"><strong>Colaboradores:<\/strong> Bel\u00e9n Bachero, Heidrun Bisping, Victor Borr\u00e0s, Patricia Calvo, Enrique Costa, Valentina Cristini, Patricia Cruzans, Juan A.Garc\u00eda, Marta D\u00edez, Anna Escrig, Kerstin Leerhoff, Teresa L\u00f3pez, Carlos Mart\u00ednez, Maria Mestre, Juan Carlos Salas, Kathrin Sauerwein, In\u00e9s Segura, Neus Vilalta, Jos\u00e9 Miguel Zapata , Pilar Tamarit, Isabel Ferrandis<\/p>\n<p><a href=\"http:\/\/resarquitectura.blogs.upv.es\/?page_id=2606\">Volver<\/a><\/p>\n<p><a href=\"http:\/\/resarquitectura.blogs.upv.es\/wp-content\/uploads\/2018\/05\/marques-de-caro01.jpg\"><img loading=\"lazy\" decoding=\"async\" class=\"alignleft size-medium wp-image-7448\" src=\"http:\/\/resarquitectura.blogs.upv.es\/wp-content\/uploads\/2018\/05\/marques-de-caro01-300x180.jpg\" alt=\"\" width=\"300\" height=\"180\" srcset=\"https:\/\/resarquitectura.blogs.upv.es\/wp-content\/uploads\/2018\/05\/marques-de-caro01-300x180.jpg 300w, https:\/\/resarquitectura.blogs.upv.es\/wp-content\/uploads\/2018\/05\/marques-de-caro01-768x460.jpg 768w, https:\/\/resarquitectura.blogs.upv.es\/wp-content\/uploads\/2018\/05\/marques-de-caro01.jpg 886w\" sizes=\"auto, (max-width: 300px) 100vw, 300px\" \/><\/a> <a href=\"http:\/\/resarquitectura.blogs.upv.es\/wp-content\/uploads\/2018\/05\/marques-de-caro02.jpg\"><img loading=\"lazy\" decoding=\"async\" class=\"alignleft size-medium wp-image-7451\" src=\"http:\/\/resarquitectura.blogs.upv.es\/wp-content\/uploads\/2018\/05\/marques-de-caro02-300x180.jpg\" alt=\"\" width=\"300\" height=\"180\" srcset=\"https:\/\/resarquitectura.blogs.upv.es\/wp-content\/uploads\/2018\/05\/marques-de-caro02-300x180.jpg 300w, https:\/\/resarquitectura.blogs.upv.es\/wp-content\/uploads\/2018\/05\/marques-de-caro02-768x460.jpg 768w, https:\/\/resarquitectura.blogs.upv.es\/wp-content\/uploads\/2018\/05\/marques-de-caro02.jpg 886w\" sizes=\"auto, (max-width: 300px) 100vw, 300px\" \/><\/a> <a href=\"http:\/\/resarquitectura.blogs.upv.es\/wp-content\/uploads\/2018\/05\/marques-de-caro03.jpg\"><img loading=\"lazy\" decoding=\"async\" class=\"alignleft size-medium wp-image-7453\" src=\"http:\/\/resarquitectura.blogs.upv.es\/wp-content\/uploads\/2018\/05\/marques-de-caro03-300x180.jpg\" alt=\"\" width=\"300\" height=\"180\" srcset=\"https:\/\/resarquitectura.blogs.upv.es\/wp-content\/uploads\/2018\/05\/marques-de-caro03-300x180.jpg 300w, https:\/\/resarquitectura.blogs.upv.es\/wp-content\/uploads\/2018\/05\/marques-de-caro03-768x460.jpg 768w, https:\/\/resarquitectura.blogs.upv.es\/wp-content\/uploads\/2018\/05\/marques-de-caro03.jpg 886w\" sizes=\"auto, (max-width: 300px) 100vw, 300px\" \/><\/a> <a href=\"http:\/\/resarquitectura.blogs.upv.es\/wp-content\/uploads\/2018\/05\/marques-de-caro04.jpg\"><img loading=\"lazy\" decoding=\"async\" class=\"alignleft size-medium wp-image-7454\" src=\"http:\/\/resarquitectura.blogs.upv.es\/wp-content\/uploads\/2018\/05\/marques-de-caro04-300x180.jpg\" alt=\"\" width=\"300\" height=\"180\" srcset=\"https:\/\/resarquitectura.blogs.upv.es\/wp-content\/uploads\/2018\/05\/marques-de-caro04-300x180.jpg 300w, https:\/\/resarquitectura.blogs.upv.es\/wp-content\/uploads\/2018\/05\/marques-de-caro04-768x460.jpg 768w, https:\/\/resarquitectura.blogs.upv.es\/wp-content\/uploads\/2018\/05\/marques-de-caro04.jpg 886w\" sizes=\"auto, (max-width: 300px) 100vw, 300px\" \/><\/a> <a href=\"http:\/\/resarquitectura.blogs.upv.es\/wp-content\/uploads\/2018\/05\/marques-de-caro05.jpg\"><img loading=\"lazy\" decoding=\"async\" class=\"alignleft size-medium wp-image-7456\" src=\"http:\/\/resarquitectura.blogs.upv.es\/wp-content\/uploads\/2018\/05\/marques-de-caro05-300x180.jpg\" alt=\"\" width=\"300\" height=\"180\" srcset=\"https:\/\/resarquitectura.blogs.upv.es\/wp-content\/uploads\/2018\/05\/marques-de-caro05-300x180.jpg 300w, https:\/\/resarquitectura.blogs.upv.es\/wp-content\/uploads\/2018\/05\/marques-de-caro05-768x460.jpg 768w, https:\/\/resarquitectura.blogs.upv.es\/wp-content\/uploads\/2018\/05\/marques-de-caro05.jpg 886w\" sizes=\"auto, (max-width: 300px) 100vw, 300px\" \/><\/a><\/p>","protected":false},"excerpt":{"rendered":"<p class=\"excerpt\">A\u00f1o: 2005 Ubicaci\u00f3n: C\/Almirante, 14 (Valencia) Promotor:&nbsp;Regia Urbanitas Arquitectos: Camilla Mileto, Fernando Vegas Colaboradores: Bel\u00e9n Bachero, Heidrun Bisping, Victor Borr\u00e0s, Patricia Calvo, Enrique Costa, Valentina Cristini, Patricia Cruzans, Juan A.Garc\u00eda, Marta D\u00edez, Anna Escrig, Kerstin Leerhoff, Teresa L\u00f3pez, Carlos Mart\u00ednez, Maria Mestre, Juan Carlos Salas, Kathrin Sauerwein, In\u00e9s Segura, Neus Vilalta, Jos\u00e9 Miguel Zapata , Pilar Tamarit, Isabel Ferrandis Volver<\/p>\n<p class=\"more-link-p\"><a class=\"btn btn-default\" href=\"https:\/\/resarquitectura.blogs.upv.es\/?page_id=6716\">Read more<\/a><\/p>\n","protected":false},"author":41051,"featured_media":0,"parent":0,"menu_order":0,"comment_status":"closed","ping_status":"closed","template":"","meta":{"ngg_post_thumbnail":0,"footnotes":""},"class_list":["post-6716","page","type-page","status-publish","hentry"],"aioseo_notices":[],"_links":{"self":[{"href":"https:\/\/resarquitectura.blogs.upv.es\/index.php?rest_route=\/wp\/v2\/pages\/6716","targetHints":{"allow":["GET"]}}],"collection":[{"href":"https:\/\/resarquitectura.blogs.upv.es\/index.php?rest_route=\/wp\/v2\/pages"}],"about":[{"href":"https:\/\/resarquitectura.blogs.upv.es\/index.php?rest_route=\/wp\/v2\/types\/page"}],"author":[{"embeddable":true,"href":"https:\/\/resarquitectura.blogs.upv.es\/index.php?rest_route=\/wp\/v2\/users\/41051"}],"replies":[{"embeddable":true,"href":"https:\/\/resarquitectura.blogs.upv.es\/index.php?rest_route=%2Fwp%2Fv2%2Fcomments&post=6716"}],"version-history":[{"count":1,"href":"https:\/\/resarquitectura.blogs.upv.es\/index.php?rest_route=\/wp\/v2\/pages\/6716\/revisions"}],"predecessor-version":[{"id":14054,"href":"https:\/\/resarquitectura.blogs.upv.es\/index.php?rest_route=\/wp\/v2\/pages\/6716\/revisions\/14054"}],"wp:attachment":[{"href":"https:\/\/resarquitectura.blogs.upv.es\/index.php?rest_route=%2Fwp%2Fv2%2Fmedia&parent=6716"}],"curies":[{"name":"wp","href":"https:\/\/api.w.org\/{rel}","templated":true}]}}