{"id":6737,"date":"2018-04-25T12:55:20","date_gmt":"2018-04-25T11:55:20","guid":{"rendered":"http:\/\/resarquitectura.blogs.upv.es\/?page_id=6737"},"modified":"2019-10-04T15:33:36","modified_gmt":"2019-10-04T14:33:36","slug":"rehabilitacion-de-una-casa-rural-en-c-barrioso-38","status":"publish","type":"page","link":"https:\/\/resarquitectura.blogs.upv.es\/?page_id=6737","title":{"rendered":"Rehabilitaci\u00f3n de una casa rural en C\/ Barrioso, 38"},"content":{"rendered":"<p><strong>A\u00f1o:<\/strong> 2004<\/p>\n<p><strong>Ubicaci\u00f3n:<\/strong> C\/ Barrioso, 38, Castielfabib (Valencia)<\/p>\n<p><strong style=\"font-family: 'Open Sans', sans-serif;font-size: 16px;font-style: normal\">Promotor:<\/strong><span style=\"font-family: 'Open Sans', sans-serif;font-size: 16px;font-style: normal;font-weight: 400\">&nbsp;Antonio G\u00f3mez Casino<\/span><\/p>\n<p><strong>Arquitectos:<\/strong> Camilla Mileto, Fernando Vegas<\/p>\n<p><strong>Arquitectos colaboradores:<\/strong> Xavier Laumain, Vicente Pa\u00f1ego Lozano<\/p>\n<p><strong>Colaboradores:<\/strong> Cristina Gil, Maria Ll\u00e1tser, Anna Escrig, Philipp Eick<\/p>\n<p><strong>Aparejador:<\/strong> Juan A. Garc\u00eda Esparza<\/p>\n<p><a href=\"http:\/\/resarquitectura.blogs.upv.es\/?page_id=2606&amp;lang=en\">Volver<\/a><\/p>\n<p><a href=\"http:\/\/resarquitectura.blogs.upv.es\/wp-content\/uploads\/2018\/05\/calle-barrioso01.jpg\"><img loading=\"lazy\" decoding=\"async\" class=\"alignleft size-medium wp-image-7396\" src=\"http:\/\/resarquitectura.blogs.upv.es\/wp-content\/uploads\/2018\/05\/calle-barrioso01-300x180.jpg\" alt=\"\" width=\"300\" height=\"180\" srcset=\"https:\/\/resarquitectura.blogs.upv.es\/wp-content\/uploads\/2018\/05\/calle-barrioso01-300x180.jpg 300w, https:\/\/resarquitectura.blogs.upv.es\/wp-content\/uploads\/2018\/05\/calle-barrioso01-768x460.jpg 768w, https:\/\/resarquitectura.blogs.upv.es\/wp-content\/uploads\/2018\/05\/calle-barrioso01.jpg 886w\" sizes=\"auto, (max-width: 300px) 100vw, 300px\" \/><\/a> <a href=\"http:\/\/resarquitectura.blogs.upv.es\/wp-content\/uploads\/2018\/05\/calle-barrioso02.jpg\"><img loading=\"lazy\" decoding=\"async\" class=\"alignleft size-medium wp-image-7398\" src=\"http:\/\/resarquitectura.blogs.upv.es\/wp-content\/uploads\/2018\/05\/calle-barrioso02-300x180.jpg\" alt=\"\" width=\"300\" height=\"180\" srcset=\"https:\/\/resarquitectura.blogs.upv.es\/wp-content\/uploads\/2018\/05\/calle-barrioso02-300x180.jpg 300w, https:\/\/resarquitectura.blogs.upv.es\/wp-content\/uploads\/2018\/05\/calle-barrioso02-768x460.jpg 768w, https:\/\/resarquitectura.blogs.upv.es\/wp-content\/uploads\/2018\/05\/calle-barrioso02.jpg 886w\" sizes=\"auto, (max-width: 300px) 100vw, 300px\" \/><\/a> <a href=\"http:\/\/resarquitectura.blogs.upv.es\/wp-content\/uploads\/2018\/05\/calle-barrioso03.jpg\"><img loading=\"lazy\" decoding=\"async\" class=\"alignleft size-medium wp-image-7400\" src=\"http:\/\/resarquitectura.blogs.upv.es\/wp-content\/uploads\/2018\/05\/calle-barrioso03-300x180.jpg\" alt=\"\" width=\"300\" height=\"180\" srcset=\"https:\/\/resarquitectura.blogs.upv.es\/wp-content\/uploads\/2018\/05\/calle-barrioso03-300x180.jpg 300w, https:\/\/resarquitectura.blogs.upv.es\/wp-content\/uploads\/2018\/05\/calle-barrioso03-768x460.jpg 768w, https:\/\/resarquitectura.blogs.upv.es\/wp-content\/uploads\/2018\/05\/calle-barrioso03.jpg 886w\" sizes=\"auto, (max-width: 300px) 100vw, 300px\" \/><\/a> <a href=\"http:\/\/resarquitectura.blogs.upv.es\/wp-content\/uploads\/2018\/05\/calle-barrioso05.jpg\"><img loading=\"lazy\" decoding=\"async\" class=\"alignleft size-medium wp-image-7403\" src=\"http:\/\/resarquitectura.blogs.upv.es\/wp-content\/uploads\/2018\/05\/calle-barrioso05-300x180.jpg\" alt=\"\" width=\"300\" height=\"180\" srcset=\"https:\/\/resarquitectura.blogs.upv.es\/wp-content\/uploads\/2018\/05\/calle-barrioso05-300x180.jpg 300w, https:\/\/resarquitectura.blogs.upv.es\/wp-content\/uploads\/2018\/05\/calle-barrioso05-768x460.jpg 768w, https:\/\/resarquitectura.blogs.upv.es\/wp-content\/uploads\/2018\/05\/calle-barrioso05.jpg 886w\" sizes=\"auto, (max-width: 300px) 100vw, 300px\" \/><\/a> <a href=\"http:\/\/resarquitectura.blogs.upv.es\/wp-content\/uploads\/2018\/05\/calle-barrioso04.jpg\"><img loading=\"lazy\" decoding=\"async\" class=\"alignleft size-medium wp-image-7402\" src=\"http:\/\/resarquitectura.blogs.upv.es\/wp-content\/uploads\/2018\/05\/calle-barrioso04-300x180.jpg\" alt=\"\" width=\"300\" height=\"180\" srcset=\"https:\/\/resarquitectura.blogs.upv.es\/wp-content\/uploads\/2018\/05\/calle-barrioso04-300x180.jpg 300w, https:\/\/resarquitectura.blogs.upv.es\/wp-content\/uploads\/2018\/05\/calle-barrioso04-768x460.jpg 768w, https:\/\/resarquitectura.blogs.upv.es\/wp-content\/uploads\/2018\/05\/calle-barrioso04.jpg 886w\" sizes=\"auto, (max-width: 300px) 100vw, 300px\" \/><\/a><\/p>","protected":false},"excerpt":{"rendered":"<p class=\"excerpt\">A\u00f1o: 2004 Ubicaci\u00f3n: C\/ Barrioso, 38, Castielfabib (Valencia) Promotor:&nbsp;Antonio G\u00f3mez Casino Arquitectos: Camilla Mileto, Fernando Vegas Arquitectos colaboradores: Xavier Laumain, Vicente Pa\u00f1ego Lozano Colaboradores: Cristina Gil, Maria Ll\u00e1tser, Anna Escrig, Philipp Eick Aparejador: Juan A. Garc\u00eda Esparza Volver<\/p>\n<p class=\"more-link-p\"><a class=\"btn btn-default\" href=\"https:\/\/resarquitectura.blogs.upv.es\/?page_id=6737\">Read more<\/a><\/p>\n","protected":false},"author":41051,"featured_media":0,"parent":0,"menu_order":0,"comment_status":"closed","ping_status":"closed","template":"","meta":{"ngg_post_thumbnail":0,"footnotes":""},"class_list":["post-6737","page","type-page","status-publish","hentry"],"aioseo_notices":[],"_links":{"self":[{"href":"https:\/\/resarquitectura.blogs.upv.es\/index.php?rest_route=\/wp\/v2\/pages\/6737","targetHints":{"allow":["GET"]}}],"collection":[{"href":"https:\/\/resarquitectura.blogs.upv.es\/index.php?rest_route=\/wp\/v2\/pages"}],"about":[{"href":"https:\/\/resarquitectura.blogs.upv.es\/index.php?rest_route=\/wp\/v2\/types\/page"}],"author":[{"embeddable":true,"href":"https:\/\/resarquitectura.blogs.upv.es\/index.php?rest_route=\/wp\/v2\/users\/41051"}],"replies":[{"embeddable":true,"href":"https:\/\/resarquitectura.blogs.upv.es\/index.php?rest_route=%2Fwp%2Fv2%2Fcomments&post=6737"}],"version-history":[{"count":1,"href":"https:\/\/resarquitectura.blogs.upv.es\/index.php?rest_route=\/wp\/v2\/pages\/6737\/revisions"}],"predecessor-version":[{"id":14045,"href":"https:\/\/resarquitectura.blogs.upv.es\/index.php?rest_route=\/wp\/v2\/pages\/6737\/revisions\/14045"}],"wp:attachment":[{"href":"https:\/\/resarquitectura.blogs.upv.es\/index.php?rest_route=%2Fwp%2Fv2%2Fmedia&parent=6737"}],"curies":[{"name":"wp","href":"https:\/\/api.w.org\/{rel}","templated":true}]}}