{"id":6777,"date":"2018-04-26T09:18:57","date_gmt":"2018-04-26T08:18:57","guid":{"rendered":"http:\/\/resarquitectura.blogs.upv.es\/?page_id=6777"},"modified":"2019-10-04T15:25:45","modified_gmt":"2019-10-04T14:25:45","slug":"el-santuario-de-san-juan-de-la-penagolosa","status":"publish","type":"page","link":"https:\/\/resarquitectura.blogs.upv.es\/?page_id=6777","title":{"rendered":"El Santuario de San Juan de la Pe\u00f1agolosa"},"content":{"rendered":"<p><\/p>\n<p style=\"text-align: justify\"><span style=\"font-family: 'Open Sans', sans-serif;font-size: 16px;font-style: normal;font-weight: 400\"><strong>A\u00f1o:&nbsp;<\/strong>2000-2001<\/span><\/p>\n<p style=\"text-align: justify\"><span style=\"font-family: 'Open Sans', sans-serif;font-size: 16px;font-style: normal;font-weight: 400\"><strong>Ubicaci\u00f3n:<\/strong> Vistabella (Castell\u00f3n)<\/span><\/p>\n<p style=\"text-align: justify\"><span style=\"font-family: 'Open Sans', sans-serif;font-size: 16px;font-style: normal;font-weight: 400\"><strong>Promotor:<\/strong> Conseller\u00eda de Cultura, Educaci\u00f3n y Ciencia de la Comunidad Valenciana<\/span><\/p>\n<p style=\"text-align: justify\"><strong>Arquitectos:<\/strong> Juan Francisco Noguera, Fernando Vegas, Camilla Mileto<\/p>\n<p style=\"text-align: justify\"><strong>Estudio hist\u00f3rico:<\/strong> Violeta Montoli\u00fa, David M. Navarro<\/p>\n<p style=\"text-align: justify\"><strong>Estudiantes:<\/strong> Carolina de Hip\u00f3lito, Jos\u00e9 A. Hidalgo, M\u00aa Jos\u00e9 Mi\u00f1arro, Miguel Noguera, Miguel Ortiz, Vicente Pa\u00f1ego, Andrea Peir\u00f3, M\u00aa Carmen P\u00e9rez, Pablo Sancho<\/p>\n<p><a href=\"http:\/\/resarquitectura.blogs.upv.es\/?page_id=2606\">Volver<\/a><\/p>\n<p><a href=\"http:\/\/resarquitectura.blogs.upv.es\/wp-content\/uploads\/2018\/05\/pe\u00f1agolosa01.jpg\"><img loading=\"lazy\" decoding=\"async\" class=\"alignleft size-medium wp-image-7320\" src=\"http:\/\/resarquitectura.blogs.upv.es\/wp-content\/uploads\/2018\/05\/pe\u00f1agolosa01-300x180.jpg\" alt=\"\" width=\"300\" height=\"180\" srcset=\"https:\/\/resarquitectura.blogs.upv.es\/wp-content\/uploads\/2018\/05\/pe\u00f1agolosa01-300x180.jpg 300w, https:\/\/resarquitectura.blogs.upv.es\/wp-content\/uploads\/2018\/05\/pe\u00f1agolosa01-768x460.jpg 768w, https:\/\/resarquitectura.blogs.upv.es\/wp-content\/uploads\/2018\/05\/pe\u00f1agolosa01.jpg 886w\" sizes=\"auto, (max-width: 300px) 100vw, 300px\" \/><\/a> <a href=\"http:\/\/resarquitectura.blogs.upv.es\/wp-content\/uploads\/2018\/05\/pe\u00f1agolosa02.jpg\"><img loading=\"lazy\" decoding=\"async\" class=\"alignleft size-medium wp-image-7323\" src=\"http:\/\/resarquitectura.blogs.upv.es\/wp-content\/uploads\/2018\/05\/pe\u00f1agolosa02-300x180.jpg\" alt=\"\" width=\"300\" height=\"180\" srcset=\"https:\/\/resarquitectura.blogs.upv.es\/wp-content\/uploads\/2018\/05\/pe\u00f1agolosa02-300x180.jpg 300w, https:\/\/resarquitectura.blogs.upv.es\/wp-content\/uploads\/2018\/05\/pe\u00f1agolosa02-768x460.jpg 768w, https:\/\/resarquitectura.blogs.upv.es\/wp-content\/uploads\/2018\/05\/pe\u00f1agolosa02.jpg 886w\" sizes=\"auto, (max-width: 300px) 100vw, 300px\" \/><\/a> <a href=\"http:\/\/resarquitectura.blogs.upv.es\/wp-content\/uploads\/2018\/05\/pe\u00f1agolosa03.jpg\"><img loading=\"lazy\" decoding=\"async\" class=\"alignleft size-medium wp-image-7325\" src=\"http:\/\/resarquitectura.blogs.upv.es\/wp-content\/uploads\/2018\/05\/pe\u00f1agolosa03-300x180.jpg\" alt=\"\" width=\"300\" height=\"180\" srcset=\"https:\/\/resarquitectura.blogs.upv.es\/wp-content\/uploads\/2018\/05\/pe\u00f1agolosa03-300x180.jpg 300w, https:\/\/resarquitectura.blogs.upv.es\/wp-content\/uploads\/2018\/05\/pe\u00f1agolosa03-768x460.jpg 768w, https:\/\/resarquitectura.blogs.upv.es\/wp-content\/uploads\/2018\/05\/pe\u00f1agolosa03.jpg 886w\" sizes=\"auto, (max-width: 300px) 100vw, 300px\" \/><\/a> <a href=\"http:\/\/resarquitectura.blogs.upv.es\/wp-content\/uploads\/2018\/05\/pe\u00f1agolosa04.jpg\"><img loading=\"lazy\" decoding=\"async\" class=\"alignleft size-medium wp-image-7327\" src=\"http:\/\/resarquitectura.blogs.upv.es\/wp-content\/uploads\/2018\/05\/pe\u00f1agolosa04-300x180.jpg\" alt=\"\" width=\"300\" height=\"180\" srcset=\"https:\/\/resarquitectura.blogs.upv.es\/wp-content\/uploads\/2018\/05\/pe\u00f1agolosa04-300x180.jpg 300w, https:\/\/resarquitectura.blogs.upv.es\/wp-content\/uploads\/2018\/05\/pe\u00f1agolosa04-768x460.jpg 768w, https:\/\/resarquitectura.blogs.upv.es\/wp-content\/uploads\/2018\/05\/pe\u00f1agolosa04.jpg 886w\" sizes=\"auto, (max-width: 300px) 100vw, 300px\" \/><\/a> <a href=\"http:\/\/resarquitectura.blogs.upv.es\/wp-content\/uploads\/2018\/05\/pe\u00f1agolosa05.jpg\"><img loading=\"lazy\" decoding=\"async\" class=\"alignleft size-medium wp-image-7330\" src=\"http:\/\/resarquitectura.blogs.upv.es\/wp-content\/uploads\/2018\/05\/pe\u00f1agolosa05-300x180.jpg\" alt=\"\" width=\"300\" height=\"180\" srcset=\"https:\/\/resarquitectura.blogs.upv.es\/wp-content\/uploads\/2018\/05\/pe\u00f1agolosa05-300x180.jpg 300w, https:\/\/resarquitectura.blogs.upv.es\/wp-content\/uploads\/2018\/05\/pe\u00f1agolosa05-768x460.jpg 768w, https:\/\/resarquitectura.blogs.upv.es\/wp-content\/uploads\/2018\/05\/pe\u00f1agolosa05.jpg 886w\" sizes=\"auto, (max-width: 300px) 100vw, 300px\" \/><\/a> <a href=\"http:\/\/resarquitectura.blogs.upv.es\/wp-content\/uploads\/2018\/05\/pe\u00f1agolosa06.jpg\"><img loading=\"lazy\" decoding=\"async\" class=\"alignleft size-medium wp-image-7333\" src=\"http:\/\/resarquitectura.blogs.upv.es\/wp-content\/uploads\/2018\/05\/pe\u00f1agolosa06-300x180.jpg\" alt=\"\" width=\"300\" height=\"180\" srcset=\"https:\/\/resarquitectura.blogs.upv.es\/wp-content\/uploads\/2018\/05\/pe\u00f1agolosa06-300x180.jpg 300w, https:\/\/resarquitectura.blogs.upv.es\/wp-content\/uploads\/2018\/05\/pe\u00f1agolosa06-768x460.jpg 768w, https:\/\/resarquitectura.blogs.upv.es\/wp-content\/uploads\/2018\/05\/pe\u00f1agolosa06.jpg 886w\" sizes=\"auto, (max-width: 300px) 100vw, 300px\" \/><\/a> <a href=\"http:\/\/resarquitectura.blogs.upv.es\/wp-content\/uploads\/2018\/05\/pe\u00f1agolosa07.jpg\"><img loading=\"lazy\" decoding=\"async\" class=\"alignleft size-medium wp-image-7336\" src=\"http:\/\/resarquitectura.blogs.upv.es\/wp-content\/uploads\/2018\/05\/pe\u00f1agolosa07-300x180.jpg\" alt=\"\" width=\"300\" height=\"180\" srcset=\"https:\/\/resarquitectura.blogs.upv.es\/wp-content\/uploads\/2018\/05\/pe\u00f1agolosa07-300x180.jpg 300w, https:\/\/resarquitectura.blogs.upv.es\/wp-content\/uploads\/2018\/05\/pe\u00f1agolosa07-768x460.jpg 768w, https:\/\/resarquitectura.blogs.upv.es\/wp-content\/uploads\/2018\/05\/pe\u00f1agolosa07.jpg 886w\" sizes=\"auto, (max-width: 300px) 100vw, 300px\" \/><\/a><\/p>","protected":false},"excerpt":{"rendered":"<p class=\"excerpt\">A\u00f1o:&nbsp;2000-2001 Ubicaci\u00f3n: Vistabella (Castell\u00f3n) Promotor: Conseller\u00eda de Cultura, Educaci\u00f3n y Ciencia de la Comunidad Valenciana Arquitectos: Juan Francisco Noguera, Fernando Vegas, Camilla Mileto Estudio hist\u00f3rico: Violeta Montoli\u00fa, David M. Navarro Estudiantes: Carolina de Hip\u00f3lito, Jos\u00e9 A. Hidalgo, M\u00aa Jos\u00e9 Mi\u00f1arro, Miguel Noguera, Miguel Ortiz, Vicente Pa\u00f1ego, Andrea Peir\u00f3, M\u00aa Carmen P\u00e9rez, Pablo Sancho Volver<\/p>\n<p class=\"more-link-p\"><a class=\"btn btn-default\" href=\"https:\/\/resarquitectura.blogs.upv.es\/?page_id=6777\">Read more<\/a><\/p>\n","protected":false},"author":41051,"featured_media":0,"parent":0,"menu_order":0,"comment_status":"closed","ping_status":"closed","template":"","meta":{"ngg_post_thumbnail":0,"footnotes":""},"class_list":["post-6777","page","type-page","status-publish","hentry"],"aioseo_notices":[],"_links":{"self":[{"href":"https:\/\/resarquitectura.blogs.upv.es\/index.php?rest_route=\/wp\/v2\/pages\/6777","targetHints":{"allow":["GET"]}}],"collection":[{"href":"https:\/\/resarquitectura.blogs.upv.es\/index.php?rest_route=\/wp\/v2\/pages"}],"about":[{"href":"https:\/\/resarquitectura.blogs.upv.es\/index.php?rest_route=\/wp\/v2\/types\/page"}],"author":[{"embeddable":true,"href":"https:\/\/resarquitectura.blogs.upv.es\/index.php?rest_route=\/wp\/v2\/users\/41051"}],"replies":[{"embeddable":true,"href":"https:\/\/resarquitectura.blogs.upv.es\/index.php?rest_route=%2Fwp%2Fv2%2Fcomments&post=6777"}],"version-history":[{"count":1,"href":"https:\/\/resarquitectura.blogs.upv.es\/index.php?rest_route=\/wp\/v2\/pages\/6777\/revisions"}],"predecessor-version":[{"id":14033,"href":"https:\/\/resarquitectura.blogs.upv.es\/index.php?rest_route=\/wp\/v2\/pages\/6777\/revisions\/14033"}],"wp:attachment":[{"href":"https:\/\/resarquitectura.blogs.upv.es\/index.php?rest_route=%2Fwp%2Fv2%2Fmedia&parent=6777"}],"curies":[{"name":"wp","href":"https:\/\/api.w.org\/{rel}","templated":true}]}}