{"id":7545,"date":"2018-05-09T12:23:17","date_gmt":"2018-05-09T11:23:17","guid":{"rendered":"http:\/\/resarquitectura.blogs.upv.es\/?page_id=7545"},"modified":"2022-04-04T20:23:02","modified_gmt":"2022-04-04T19:23:02","slug":"homo-faber-arquitectura-preindustrial-del-rincon-de-ademuz","status":"publish","type":"page","link":"https:\/\/resarquitectura.blogs.upv.es\/?page_id=7545","title":{"rendered":"Homo faber. Arquitectura preindustrial del Rinc\u00f3n de Ademuz"},"content":{"rendered":"<p><strong style=\"font-style: normal;font-family: 'Open Sans', sans-serif;font-size: 16px\"><img loading=\"lazy\" decoding=\"async\" class=\"size-medium wp-image-7547 alignleft\" style=\"font-size: 16px\" src=\"http:\/\/resarquitectura.blogs.upv.es\/wp-content\/uploads\/2018\/05\/Homo-faber-low-300x257.jpg\" alt=\"\" width=\"300\" height=\"257\" srcset=\"https:\/\/resarquitectura.blogs.upv.es\/wp-content\/uploads\/2018\/05\/Homo-faber-low-300x257.jpg 300w, https:\/\/resarquitectura.blogs.upv.es\/wp-content\/uploads\/2018\/05\/Homo-faber-low.jpg 472w\" sizes=\"auto, (max-width: 300px) 100vw, 300px\" \/><\/strong><\/p>\n<p><strong>T\u00edtulo completo:&nbsp;<\/strong>Homo faber. Arquitectura preindustrial del Rinc\u00f3n de Ademuz<\/p>\n<p><strong>Autores:&nbsp;<\/strong>Camilla Mileto y Fernando Vegas<\/p>\n<p><strong>A\u00f1o<\/strong><strong>:&nbsp;<\/strong>2008<\/p>\n<p><strong>Edita:&nbsp;<\/strong>Mancomunidad del Rinc\u00f3n de Ademuz<\/p>\n<p><strong>ISBN:&nbsp;<\/strong>978-84-8321-976-8<\/p>\n<p><a href=\"http:\/\/resarquitectura.blogs.upv.es\/wp-content\/uploads\/2022\/04\/6090.pdf\">Descargar&nbsp;<\/a><\/p>\n<p><a href=\"http:\/\/resarquitectura.blogs.upv.es\/?page_id=120\">Volver<\/a><\/p>","protected":false},"excerpt":{"rendered":"<p class=\"excerpt\">T\u00edtulo completo:&nbsp;Homo faber. Arquitectura preindustrial del Rinc\u00f3n de Ademuz Autores:&nbsp;Camilla Mileto y Fernando Vegas A\u00f1o:&nbsp;2008 Edita:&nbsp;Mancomunidad del Rinc\u00f3n de Ademuz ISBN:&nbsp;978-84-8321-976-8 Descargar&nbsp; Volver<\/p>\n<p class=\"more-link-p\"><a class=\"btn btn-default\" href=\"https:\/\/resarquitectura.blogs.upv.es\/?page_id=7545\">Read more<\/a><\/p>\n","protected":false},"author":41051,"featured_media":0,"parent":0,"menu_order":0,"comment_status":"closed","ping_status":"closed","template":"","meta":{"ngg_post_thumbnail":0,"footnotes":""},"class_list":["post-7545","page","type-page","status-publish","hentry"],"aioseo_notices":[],"_links":{"self":[{"href":"https:\/\/resarquitectura.blogs.upv.es\/index.php?rest_route=\/wp\/v2\/pages\/7545","targetHints":{"allow":["GET"]}}],"collection":[{"href":"https:\/\/resarquitectura.blogs.upv.es\/index.php?rest_route=\/wp\/v2\/pages"}],"about":[{"href":"https:\/\/resarquitectura.blogs.upv.es\/index.php?rest_route=\/wp\/v2\/types\/page"}],"author":[{"embeddable":true,"href":"https:\/\/resarquitectura.blogs.upv.es\/index.php?rest_route=\/wp\/v2\/users\/41051"}],"replies":[{"embeddable":true,"href":"https:\/\/resarquitectura.blogs.upv.es\/index.php?rest_route=%2Fwp%2Fv2%2Fcomments&post=7545"}],"version-history":[{"count":1,"href":"https:\/\/resarquitectura.blogs.upv.es\/index.php?rest_route=\/wp\/v2\/pages\/7545\/revisions"}],"predecessor-version":[{"id":20150,"href":"https:\/\/resarquitectura.blogs.upv.es\/index.php?rest_route=\/wp\/v2\/pages\/7545\/revisions\/20150"}],"wp:attachment":[{"href":"https:\/\/resarquitectura.blogs.upv.es\/index.php?rest_route=%2Fwp%2Fv2%2Fmedia&parent=7545"}],"curies":[{"name":"wp","href":"https:\/\/api.w.org\/{rel}","templated":true}]}}