{"id":7557,"date":"2018-05-09T12:31:22","date_gmt":"2018-05-09T11:31:22","guid":{"rendered":"http:\/\/resarquitectura.blogs.upv.es\/?page_id=7557"},"modified":"2023-05-16T10:42:49","modified_gmt":"2023-05-16T09:42:49","slug":"renovar-conservando-manual-para-la-restauracion-de-la-arquitectura-rural-del-rincon-de-ademuz","status":"publish","type":"page","link":"https:\/\/resarquitectura.blogs.upv.es\/?page_id=7557","title":{"rendered":"Renovar conservando. Manual para la restauraci\u00f3n de la arquitectura rural del Rinc\u00f3n de Ademuz"},"content":{"rendered":"<p><img loading=\"lazy\" decoding=\"async\" class=\"size-medium wp-image-7559 alignleft\" style=\"font-style: normal;font-weight: 400;font-family: 'Open Sans', sans-serif;font-size: 16px\" src=\"http:\/\/resarquitectura.blogs.upv.es\/wp-content\/uploads\/2018\/05\/Renovar-conservando-low-289x300.jpg\" alt=\"\" width=\"289\" height=\"300\" srcset=\"https:\/\/resarquitectura.blogs.upv.es\/wp-content\/uploads\/2018\/05\/Renovar-conservando-low-289x300.jpg 289w, https:\/\/resarquitectura.blogs.upv.es\/wp-content\/uploads\/2018\/05\/Renovar-conservando-low.jpg 454w\" sizes=\"auto, (max-width: 289px) 100vw, 289px\" \/><\/p>\n<p style=\"text-align: justify\"><strong>T\u00edtulo completo: <\/strong>Renovar conservando. Manual para la restauraci\u00f3n de la arquitectura rural del Rinc\u00f3n de Ademuz<\/p>\n<p style=\"text-align: justify\"><strong>Autores:&nbsp;<\/strong>Camilla Mileto y Fernando Vegas<\/p>\n<p style=\"text-align: justify\"><strong>A\u00f1o<\/strong><strong>:&nbsp;<\/strong>2007<\/p>\n<p style=\"text-align: justify\"><strong>Edita: <\/strong>Mancomunidad del Rinc\u00f3n de Ademuz<\/p>\n<p style=\"text-align: justify\"><strong>ISBN: <\/strong>978-84-606-4470-5<\/p>\n<p><a href=\"http:\/\/resarquitectura.blogs.upv.es\/wp-content\/uploads\/2023\/05\/LIBRO-RENOVAR-CONSERVANDO-digital.pdf\">Descarga<\/a><\/p>\n<p style=\"text-align: justify\"><a href=\"http:\/\/resarquitectura.blogs.upv.es\/?page_id=120\">Volver<\/a><\/p>\n<p><\/p>","protected":false},"excerpt":{"rendered":"<p class=\"excerpt\">T\u00edtulo completo: Renovar conservando. Manual para la restauraci\u00f3n de la arquitectura rural del Rinc\u00f3n de Ademuz Autores:&nbsp;Camilla Mileto y Fernando Vegas A\u00f1o:&nbsp;2007 Edita: Mancomunidad del Rinc\u00f3n de Ademuz ISBN: 978-84-606-4470-5 Descarga Volver<\/p>\n<p class=\"more-link-p\"><a class=\"btn btn-default\" href=\"https:\/\/resarquitectura.blogs.upv.es\/?page_id=7557\">Read more<\/a><\/p>\n","protected":false},"author":41051,"featured_media":0,"parent":0,"menu_order":0,"comment_status":"closed","ping_status":"closed","template":"","meta":{"ngg_post_thumbnail":0,"footnotes":""},"class_list":["post-7557","page","type-page","status-publish","hentry"],"aioseo_notices":[],"_links":{"self":[{"href":"https:\/\/resarquitectura.blogs.upv.es\/index.php?rest_route=\/wp\/v2\/pages\/7557","targetHints":{"allow":["GET"]}}],"collection":[{"href":"https:\/\/resarquitectura.blogs.upv.es\/index.php?rest_route=\/wp\/v2\/pages"}],"about":[{"href":"https:\/\/resarquitectura.blogs.upv.es\/index.php?rest_route=\/wp\/v2\/types\/page"}],"author":[{"embeddable":true,"href":"https:\/\/resarquitectura.blogs.upv.es\/index.php?rest_route=\/wp\/v2\/users\/41051"}],"replies":[{"embeddable":true,"href":"https:\/\/resarquitectura.blogs.upv.es\/index.php?rest_route=%2Fwp%2Fv2%2Fcomments&post=7557"}],"version-history":[{"count":2,"href":"https:\/\/resarquitectura.blogs.upv.es\/index.php?rest_route=\/wp\/v2\/pages\/7557\/revisions"}],"predecessor-version":[{"id":20537,"href":"https:\/\/resarquitectura.blogs.upv.es\/index.php?rest_route=\/wp\/v2\/pages\/7557\/revisions\/20537"}],"wp:attachment":[{"href":"https:\/\/resarquitectura.blogs.upv.es\/index.php?rest_route=%2Fwp%2Fv2%2Fmedia&parent=7557"}],"curies":[{"name":"wp","href":"https:\/\/api.w.org\/{rel}","templated":true}]}}