{"id":812,"date":"2016-02-17T11:34:10","date_gmt":"2016-02-17T10:34:10","guid":{"rendered":"http:\/\/resarquitectura.blogs.upv.es\/?page_id=812"},"modified":"2025-04-14T15:40:26","modified_gmt":"2025-04-14T14:40:26","slug":"premios","status":"publish","type":"page","link":"https:\/\/resarquitectura.blogs.upv.es\/?page_id=812","title":{"rendered":"Premios"},"content":{"rendered":"<p><\/p>\n\n\n\n<h3 class=\"wp-block-heading has-cyan-bluish-gray-color has-text-color has-link-color wp-elements-5f080405166408fa94ebb91435a7cac1\">Obra construida<\/h3>\n\n\n\n<ul class=\"wp-block-list\">\n<li><strong>Menci\u00f3n de Honor en el Premis d\u2019arquitectura tradicional Toni Cobos (2024)<\/strong> para la actuaci\u00f3n realizada en la <a href=\"https:\/\/www.projectegreta.cat\/ca\/premis-toni-cobos\/premi-toni-cobos-2024\/\">Casa de Sesga en el Rinc\u00f3n de Ademuz (Valencia)<\/a>. 2024<\/li>\n\n\n\n<li><strong>Medalla de Plata en Premios Internazionale Domus Restauro e Conservazione \u2013 Fassa Bortolo <\/strong>por la restauraci\u00f3n de la Torre de Calig (Castell\u00f3n, Espa\u00f1a). 2023<\/li>\n\n\n\n<li><strong>Finalista en el Premio Prix Europ\u00e9en d\u2019Architecture Philippe Rotthier<\/strong> por la <a href=\"http:\/\/www.rotthierprize.be\/index.php\/en\/prizewinners-nominated\">Garden of Memory in Vinar\u00f2s on the ruins of the Convent of San Francisco in Vinar\u00f2s, Spain<\/a>. 2021<\/li>\n\n\n\n<li><strong>1er<\/strong> <strong>Premio de Arquitectura Terra Ib\u00e9rica 2019<\/strong>, categor\u00eda 2 de Edificios de otros usos, por la &#8220;<a href=\"https:\/\/www.diputaciondepalencia.es\/noticia\/20191002\/i-premios-terra-iberica-wwwterraiberica2019com\">Restauraci\u00f3n de la Torre Bofilla de B\u00e9tera (Valencia)<\/a>&#8220;. 2019<\/li>\n\n\n\n<li>Most Outstanding in Memorial Architectura (Mortuary Chapel) en <strong>2019 Design and Build Awards<\/strong>. 2019<\/li>\n\n\n\n<li><strong>Architizer A+Award<\/strong> por el &#8220;<a href=\"https:\/\/architizer.com\/projects\/mortuary-chapel-for-the-soriano-manzanet-family-1\/\">Pante\u00f3n Soriano-Manzanet<\/a>&#8221; de Vila-Real. 2017<\/li>\n\n\n\n<li><strong>Premio Especial Fundaci\u00f3n Casas Hist\u00f3ricas y Singulares<\/strong> por la recuperaci\u00f3n y nuevo uso del edificio \u201cLa Madrina\u201d en Valencia. 2017<\/li>\n\n\n\n<li><strong>The American Architecture Prize AAP 2017<\/strong> (secci\u00f3n Miscellanous Architecture) por el <a href=\"https:\/\/architectureprize.com\/winners\/winner.php?id=2890\">Pante\u00f3n Soriano-Manzanet de Vila-Real<\/a>. 2017<\/li>\n\n\n\n<li><strong>1er Premio del Colegio de Arquitectos de la Comunidad Valenciana<\/strong> (Categor\u00eda: Urbanismo, dise\u00f1o urbano y paisaje) por el \u201c<a href=\"https:\/\/www.tccuadernos.com\/blog\/premios-arquitectura-coacv-2016\/\">Jard\u00edn de la Memoria en Vinaroz<\/a>\u201d. 2017<\/li>\n\n\n\n<li><strong>Menci\u00f3n 11 \u00e8me Prix Europ\u00e9en d\u2019Architecture Philippe Rotthier<\/strong> por la \u201c<a href=\"http:\/\/www.rotthierprize.be\/index.php\/en\/prizewinners-nominated\">Restauration du pont medieval sur la rivi\u00e8re Truchas, Pobleta de San Miguel, Espagne<\/a>&#8220;. 2017<\/li>\n\n\n\n<li><strong>Segundo Premio del Premio Internacional IQU<\/strong> (Riqualificazione Urbana) por el \u201c<a href=\"https:\/\/www.architetti.com\/premio-iqu-2016-il-giardino-della-memoria-gli-spazi-dellex-convento-di-san-francesco.html\">Jard\u00edn de la Memoria<\/a>\u201d. 2016<\/li>\n\n\n\n<li>Finalista en el <span style=\"color: #000000\"><a style=\"color: #000000\" href=\"http:\/\/www.dedalominosse.org\/\"><strong>Premio Internacional Dedalo Minosse \/ International Prize for Commissioning a Building<\/strong><\/a><\/span> otorgado por la asociaci\u00f3n ALA &#8211; Assoarchitetti y la Regi\u00f3n Veneto. 2014<\/li>\n\n\n\n<li><strong>Menci\u00f3n Europa Nostra &#8211; Uni\u00f3n Europea<\/strong> por la restauraci\u00f3n de \u201c<a href=\"http:\/\/www.hispanianostra.org\/premios-patrimonio\/premios-europa-nostra\/premios-convocatorias-anteriores\/\" target=\"_blank\" rel=\"noopener noreferrer\">Torre Bofilla en B\u00e9tera (Valencia)<\/a>&#8220;. 2013<\/li>\n\n\n\n<li><strong>Label Outstanding Earthen Architecture in Europe &#8211; Uni\u00f3n Europea<\/strong> por la restauraci\u00f3n de \u201c<a href=\"http:\/\/www.culture-terra-incognita.org\/best_label\/\" target=\"_blank\" rel=\"noopener noreferrer\">Torre Bofilla en B\u00e9tera (Valencia, Espa\u00f1a)<\/a>&#8220;. 2011<\/li>\n\n\n\n<li><strong>1<sup>er<\/sup> Premio Internazionale Domus Restauro e Conservazione \u2013 Fassa Bortolo<\/strong> por la restauraci\u00f3n de \u201c<a href=\"http:\/\/www.premiorestauro.it\/en\/opere-realizzate1\" target=\"_blank\" rel=\"noopener noreferrer\">Torre Bofilla en B\u00e9tera (Valencia, Espa\u00f1a)<\/a>&#8220;. 2011<\/li>\n\n\n\n<li><strong>Grand Prix (1<sup>er<\/sup> Premio) Europa Nostra &#8211; Uni\u00f3n Europea<\/strong> por la restauraci\u00f3n de \u201c<a href=\"http:\/\/www.europanostra.org\/awards\/49\/\" target=\"_blank\" rel=\"noopener noreferrer\">Conjunto de edificios preindustriales en el Rinc\u00f3n de Ademuz (Valencia, Espa\u00f1a)<\/a>&#8220;. 2011<\/li>\n\n\n\n<li><strong>Medalla Europa Nostra &#8211; Uni\u00f3n Europea<\/strong> por la restauraci\u00f3n de \u201c<a href=\"http:\/\/www.europanostra.org\/laureates-2008\/\" target=\"_blank\" rel=\"noopener noreferrer\">Puente Medieval, R\u00edo de las Truchas, Pobleta de San Miguel<\/a>&#8220;. 2008<\/li>\n<\/ul>\n\n\n\n<p>&nbsp;<\/p>\n\n\n\n<h3 class=\"wp-block-heading has-cyan-bluish-gray-color has-text-color has-link-color wp-elements-246e21c7a080dca23252bbe5c34b84a1\">Concursos de arquitectura<\/h3>\n\n\n\n<ul class=\"wp-block-list\">\n<li>&#8220;<a href=\"https:\/\/www.dipcas.es\/es\/concurso-sant-joan.html\">Cruce de caminos<\/a>&#8220;, propuesta ganadora del <strong>Concurso de ideas para la rehabilitaci\u00f3n del santuario de Sant Joan de Penyagolosa<\/strong>. 2019<\/li>\n\n\n\n<li>2\u00ba Clasificado en el Concurso de ideas para el &#8220;<strong>Proyecto de rehabilitaci\u00f3n, consolidaci\u00f3n y construcci\u00f3n de edificaci\u00f3n de nueva planta de la manzana delimitada por las calles Bordadores, Subida del Toledano y Micalet<\/strong>&#8221; organizado por el Ayuntamiento de Valencia. 2018<\/li>\n\n\n\n<li>2\u00ba Clasificado para el\u00a0<strong>Concurso de ideas para el Concurso de la Casa del Relojero al pie de la Catedral 2018<\/strong>, por el Ayuntamiento de Valencia. 2017<\/li>\n\n\n\n<li>3er Accesit en el concurso para &#8220;<strong>Conversi\u00f3n en Hotel Monumento del Monasterio de Santa Mar\u00eda de Monfero (Galicia)<\/strong>&#8220;, organizado por la Junta de Galicia. 2004<\/li>\n<\/ul>\n\n\n\n<p>&nbsp;<\/p>\n\n\n\n<h3 class=\"wp-block-heading has-cyan-bluish-gray-color has-text-color has-link-color wp-elements-318684b5e6e07e73f589d8c83e12b374\">Investigaci\u00f3n<\/h3>\n\n\n\n<ul class=\"wp-block-list\">\n<li><strong>Premio a la Trayectoria Excelente en Investigaci\u00f3n en la categor\u00eda Arquitectura,<\/strong> Universitat Polit\u00e8cnica de Val\u00e8ncia (2023).<\/li>\n\n\n\n<li><strong>Miembros extranjeros de la Acad\u00e9mie d\u2019Architecture de Francia<\/strong> (2021).<\/li>\n\n\n\n<li><strong>Premio Nacional de Artesan\u00eda<\/strong> de la Escuela de Organizaci\u00f3n Industrial (2021), Ministerio de Industria, por la <a href=\"https:\/\/www.eoi.es\/es\/noticias\/fallados-los-premios-nacionales-de-artesania-2021\">Red Nacional de Maestros de la Construcci\u00f3n Tradicional<\/a>.<\/li>\n\n\n\n<li>Menci\u00f3n en el <strong>Premio de Arquitectura Terra Ib\u00e9rica 2019<\/strong>, categor\u00eda 3 de Innovaci\u00f3n\/Divulgaci\u00f3n, por la monograf\u00eda &#8220;<a href=\"https:\/\/www.diputaciondepalencia.es\/noticia\/20191002\/i-premios-terra-iberica-wwwterraiberica2019com\">La restauraci\u00f3n de la tapia en la Pen\u00ednsula Ib\u00e9rica. Criterios, t\u00e9cnicas, resultados y perspectivas<\/a>&#8220;.<\/li>\n\n\n\n<li>Finalista en el <strong>Premio Europeo AADIPA de Intervenci\u00f3n en el Patrimonio Arquitect\u00f3nico<\/strong>, categor\u00eda Divulgaci\u00f3n, por el libro &#8220;Red de Maestros de Construcci\u00f3n Tradicional&#8221;. 2019<\/li>\n\n\n\n<li>Finalista en el <strong>Premio Europeo AADIPA de Intervenci\u00f3n en el Patrimonio Arquitect\u00f3nico<\/strong>, categor\u00eda Divulgaci\u00f3n, por el libro &#8220;<a href=\"https:\/\/eu-architecturalheritage.org\/es\/archivo\/d\/BZjPpQD61n2A7z4Eo3M9JVyKOrgxo5\">Centro hist\u00f3rico de Valencia. Ocho siglos de arquitectura residencial<\/a>&#8220;. 2019<\/li>\n\n\n\n<li><strong>Menci\u00f3n Especial Europa Nostra &#8211; Uni\u00f3n Europea<\/strong> por la &#8220;<a href=\"https:\/\/www.europanostra.org\/2019-european-heritage-awards-europa-nostra-awards-special-mentions\/\">Red de Maestros de Construcci\u00f3n Tradicional<\/a>&#8221; (2019) en la categor\u00eda &#8220;Education, Training and Awareness-raising&#8221;. 2019<\/li>\n\n\n\n<li><strong>Premio Hispania Nostra<\/strong> por la &#8220;<a href=\"https:\/\/premios.hispanianostra.org\/portfolio\/2019-red-nacional-de-maestros-de-la-construccion-tradicional\/\">Red de Maestros de Construcci\u00f3n Tradicional<\/a>&#8221; (2019) en la Categor\u00eda 2: Premio a la &#8220;Conservaci\u00f3n del Patrimonio como factor de desarrollo econ\u00f3mico y social&#8221;.<\/li>\n\n\n\n<li><strong>CIAV Award 2017<\/strong> for \u201c<a href=\"http:\/\/www.fundacionantoniofontdebedoya.es\/premio-ciav-2017\/\">SosTierra2017, International Conference on Vernacular Earthen Architecture, Conservation and Sustainability<\/a>\u201d. 2017<\/li>\n\n\n\n<li><strong>Martin E. Weaver Award<\/strong> for the most outstanding article demonstrating excellence in the history of technology, training and education in historic preservation. 2017<\/li>\n\n\n\n<li><strong>1er Premio Europeo AADIPA de Intervenci\u00f3n en el Patrimonio Arquitect\u00f3nico<\/strong>, Categor\u00eda Divulgaci\u00f3n, por el proyecto \u201c<a href=\"https:\/\/eu-architecturalheritage.org\/es\/archivo\/contest4s\/79\">VERsus: Lessons from Vernacular Heritage in Sustainable Architecture<\/a>&#8220;. 2017<\/li>\n\n\n\n<li>Honorable Mention en <strong>INTBAU Excellence Awards<\/strong> (category of Community Engagement) para \u201c<a href=\"http:\/\/www.intbau.org\/2016-excellence-awards-honourable-mentions\/\">Talleres de arquitectura tradicional en el Rinc\u00f3n de Ademuz<\/a>\u201d. 2016<\/li>\n\n\n\n<li>Finalista en el <strong>Premio Europeo AADIPA de Intervenci\u00f3n en el Patrimonio Arquitect\u00f3nico<\/strong>, categor\u00eda Divulgaci\u00f3n, por el libro &#8220;La restauraci\u00f3n de la tapia en la pen\u00ednsula ib\u00e9rica. Criterios, t\u00e9cnicas, resultados, perspectivas&#8221;. 2015<\/li>\n\n\n\n<li><strong>1er Premio Europeo AADIPA de Intervenci\u00f3n en el Patrimonio Arquitect\u00f3nico<\/strong>, categor\u00eda Divulgaci\u00f3n, por el libro &#8220;<a href=\"https:\/\/eu-architecturalheritage.org\/es\/archivo\/d\/5NVxqKoLODJn2zARX3RMe9wBrvbpX7\">Homo Faber. Arquitectura preindustrial del Rinc\u00f3n de Ademuz<\/a>&#8220;. 2013<\/li>\n\n\n\n<li><strong>Premio de Investigaci\u00f3n Concepci\u00f3n Arenal de Humanidades (IV edici\u00f3n) <\/strong>por el trabajo titulado \u201c<a href=\"https:\/\/www.udc.es\/goberno\/equipo_reitoral\/vcfrs\/premios_investigacion\/premiados\/index.html\" target=\"_blank\" rel=\"noopener noreferrer\">Tras las huellas de la Torre de Babel. Primer proyecto espa\u00f1ol para la reconstrucci\u00f3n del monumento<\/a>\u201d. Investigador principal: Juan Luis Montero Fenoll\u00f3s. Investigadores: Fernando Vegas, Camilla Mileto. 2004<\/li>\n\n\n\n<li><strong>Menci\u00f3n HWH West Award for Best Paper by a Young Reserarcher <\/strong>por el paper Camilla Mileto y Fernando Vegas \u201cTraditional Techniques in masonry buildings at Rinc\u00f3n de Ademuz (Valencia)\u201d, en \u201c10<sup>th<\/sup> Canadian Masonry Symposium\u201d, Banff, Alberta \u2013Canada. 2005<\/li>\n\n\n\n<li><strong>1<sup>er<\/sup> Premio Europa Nostra &#8211; Uni\u00f3n Europea<\/strong> por el &#8220;<a href=\"http:\/\/www.europanostra.org\/laureates-2003\/\" target=\"_blank\" rel=\"noopener noreferrer\">Proyecto piloto para la restauraci\u00f3n de casas tradicionales en el Rinc\u00f3n de Ademuz<\/a>&#8220;. 2003<\/li>\n<\/ul>\n\n\n\n<p>&nbsp;<\/p>\n\n\n\n<h3 class=\"wp-block-heading has-cyan-bluish-gray-color has-text-color has-link-color wp-elements-0d318d4fb6187ada6cbc5b464da2f324\">Publicaciones<\/h3>\n\n\n\n<ul class=\"wp-block-list\">\n<li><strong>1er Premi ex-aequo, Premis d\u2019arquitectura tradicional Toni Cobos &#8211; Categor\u00eda B<\/strong> por el libro &#8220;<a href=\"https:\/\/www.projectegreta.cat\/ca\/premis-toni-cobos\/premi-toni-cobos-2024\/\">Rehabilitando el Cabanyal. Un recorrido arquitect\u00f3nico por el barrio del Cabanyal, el Canyamelar y el Cap de Fran\u00e7a<\/a>\u201d. 2024<\/li>\n\n\n\n<li><strong>Premio Terra Ib\u00e9rica 2023 en la categor\u00eda de \u201cInnovaci\u00f3n y Divulgaci\u00f3n\u201d<\/strong> por el libro &#8220;<a href=\"https:\/\/tectonica.archi\/articles\/premio-de-arquitectura-terra-iberica-2023\/\">Proyecto Coremans: Criterios de intervenci\u00f3n en la arquitectura de tierra<\/a>. 2023<\/li>\n\n\n\n<li><strong>1er Premio Europeo AADIPA de Intervenci\u00f3n en el Patrimonio Arquitect\u00f3nico<\/strong>, Categor\u00eda Divulgaci\u00f3n, por el proyecto \u201c<a href=\"https:\/\/eu-architecturalheritage.org\/es\/archivo\/contest4s\/79\">VERsus: Lessons from Vernacular Heritage in Sustainable Architecture<\/a>&#8220;. 2017<\/li>\n\n\n\n<li><strong>1er Premio en &#8220;J&#8217;aime le Livre d&#8217;Art&#8221;<\/strong> a la versi\u00f3n francesa Habiter la plen\u00e8te, Flammarion &#8211; Vernacular Responses to Climate across the European Continent. 2017<\/li>\n\n\n\n<li>Finalista en el <strong>Premio Europeo AADIPA de Intervenci\u00f3n en el Patrimonio Arquitect\u00f3nico<\/strong>, categor\u00eda Divulgaci\u00f3n, por el libro &#8220;La restauraci\u00f3n de la tapia en la pen\u00ednsula ib\u00e9rica. Criterios, t\u00e9cnicas, resultados, perspectivas&#8221;. 2015<\/li>\n\n\n\n<li><strong>1er Premio\u00a0de Investigaci\u00f3n Sandalio Miguel y Mar\u00eda Aparicio <\/strong>\u201cEstudio de las carencias y necesidades de la ciudad de Valencia: Soluciones aplicables\u201d (XV edici\u00f3n) por el trabajo \u201cCentro hist\u00f3rico de Valencia. Ocho siglos de arquitectura residencial\u201d Investigadores: Fernando vegas y Camilla Mileto. 2014<\/li>\n\n\n\n<li><strong>1er Premio Europeo AADIPA de Intervenci\u00f3n en el Patrimonio Arquitect\u00f3nico<\/strong>, categor\u00eda Divulgaci\u00f3n, por el libro &#8220;<a href=\"https:\/\/eu-architecturalheritage.org\/es\/archivo\/d\/5NVxqKoLODJn2zARX3RMe9wBrvbpX7\">Homo Faber. Arquitectura preindustrial del Rinc\u00f3n de Ademuz<\/a>&#8220;. 2013<\/li>\n\n\n\n<li>Finalista en el<strong> Premio Europeo AADIPA de Intervenci\u00f3n en el Patrimonio Arquitect\u00f3nico<\/strong>, categor\u00eda Divulgaci\u00f3n por el libro &#8220;<a href=\"https:\/\/eu-architecturalheritage.org\/es\/archivo\/contest4s\/48\">Aprendiendo a restaurar. Un manual de restauraci\u00f3n de la arquitectura de la Comunidad Valenciana<\/a>&#8220;. 2013<\/li>\n<\/ul>\n\n\n\n<p>&nbsp;<\/p>\n\n\n\n<h3 class=\"wp-block-heading has-cyan-bluish-gray-color has-text-color has-link-color wp-elements-aeaec4a95029df578078345bab7e6ed7\">Docencia<\/h3>\n\n\n\n<ul class=\"wp-block-list\">\n<li>Premio al <strong>Mejor proyecto de innovaci\u00f3n y mejora educativa del curso acad\u00e9mico 2016-2017<\/strong>, por el proyecto &#8220;Con las Manos&#8221;. 2018<\/li>\n\n\n\n<li><strong>International Prize &#8220;Domus Restoration and Preservation Fassa Bortolo&#8221;<\/strong>, Special Prize for International Education Section. Asignatura &#8220;Restauraci\u00f3n Arquitect\u00f3nica&#8221;, curso 2015-2016. 2017<\/li>\n<\/ul>\n\n\n\n<p>&nbsp;<\/p>\n\n\n\n<p><a href=\"http:\/\/resarquitectura.blogs.upv.es\/\" target=\"_blank\" rel=\"noopener noreferrer\">Volver<\/a><\/p>","protected":false},"excerpt":{"rendered":"<p class=\"excerpt\">Obra construida &nbsp; Concursos de arquitectura &nbsp; Investigaci\u00f3n &nbsp; Publicaciones &nbsp; Docencia &nbsp; Volver<\/p>\n<p class=\"more-link-p\"><a class=\"btn btn-default\" href=\"https:\/\/resarquitectura.blogs.upv.es\/?page_id=812\">Read more<\/a><\/p>\n","protected":false},"author":41051,"featured_media":0,"parent":0,"menu_order":0,"comment_status":"closed","ping_status":"closed","template":"","meta":{"ngg_post_thumbnail":0,"footnotes":""},"class_list":["post-812","page","type-page","status-publish","hentry"],"aioseo_notices":[],"_links":{"self":[{"href":"https:\/\/resarquitectura.blogs.upv.es\/index.php?rest_route=\/wp\/v2\/pages\/812","targetHints":{"allow":["GET"]}}],"collection":[{"href":"https:\/\/resarquitectura.blogs.upv.es\/index.php?rest_route=\/wp\/v2\/pages"}],"about":[{"href":"https:\/\/resarquitectura.blogs.upv.es\/index.php?rest_route=\/wp\/v2\/types\/page"}],"author":[{"embeddable":true,"href":"https:\/\/resarquitectura.blogs.upv.es\/index.php?rest_route=\/wp\/v2\/users\/41051"}],"replies":[{"embeddable":true,"href":"https:\/\/resarquitectura.blogs.upv.es\/index.php?rest_route=%2Fwp%2Fv2%2Fcomments&post=812"}],"version-history":[{"count":2,"href":"https:\/\/resarquitectura.blogs.upv.es\/index.php?rest_route=\/wp\/v2\/pages\/812\/revisions"}],"predecessor-version":[{"id":21557,"href":"https:\/\/resarquitectura.blogs.upv.es\/index.php?rest_route=\/wp\/v2\/pages\/812\/revisions\/21557"}],"wp:attachment":[{"href":"https:\/\/resarquitectura.blogs.upv.es\/index.php?rest_route=%2Fwp%2Fv2%2Fmedia&parent=812"}],"curies":[{"name":"wp","href":"https:\/\/api.w.org\/{rel}","templated":true}]}}