{"id":8571,"date":"2018-07-05T15:09:36","date_gmt":"2018-07-05T14:09:36","guid":{"rendered":"http:\/\/resarquitectura.blogs.upv.es\/?page_id=8571"},"modified":"2019-10-04T16:06:06","modified_gmt":"2019-10-04T15:06:06","slug":"estudio-marco-y-plan-de-etapas-del-castillo-de-la-vilavella","status":"publish","type":"page","link":"https:\/\/resarquitectura.blogs.upv.es\/?page_id=8571","title":{"rendered":"Estudio, marco y plan de etapas del Castillo de La Vilavella"},"content":{"rendered":"<p><strong>A\u00f1o:&nbsp;<\/strong>2018<\/p>\n<p><strong>Ubicaci\u00f3n:<\/strong>&nbsp;La Vilavella (Castell\u00f3n)<\/p>\n<p><strong>Promotor:<\/strong> Ayuntamiento de La Vilavella<\/p>\n<p><strong>Arquitectos:<\/strong>&nbsp;Camilla Mileto y Fernando Vegas<\/p>\n<p><strong>Colaboradores:&nbsp;<\/strong>M. Soledad Garc\u00eda S\u00e1ez, Alicia Hueto Escobar, Lidia Garc\u00eda Soriano,&nbsp;Pablo Rodr\u00edguez Navarro, M\u00aa Teresa Gil Piqueras<\/p>\n<p><a href=\"http:\/\/resarquitectura.blogs.upv.es\/?page_id=2606\">Volver<\/a><\/p>\n<p><a href=\"http:\/\/resarquitectura.blogs.upv.es\/wp-content\/uploads\/2018\/07\/vilavella1.jpg\"><img loading=\"lazy\" decoding=\"async\" class=\"alignleft size-medium wp-image-8549\" src=\"http:\/\/resarquitectura.blogs.upv.es\/wp-content\/uploads\/2018\/07\/vilavella1-300x180.jpg\" alt=\"\" width=\"300\" height=\"180\" srcset=\"https:\/\/resarquitectura.blogs.upv.es\/wp-content\/uploads\/2018\/07\/vilavella1-300x180.jpg 300w, https:\/\/resarquitectura.blogs.upv.es\/wp-content\/uploads\/2018\/07\/vilavella1-768x460.jpg 768w, https:\/\/resarquitectura.blogs.upv.es\/wp-content\/uploads\/2018\/07\/vilavella1.jpg 886w\" sizes=\"auto, (max-width: 300px) 100vw, 300px\" \/><\/a> <a href=\"http:\/\/resarquitectura.blogs.upv.es\/wp-content\/uploads\/2018\/07\/vilavella6-1.jpg\"><img loading=\"lazy\" decoding=\"async\" class=\"alignleft size-medium wp-image-8554\" src=\"http:\/\/resarquitectura.blogs.upv.es\/wp-content\/uploads\/2018\/07\/vilavella6-1-300x180.jpg\" alt=\"\" width=\"300\" height=\"180\" srcset=\"https:\/\/resarquitectura.blogs.upv.es\/wp-content\/uploads\/2018\/07\/vilavella6-1-300x180.jpg 300w, https:\/\/resarquitectura.blogs.upv.es\/wp-content\/uploads\/2018\/07\/vilavella6-1-768x460.jpg 768w, https:\/\/resarquitectura.blogs.upv.es\/wp-content\/uploads\/2018\/07\/vilavella6-1.jpg 886w\" sizes=\"auto, (max-width: 300px) 100vw, 300px\" \/><\/a> <a href=\"http:\/\/resarquitectura.blogs.upv.es\/wp-content\/uploads\/2018\/07\/vilavella2.jpg\"><img loading=\"lazy\" decoding=\"async\" class=\"alignleft size-medium wp-image-8532\" src=\"http:\/\/resarquitectura.blogs.upv.es\/wp-content\/uploads\/2018\/07\/vilavella2-300x180.jpg\" alt=\"\" width=\"300\" height=\"180\" srcset=\"https:\/\/resarquitectura.blogs.upv.es\/wp-content\/uploads\/2018\/07\/vilavella2-300x180.jpg 300w, https:\/\/resarquitectura.blogs.upv.es\/wp-content\/uploads\/2018\/07\/vilavella2-768x460.jpg 768w, https:\/\/resarquitectura.blogs.upv.es\/wp-content\/uploads\/2018\/07\/vilavella2.jpg 886w\" sizes=\"auto, (max-width: 300px) 100vw, 300px\" \/><\/a> <a href=\"http:\/\/resarquitectura.blogs.upv.es\/wp-content\/uploads\/2018\/07\/vilavella3.jpg\"><img loading=\"lazy\" decoding=\"async\" class=\"alignleft size-medium wp-image-8537\" src=\"http:\/\/resarquitectura.blogs.upv.es\/wp-content\/uploads\/2018\/07\/vilavella3-300x180.jpg\" alt=\"\" width=\"300\" height=\"180\" srcset=\"https:\/\/resarquitectura.blogs.upv.es\/wp-content\/uploads\/2018\/07\/vilavella3-300x180.jpg 300w, https:\/\/resarquitectura.blogs.upv.es\/wp-content\/uploads\/2018\/07\/vilavella3-768x460.jpg 768w, https:\/\/resarquitectura.blogs.upv.es\/wp-content\/uploads\/2018\/07\/vilavella3.jpg 886w\" sizes=\"auto, (max-width: 300px) 100vw, 300px\" \/><\/a> <a href=\"http:\/\/resarquitectura.blogs.upv.es\/wp-content\/uploads\/2018\/07\/vilavella4.jpg\"><img loading=\"lazy\" decoding=\"async\" class=\"alignleft size-medium wp-image-8540\" src=\"http:\/\/resarquitectura.blogs.upv.es\/wp-content\/uploads\/2018\/07\/vilavella4-300x180.jpg\" alt=\"\" width=\"300\" height=\"180\" srcset=\"https:\/\/resarquitectura.blogs.upv.es\/wp-content\/uploads\/2018\/07\/vilavella4-300x180.jpg 300w, https:\/\/resarquitectura.blogs.upv.es\/wp-content\/uploads\/2018\/07\/vilavella4-768x460.jpg 768w, https:\/\/resarquitectura.blogs.upv.es\/wp-content\/uploads\/2018\/07\/vilavella4.jpg 886w\" sizes=\"auto, (max-width: 300px) 100vw, 300px\" \/><\/a> <a href=\"http:\/\/resarquitectura.blogs.upv.es\/wp-content\/uploads\/2018\/07\/vilavella5.jpg\"><img loading=\"lazy\" decoding=\"async\" class=\"alignleft size-medium wp-image-8543\" src=\"http:\/\/resarquitectura.blogs.upv.es\/wp-content\/uploads\/2018\/07\/vilavella5-300x180.jpg\" alt=\"\" width=\"300\" height=\"180\" srcset=\"https:\/\/resarquitectura.blogs.upv.es\/wp-content\/uploads\/2018\/07\/vilavella5-300x180.jpg 300w, https:\/\/resarquitectura.blogs.upv.es\/wp-content\/uploads\/2018\/07\/vilavella5-768x460.jpg 768w, https:\/\/resarquitectura.blogs.upv.es\/wp-content\/uploads\/2018\/07\/vilavella5.jpg 886w\" sizes=\"auto, (max-width: 300px) 100vw, 300px\" \/><\/a><\/p>","protected":false},"excerpt":{"rendered":"<p class=\"excerpt\">A\u00f1o:&nbsp;2018 Ubicaci\u00f3n:&nbsp;La Vilavella (Castell\u00f3n) Promotor: Ayuntamiento de La Vilavella Arquitectos:&nbsp;Camilla Mileto y Fernando Vegas Colaboradores:&nbsp;M. Soledad Garc\u00eda S\u00e1ez, Alicia Hueto Escobar, Lidia Garc\u00eda Soriano,&nbsp;Pablo Rodr\u00edguez Navarro, M\u00aa Teresa Gil Piqueras Volver<\/p>\n<p class=\"more-link-p\"><a class=\"btn btn-default\" href=\"https:\/\/resarquitectura.blogs.upv.es\/?page_id=8571\">Read more<\/a><\/p>\n","protected":false},"author":48944,"featured_media":0,"parent":0,"menu_order":0,"comment_status":"closed","ping_status":"closed","template":"","meta":{"ngg_post_thumbnail":0,"footnotes":""},"class_list":["post-8571","page","type-page","status-publish","hentry"],"aioseo_notices":[],"_links":{"self":[{"href":"https:\/\/resarquitectura.blogs.upv.es\/index.php?rest_route=\/wp\/v2\/pages\/8571","targetHints":{"allow":["GET"]}}],"collection":[{"href":"https:\/\/resarquitectura.blogs.upv.es\/index.php?rest_route=\/wp\/v2\/pages"}],"about":[{"href":"https:\/\/resarquitectura.blogs.upv.es\/index.php?rest_route=\/wp\/v2\/types\/page"}],"author":[{"embeddable":true,"href":"https:\/\/resarquitectura.blogs.upv.es\/index.php?rest_route=\/wp\/v2\/users\/48944"}],"replies":[{"embeddable":true,"href":"https:\/\/resarquitectura.blogs.upv.es\/index.php?rest_route=%2Fwp%2Fv2%2Fcomments&post=8571"}],"version-history":[{"count":1,"href":"https:\/\/resarquitectura.blogs.upv.es\/index.php?rest_route=\/wp\/v2\/pages\/8571\/revisions"}],"predecessor-version":[{"id":14096,"href":"https:\/\/resarquitectura.blogs.upv.es\/index.php?rest_route=\/wp\/v2\/pages\/8571\/revisions\/14096"}],"wp:attachment":[{"href":"https:\/\/resarquitectura.blogs.upv.es\/index.php?rest_route=%2Fwp%2Fv2%2Fmedia&parent=8571"}],"curies":[{"name":"wp","href":"https:\/\/api.w.org\/{rel}","templated":true}]}}