{"id":8585,"date":"2018-07-05T15:27:12","date_gmt":"2018-07-05T14:27:12","guid":{"rendered":"http:\/\/resarquitectura.blogs.upv.es\/?page_id=8585"},"modified":"2024-10-03T10:01:07","modified_gmt":"2024-10-03T09:01:07","slug":"proyecto-de-restauracion-de-la-torreta-del-castillo-de-jerica-3","status":"publish","type":"page","link":"https:\/\/resarquitectura.blogs.upv.es\/?page_id=8585","title":{"rendered":"Proyecto de restauraci\u00f3n de la torreta del Castillo de J\u00e9rica"},"content":{"rendered":"<p><\/p>\n<p style=\"text-align: justify\"><strong>A\u00f1o:&nbsp;<\/strong>2018-2019<\/p>\n<p style=\"text-align: justify\"><strong>Emplazamiento:<\/strong>&nbsp;J\u00e9rica (Castell\u00f3n)<\/p>\n<p style=\"text-align: justify\"><strong>Promotor:<\/strong>&nbsp;Ayuntamiento de J\u00e9rica<\/p>\n<p style=\"text-align: justify\"><strong>Arquitectos:<\/strong>&nbsp;Camilla Mileto y Fernando Vegas<\/p>\n<p style=\"text-align: justify\"><strong>Colaboradores:&nbsp;<\/strong>M. Soledad Garc\u00eda S\u00e1ez, Giorgia Di Domenico, Marina Elia, M\u00aa Teresa Gil Piqueras, Pablo Rodr\u00edguez Navarro, Laura Villacampa Crespo, Alicia Hueto Escobar, Mar\u00eda Lid\u00f3n de Miguel, Sergio Manzano Fern\u00e1ndez<\/p>\n<p><strong>Arquitecto t\u00e9cnico:<\/strong> Salvador Tom\u00e1s M\u00e1rquez<\/p>\n<p style=\"text-align: justify\"><strong>Estudio hist\u00f3rico:<\/strong>&nbsp;Andrea Lamas Domingo, Luis Lozano P\u00e9rez<\/p>\n<p>ngg_shortcode_0_placeholder<a href=\"http:\/\/resarquitectura.blogs.upv.es\/?page_id=92\">Volver<\/a><\/p>","protected":false},"excerpt":{"rendered":"<p class=\"excerpt\">A\u00f1o:&nbsp;2018-2019 Emplazamiento:&nbsp;J\u00e9rica (Castell\u00f3n) Promotor:&nbsp;Ayuntamiento de J\u00e9rica Arquitectos:&nbsp;Camilla Mileto y Fernando Vegas Colaboradores:&nbsp;M. Soledad Garc\u00eda S\u00e1ez, Giorgia Di Domenico, Marina Elia, M\u00aa Teresa Gil Piqueras, Pablo Rodr\u00edguez Navarro, Laura Villacampa Crespo, Alicia Hueto Escobar, Mar\u00eda Lid\u00f3n de Miguel, Sergio Manzano Fern\u00e1ndez Arquitecto t\u00e9cnico: Salvador Tom\u00e1s M\u00e1rquez Estudio hist\u00f3rico:&nbsp;Andrea Lamas Domingo, Luis Lozano P\u00e9rez Volver<\/p>\n<p class=\"more-link-p\"><a class=\"btn btn-default\" href=\"https:\/\/resarquitectura.blogs.upv.es\/?page_id=8585\">Read more<\/a><\/p>\n","protected":false},"author":25732,"featured_media":0,"parent":0,"menu_order":0,"comment_status":"closed","ping_status":"closed","template":"","meta":{"ngg_post_thumbnail":0,"footnotes":""},"class_list":["post-8585","page","type-page","status-publish","hentry"],"aioseo_notices":[],"_links":{"self":[{"href":"https:\/\/resarquitectura.blogs.upv.es\/index.php?rest_route=\/wp\/v2\/pages\/8585","targetHints":{"allow":["GET"]}}],"collection":[{"href":"https:\/\/resarquitectura.blogs.upv.es\/index.php?rest_route=\/wp\/v2\/pages"}],"about":[{"href":"https:\/\/resarquitectura.blogs.upv.es\/index.php?rest_route=\/wp\/v2\/types\/page"}],"author":[{"embeddable":true,"href":"https:\/\/resarquitectura.blogs.upv.es\/index.php?rest_route=\/wp\/v2\/users\/25732"}],"replies":[{"embeddable":true,"href":"https:\/\/resarquitectura.blogs.upv.es\/index.php?rest_route=%2Fwp%2Fv2%2Fcomments&post=8585"}],"version-history":[{"count":2,"href":"https:\/\/resarquitectura.blogs.upv.es\/index.php?rest_route=\/wp\/v2\/pages\/8585\/revisions"}],"predecessor-version":[{"id":21372,"href":"https:\/\/resarquitectura.blogs.upv.es\/index.php?rest_route=\/wp\/v2\/pages\/8585\/revisions\/21372"}],"wp:attachment":[{"href":"https:\/\/resarquitectura.blogs.upv.es\/index.php?rest_route=%2Fwp%2Fv2%2Fmedia&parent=8585"}],"curies":[{"name":"wp","href":"https:\/\/api.w.org\/{rel}","templated":true}]}}